{"id":998,"date":"2022-08-09T05:01:39","date_gmt":"2022-08-09T05:01:39","guid":{"rendered":"https:\/\/amandynesteropes.live-website.com\/?post_type=product&#038;p=998"},"modified":"2022-09-05T17:49:27","modified_gmt":"2022-09-05T17:49:27","slug":"mug-spiritus-ou-la-liberte","status":"publish","type":"product","link":"https:\/\/amandynesteropes.com\/en\/product\/mug-spiritus-ou-la-liberte\/","title":{"rendered":"Mug Spiritus ou La Libert\u00e9"},"content":{"rendered":"<ul>\n<li>Bord bomb\u00e9 en acier fin<\/li>\n<li>Contenance : 300ml<\/li>\n<li>Poids : 129g<\/li>\n<li>Diam\u00e8tre : 8,5cm<\/li>\n<li>Hauteur : 8cm<\/li>\n<li>Utilisation : adapt\u00e9 au lave-vaisselle &#8211; NON adapt\u00e9 au micro-ondes<\/li>\n<\/ul>","protected":false},"excerpt":{"rendered":"<p>Avec son cerclage m\u00e9tallique, ce\u00a0<strong>mug en acier \u00e9maill\u00e9 blanc<\/strong>\u00a0poss\u00e8de un look d\u00e9finitivement vintage. Son aspect rappelle les grandes tasses des campeurs et randonneurs, et on y trouverait presque un petit air de far west \ud83d\ude42<\/p>\n<p>Tr\u00e8s r\u00e9sistant aux chocs, il sera le compagnon parfait de votre quotidien, pour chiller devant Netflix en mode chocolat chaud, pour bosser en mode caf\u00e9, pos\u00e9 sur votre bureau ou pour ravir vos invit\u00e9s avec sa touche d\u00e9finitivement arty, et pour cause ! Il est directement d\u00e9clin\u00e9 des oeuvres uniques\u00a0<strong>Spiritus<\/strong>\u00a0et la<strong>\u00a0Libert\u00e9\u00a0<\/strong>de la jeune artiste peintre<a href=\"https:\/\/www.xoxo-frames.com\/peinture\/amandyne-steropes\/\">\u00a0Amandyne Sterop\u00eas<\/a>.<\/p>\n<p><strong>Hyper l\u00e9ger et incassable\u00a0<\/strong>(enfin, il faut vraiment le vouloir sinon !), ce mod\u00e8le est\u00a0<strong>tr\u00e8s tendance<\/strong>.<\/p>","protected":false},"featured_media":1030,"template":"","meta":{"_et_pb_use_builder":"","_et_pb_old_content":"","_et_gb_content_width":""},"product_cat":[52],"product_tag":[],"class_list":["post-998","product","type-product","status-publish","has-post-thumbnail","hentry","product_cat-mug","product_shipping_class-mug"],"yoast_head":"<!-- This site is optimized with the Yoast SEO plugin v27.4 - https:\/\/yoast.com\/product\/yoast-seo-wordpress\/ -->\n<title>Mug Spiritus ou La Libert\u00e9 - Amandyne Steropes<\/title>\n<meta name=\"robots\" content=\"index, follow, max-snippet:-1, max-image-preview:large, max-video-preview:-1\" \/>\n<link rel=\"canonical\" href=\"https:\/\/amandynesteropes.com\/en\/product\/mug-spiritus-ou-la-liberte\/\" \/>\n<meta property=\"og:locale\" content=\"en_US\" \/>\n<meta property=\"og:type\" content=\"article\" \/>\n<meta property=\"og:title\" content=\"Mug Spiritus ou La Libert\u00e9 - Amandyne Steropes\" \/>\n<meta property=\"og:description\" content=\"Avec son cerclage m\u00e9tallique, ce\u00a0mug en acier \u00e9maill\u00e9 blanc\u00a0poss\u00e8de un look d\u00e9finitivement vintage. Son aspect rappelle les grandes tasses des campeurs et randonneurs, et on y trouverait presque un petit air de far west :)  Tr\u00e8s r\u00e9sistant aux chocs, il sera le compagnon parfait de votre quotidien, pour chiller devant Netflix en mode chocolat chaud, pour bosser en mode caf\u00e9, pos\u00e9 sur votre bureau ou pour ravir vos invit\u00e9s avec sa touche d\u00e9finitivement arty, et pour cause ! Il est directement d\u00e9clin\u00e9 des oeuvres uniques\u00a0Spiritus\u00a0et la\u00a0Libert\u00e9\u00a0de la jeune artiste peintre\u00a0Amandyne Sterop\u00eas.  Hyper l\u00e9ger et incassable\u00a0(enfin, il faut vraiment le vouloir sinon !), ce mod\u00e8le est\u00a0tr\u00e8s tendance.\" \/>\n<meta property=\"og:url\" content=\"https:\/\/amandynesteropes.com\/en\/product\/mug-spiritus-ou-la-liberte\/\" \/>\n<meta property=\"og:site_name\" content=\"Amandyne Steropes\" \/>\n<meta property=\"article:publisher\" content=\"https:\/\/www.facebook.com\/amandine.goitre\" \/>\n<meta property=\"article:modified_time\" content=\"2022-09-05T17:49:27+00:00\" \/>\n<meta property=\"og:image\" content=\"https:\/\/amandynesteropes.com\/wp-content\/uploads\/2022\/08\/Mug-Spiritus-homme.png\" \/>\n\t<meta property=\"og:image:width\" content=\"447\" \/>\n\t<meta property=\"og:image:height\" content=\"625\" \/>\n\t<meta property=\"og:image:type\" content=\"image\/png\" \/>\n<meta name=\"twitter:card\" content=\"summary_large_image\" \/>\n<meta name=\"twitter:label1\" content=\"Est. reading time\" \/>\n\t<meta name=\"twitter:data1\" content=\"1 minute\" \/>\n<script type=\"application\/ld+json\" class=\"yoast-schema-graph\">{\"@context\":\"https:\\\/\\\/schema.org\",\"@graph\":[{\"@type\":\"WebPage\",\"@id\":\"https:\\\/\\\/amandynesteropes.com\\\/en\\\/product\\\/mug-spiritus-ou-la-liberte\\\/\",\"url\":\"https:\\\/\\\/amandynesteropes.com\\\/en\\\/product\\\/mug-spiritus-ou-la-liberte\\\/\",\"name\":\"Mug Spiritus ou La Libert\u00e9 - Amandyne Steropes\",\"isPartOf\":{\"@id\":\"https:\\\/\\\/amandynesteropes.com\\\/#website\"},\"primaryImageOfPage\":{\"@id\":\"https:\\\/\\\/amandynesteropes.com\\\/en\\\/product\\\/mug-spiritus-ou-la-liberte\\\/#primaryimage\"},\"image\":{\"@id\":\"https:\\\/\\\/amandynesteropes.com\\\/en\\\/product\\\/mug-spiritus-ou-la-liberte\\\/#primaryimage\"},\"thumbnailUrl\":\"https:\\\/\\\/amandynesteropes.com\\\/wp-content\\\/uploads\\\/2022\\\/08\\\/Mug-Spiritus-homme.png\",\"datePublished\":\"2022-08-09T05:01:39+00:00\",\"dateModified\":\"2022-09-05T17:49:27+00:00\",\"breadcrumb\":{\"@id\":\"https:\\\/\\\/amandynesteropes.com\\\/en\\\/product\\\/mug-spiritus-ou-la-liberte\\\/#breadcrumb\"},\"inLanguage\":\"en-US\",\"potentialAction\":[{\"@type\":\"ReadAction\",\"target\":[\"https:\\\/\\\/amandynesteropes.com\\\/en\\\/product\\\/mug-spiritus-ou-la-liberte\\\/\"]}]},{\"@type\":\"ImageObject\",\"inLanguage\":\"en-US\",\"@id\":\"https:\\\/\\\/amandynesteropes.com\\\/en\\\/product\\\/mug-spiritus-ou-la-liberte\\\/#primaryimage\",\"url\":\"https:\\\/\\\/amandynesteropes.com\\\/wp-content\\\/uploads\\\/2022\\\/08\\\/Mug-Spiritus-homme.png\",\"contentUrl\":\"https:\\\/\\\/amandynesteropes.com\\\/wp-content\\\/uploads\\\/2022\\\/08\\\/Mug-Spiritus-homme.png\",\"width\":447,\"height\":625,\"caption\":\"Retrouvez les diff\u00e9rents accessoires de sa collection pour les amateurs qui n\u2019ont plus de place aux murs ou un pouvoir d\u2019achat restreint.\"},{\"@type\":\"BreadcrumbList\",\"@id\":\"https:\\\/\\\/amandynesteropes.com\\\/en\\\/product\\\/mug-spiritus-ou-la-liberte\\\/#breadcrumb\",\"itemListElement\":[{\"@type\":\"ListItem\",\"position\":1,\"name\":\"Accueil\",\"item\":\"https:\\\/\\\/amandynesteropes.com\\\/\"},{\"@type\":\"ListItem\",\"position\":2,\"name\":\"Boutique\",\"item\":\"https:\\\/\\\/amandynesteropes.com\\\/boutique-amandyne-steropes-peintre\\\/\"},{\"@type\":\"ListItem\",\"position\":3,\"name\":\"Mug Spiritus ou La Libert\u00e9\"}]},{\"@type\":\"WebSite\",\"@id\":\"https:\\\/\\\/amandynesteropes.com\\\/#website\",\"url\":\"https:\\\/\\\/amandynesteropes.com\\\/\",\"name\":\"Amandyne Steropes\",\"description\":\"Artiste peintre fran\u00e7aise\",\"publisher\":{\"@id\":\"https:\\\/\\\/amandynesteropes.com\\\/#organization\"},\"alternateName\":\"Amandyne Steropes\",\"potentialAction\":[{\"@type\":\"SearchAction\",\"target\":{\"@type\":\"EntryPoint\",\"urlTemplate\":\"https:\\\/\\\/amandynesteropes.com\\\/?s={search_term_string}\"},\"query-input\":{\"@type\":\"PropertyValueSpecification\",\"valueRequired\":true,\"valueName\":\"search_term_string\"}}],\"inLanguage\":\"en-US\"},{\"@type\":\"Organization\",\"@id\":\"https:\\\/\\\/amandynesteropes.com\\\/#organization\",\"name\":\"Amandyne Steropes\",\"alternateName\":\"Amandyne Steropes\",\"url\":\"https:\\\/\\\/amandynesteropes.com\\\/\",\"logo\":{\"@type\":\"ImageObject\",\"inLanguage\":\"en-US\",\"@id\":\"https:\\\/\\\/amandynesteropes.com\\\/#\\\/schema\\\/logo\\\/image\\\/\",\"url\":\"https:\\\/\\\/amandynesteropes.com\\\/wp-content\\\/uploads\\\/2022\\\/07\\\/logo_amandyne-01.png\",\"contentUrl\":\"https:\\\/\\\/amandynesteropes.com\\\/wp-content\\\/uploads\\\/2022\\\/07\\\/logo_amandyne-01.png\",\"width\":2165,\"height\":3300,\"caption\":\"Amandyne Steropes\"},\"image\":{\"@id\":\"https:\\\/\\\/amandynesteropes.com\\\/#\\\/schema\\\/logo\\\/image\\\/\"},\"sameAs\":[\"https:\\\/\\\/www.facebook.com\\\/amandine.goitre\",\"https:\\\/\\\/www.instagram.com\\\/amandyne_steropes\\\/\",\"https:\\\/\\\/www.linkedin.com\\\/in\\\/amandyne-steropes\\\/\"]}]}<\/script>\n<!-- \/ Yoast SEO plugin. -->","yoast_head_json":{"title":"Mug Spiritus ou La Libert\u00e9 - Amandyne Steropes","robots":{"index":"index","follow":"follow","max-snippet":"max-snippet:-1","max-image-preview":"max-image-preview:large","max-video-preview":"max-video-preview:-1"},"canonical":"https:\/\/amandynesteropes.com\/en\/product\/mug-spiritus-ou-la-liberte\/","og_locale":"en_US","og_type":"article","og_title":"Mug Spiritus ou La Libert\u00e9 - Amandyne Steropes","og_description":"Avec son cerclage m\u00e9tallique, ce\u00a0mug en acier \u00e9maill\u00e9 blanc\u00a0poss\u00e8de un look d\u00e9finitivement vintage. Son aspect rappelle les grandes tasses des campeurs et randonneurs, et on y trouverait presque un petit air de far west :)  Tr\u00e8s r\u00e9sistant aux chocs, il sera le compagnon parfait de votre quotidien, pour chiller devant Netflix en mode chocolat chaud, pour bosser en mode caf\u00e9, pos\u00e9 sur votre bureau ou pour ravir vos invit\u00e9s avec sa touche d\u00e9finitivement arty, et pour cause ! Il est directement d\u00e9clin\u00e9 des oeuvres uniques\u00a0Spiritus\u00a0et la\u00a0Libert\u00e9\u00a0de la jeune artiste peintre\u00a0Amandyne Sterop\u00eas.  Hyper l\u00e9ger et incassable\u00a0(enfin, il faut vraiment le vouloir sinon !), ce mod\u00e8le est\u00a0tr\u00e8s tendance.","og_url":"https:\/\/amandynesteropes.com\/en\/product\/mug-spiritus-ou-la-liberte\/","og_site_name":"Amandyne Steropes","article_publisher":"https:\/\/www.facebook.com\/amandine.goitre","article_modified_time":"2022-09-05T17:49:27+00:00","og_image":[{"width":447,"height":625,"url":"https:\/\/amandynesteropes.com\/wp-content\/uploads\/2022\/08\/Mug-Spiritus-homme.png","type":"image\/png"}],"twitter_card":"summary_large_image","twitter_misc":{"Est. reading time":"1 minute"},"schema":{"@context":"https:\/\/schema.org","@graph":[{"@type":"WebPage","@id":"https:\/\/amandynesteropes.com\/en\/product\/mug-spiritus-ou-la-liberte\/","url":"https:\/\/amandynesteropes.com\/en\/product\/mug-spiritus-ou-la-liberte\/","name":"Mug Spiritus ou La Libert\u00e9 - Amandyne Steropes","isPartOf":{"@id":"https:\/\/amandynesteropes.com\/#website"},"primaryImageOfPage":{"@id":"https:\/\/amandynesteropes.com\/en\/product\/mug-spiritus-ou-la-liberte\/#primaryimage"},"image":{"@id":"https:\/\/amandynesteropes.com\/en\/product\/mug-spiritus-ou-la-liberte\/#primaryimage"},"thumbnailUrl":"https:\/\/amandynesteropes.com\/wp-content\/uploads\/2022\/08\/Mug-Spiritus-homme.png","datePublished":"2022-08-09T05:01:39+00:00","dateModified":"2022-09-05T17:49:27+00:00","breadcrumb":{"@id":"https:\/\/amandynesteropes.com\/en\/product\/mug-spiritus-ou-la-liberte\/#breadcrumb"},"inLanguage":"en-US","potentialAction":[{"@type":"ReadAction","target":["https:\/\/amandynesteropes.com\/en\/product\/mug-spiritus-ou-la-liberte\/"]}]},{"@type":"ImageObject","inLanguage":"en-US","@id":"https:\/\/amandynesteropes.com\/en\/product\/mug-spiritus-ou-la-liberte\/#primaryimage","url":"https:\/\/amandynesteropes.com\/wp-content\/uploads\/2022\/08\/Mug-Spiritus-homme.png","contentUrl":"https:\/\/amandynesteropes.com\/wp-content\/uploads\/2022\/08\/Mug-Spiritus-homme.png","width":447,"height":625,"caption":"Retrouvez les diff\u00e9rents accessoires de sa collection pour les amateurs qui n\u2019ont plus de place aux murs ou un pouvoir d\u2019achat restreint."},{"@type":"BreadcrumbList","@id":"https:\/\/amandynesteropes.com\/en\/product\/mug-spiritus-ou-la-liberte\/#breadcrumb","itemListElement":[{"@type":"ListItem","position":1,"name":"Accueil","item":"https:\/\/amandynesteropes.com\/"},{"@type":"ListItem","position":2,"name":"Boutique","item":"https:\/\/amandynesteropes.com\/boutique-amandyne-steropes-peintre\/"},{"@type":"ListItem","position":3,"name":"Mug Spiritus ou La Libert\u00e9"}]},{"@type":"WebSite","@id":"https:\/\/amandynesteropes.com\/#website","url":"https:\/\/amandynesteropes.com\/","name":"Amandyne Steropes","description":"Artiste peintre fran\u00e7aise","publisher":{"@id":"https:\/\/amandynesteropes.com\/#organization"},"alternateName":"Amandyne Steropes","potentialAction":[{"@type":"SearchAction","target":{"@type":"EntryPoint","urlTemplate":"https:\/\/amandynesteropes.com\/?s={search_term_string}"},"query-input":{"@type":"PropertyValueSpecification","valueRequired":true,"valueName":"search_term_string"}}],"inLanguage":"en-US"},{"@type":"Organization","@id":"https:\/\/amandynesteropes.com\/#organization","name":"Amandyne Steropes","alternateName":"Amandyne Steropes","url":"https:\/\/amandynesteropes.com\/","logo":{"@type":"ImageObject","inLanguage":"en-US","@id":"https:\/\/amandynesteropes.com\/#\/schema\/logo\/image\/","url":"https:\/\/amandynesteropes.com\/wp-content\/uploads\/2022\/07\/logo_amandyne-01.png","contentUrl":"https:\/\/amandynesteropes.com\/wp-content\/uploads\/2022\/07\/logo_amandyne-01.png","width":2165,"height":3300,"caption":"Amandyne Steropes"},"image":{"@id":"https:\/\/amandynesteropes.com\/#\/schema\/logo\/image\/"},"sameAs":["https:\/\/www.facebook.com\/amandine.goitre","https:\/\/www.instagram.com\/amandyne_steropes\/","https:\/\/www.linkedin.com\/in\/amandyne-steropes\/"]}]}},"jetpack_sharing_enabled":true,"_links":{"self":[{"href":"https:\/\/amandynesteropes.com\/en\/wp-json\/wp\/v2\/product\/998","targetHints":{"allow":["GET"]}}],"collection":[{"href":"https:\/\/amandynesteropes.com\/en\/wp-json\/wp\/v2\/product"}],"about":[{"href":"https:\/\/amandynesteropes.com\/en\/wp-json\/wp\/v2\/types\/product"}],"wp:featuredmedia":[{"embeddable":true,"href":"https:\/\/amandynesteropes.com\/en\/wp-json\/wp\/v2\/media\/1030"}],"wp:attachment":[{"href":"https:\/\/amandynesteropes.com\/en\/wp-json\/wp\/v2\/media?parent=998"}],"wp:term":[{"taxonomy":"product_cat","embeddable":true,"href":"https:\/\/amandynesteropes.com\/en\/wp-json\/wp\/v2\/product_cat?post=998"},{"taxonomy":"product_tag","embeddable":true,"href":"https:\/\/amandynesteropes.com\/en\/wp-json\/wp\/v2\/product_tag?post=998"}],"curies":[{"name":"wp","href":"https:\/\/api.w.org\/{rel}","templated":true}]}}