{"id":997,"date":"2022-08-09T05:00:14","date_gmt":"2022-08-09T05:00:14","guid":{"rendered":"https:\/\/amandynesteropes.live-website.com\/?post_type=product&#038;p=997"},"modified":"2022-09-05T17:50:03","modified_gmt":"2022-09-05T17:50:03","slug":"mug-gladiator","status":"publish","type":"product","link":"https:\/\/amandynesteropes.com\/en\/product\/mug-gladiator\/","title":{"rendered":"Mug Gladiator"},"content":{"rendered":"<ul>\n<li>bord bomb\u00e9 en acier fin<\/li>\n<li>diam\u00e8tre : 8,5cm &#8211; hauteur : 8cm<\/li>\n<li>poids : 129g<\/li>\n<li>contenance : 300ml<\/li>\n<li>composition : m\u00e9tal \u00e9maill\u00e9<\/li>\n<li>laver \u00e0 la main &#8211; ne convient pas au micro-ondes<\/li>\n<\/ul>","protected":false},"excerpt":{"rendered":"<p>En exclusivit\u00e9, craquez pour le mug Gladiator de la s\u00e9rie \u00ab\u00a0Rome Antique\u00a0\u00bb\u00a0r\u00e9alis\u00e9 par\u00a0<strong>Amandyne Steropes<\/strong>.<\/p>\n<p>&nbsp;<\/p>\n<p>Buvez \u00e0 l&rsquo;ancienne avec classe avec ce mug au look d\u00e9finitivement r\u00e9tro et pourtant si tendance !<\/p>\n<p>Une petite note d&rsquo;antiquit\u00e9 et de force\u00a0en plus !!<\/p>\n<p>Tr\u00e8s robuste, vous pouvez l&#8217;emporter partout (en camping ou pour un pique-nique) ou la laisser au chaud au bureau ou chez vous.<\/p>\n<p>Pour accentuer le look r\u00e9tro, le rev\u00eatement en \u00e9mail sur le mug pr\u00e9sente quelques petites irr\u00e9gularit\u00e9s.<\/p>\n<p>Note. photo de mise en situation non contractuelle<\/p>","protected":false},"featured_media":1029,"template":"","meta":{"_et_pb_use_builder":"","_et_pb_old_content":"","_et_gb_content_width":""},"product_cat":[52],"product_tag":[],"class_list":["post-997","product","type-product","status-publish","has-post-thumbnail","hentry","product_cat-mug","product_shipping_class-mug"],"yoast_head":"<!-- This site is optimized with the Yoast SEO plugin v27.4 - https:\/\/yoast.com\/product\/yoast-seo-wordpress\/ -->\n<title>Mug Gladiator - Amandyne Steropes<\/title>\n<meta name=\"robots\" content=\"index, follow, max-snippet:-1, max-image-preview:large, max-video-preview:-1\" \/>\n<link rel=\"canonical\" href=\"https:\/\/amandynesteropes.com\/en\/product\/mug-gladiator\/\" \/>\n<meta property=\"og:locale\" content=\"en_US\" \/>\n<meta property=\"og:type\" content=\"article\" \/>\n<meta property=\"og:title\" content=\"Mug Gladiator - Amandyne Steropes\" \/>\n<meta property=\"og:description\" content=\"En exclusivit\u00e9, craquez pour le mug Gladiator de la s\u00e9rie &quot;Rome Antique&quot;\u00a0r\u00e9alis\u00e9 par\u00a0Amandyne Steropes.  &nbsp;  Buvez \u00e0 l&#039;ancienne avec classe avec ce mug au look d\u00e9finitivement r\u00e9tro et pourtant si tendance !  Une petite note d&#039;antiquit\u00e9 et de force\u00a0en plus !!  Tr\u00e8s robuste, vous pouvez l&#039;emporter partout (en camping ou pour un pique-nique) ou la laisser au chaud au bureau ou chez vous.  Pour accentuer le look r\u00e9tro, le rev\u00eatement en \u00e9mail sur le mug pr\u00e9sente quelques petites irr\u00e9gularit\u00e9s.  Note. photo de mise en situation non contractuelle\" \/>\n<meta property=\"og:url\" content=\"https:\/\/amandynesteropes.com\/en\/product\/mug-gladiator\/\" \/>\n<meta property=\"og:site_name\" content=\"Amandyne Steropes\" \/>\n<meta property=\"article:publisher\" content=\"https:\/\/www.facebook.com\/amandine.goitre\" \/>\n<meta property=\"article:modified_time\" content=\"2022-09-05T17:50:03+00:00\" \/>\n<meta property=\"og:image\" content=\"https:\/\/amandynesteropes.com\/wp-content\/uploads\/2022\/08\/Mug-Gladiator-homme.png\" \/>\n\t<meta property=\"og:image:width\" content=\"450\" \/>\n\t<meta property=\"og:image:height\" content=\"680\" \/>\n\t<meta property=\"og:image:type\" content=\"image\/png\" \/>\n<meta name=\"twitter:card\" content=\"summary_large_image\" \/>\n<meta name=\"twitter:label1\" content=\"Est. reading time\" \/>\n\t<meta name=\"twitter:data1\" content=\"1 minute\" \/>\n<script type=\"application\/ld+json\" class=\"yoast-schema-graph\">{\"@context\":\"https:\\\/\\\/schema.org\",\"@graph\":[{\"@type\":\"WebPage\",\"@id\":\"https:\\\/\\\/amandynesteropes.com\\\/en\\\/product\\\/mug-gladiator\\\/\",\"url\":\"https:\\\/\\\/amandynesteropes.com\\\/en\\\/product\\\/mug-gladiator\\\/\",\"name\":\"Mug Gladiator - Amandyne Steropes\",\"isPartOf\":{\"@id\":\"https:\\\/\\\/amandynesteropes.com\\\/#website\"},\"primaryImageOfPage\":{\"@id\":\"https:\\\/\\\/amandynesteropes.com\\\/en\\\/product\\\/mug-gladiator\\\/#primaryimage\"},\"image\":{\"@id\":\"https:\\\/\\\/amandynesteropes.com\\\/en\\\/product\\\/mug-gladiator\\\/#primaryimage\"},\"thumbnailUrl\":\"https:\\\/\\\/amandynesteropes.com\\\/wp-content\\\/uploads\\\/2022\\\/08\\\/Mug-Gladiator-homme.png\",\"datePublished\":\"2022-08-09T05:00:14+00:00\",\"dateModified\":\"2022-09-05T17:50:03+00:00\",\"breadcrumb\":{\"@id\":\"https:\\\/\\\/amandynesteropes.com\\\/en\\\/product\\\/mug-gladiator\\\/#breadcrumb\"},\"inLanguage\":\"en-US\",\"potentialAction\":[{\"@type\":\"ReadAction\",\"target\":[\"https:\\\/\\\/amandynesteropes.com\\\/en\\\/product\\\/mug-gladiator\\\/\"]}]},{\"@type\":\"ImageObject\",\"inLanguage\":\"en-US\",\"@id\":\"https:\\\/\\\/amandynesteropes.com\\\/en\\\/product\\\/mug-gladiator\\\/#primaryimage\",\"url\":\"https:\\\/\\\/amandynesteropes.com\\\/wp-content\\\/uploads\\\/2022\\\/08\\\/Mug-Gladiator-homme.png\",\"contentUrl\":\"https:\\\/\\\/amandynesteropes.com\\\/wp-content\\\/uploads\\\/2022\\\/08\\\/Mug-Gladiator-homme.png\",\"width\":450,\"height\":680,\"caption\":\"Retrouvez les diff\u00e9rents accessoires de sa collection pour les amateurs qui n\u2019ont plus de place aux murs ou un pouvoir d\u2019achat restreint.\"},{\"@type\":\"BreadcrumbList\",\"@id\":\"https:\\\/\\\/amandynesteropes.com\\\/en\\\/product\\\/mug-gladiator\\\/#breadcrumb\",\"itemListElement\":[{\"@type\":\"ListItem\",\"position\":1,\"name\":\"Accueil\",\"item\":\"https:\\\/\\\/amandynesteropes.com\\\/\"},{\"@type\":\"ListItem\",\"position\":2,\"name\":\"Boutique\",\"item\":\"https:\\\/\\\/amandynesteropes.com\\\/boutique-amandyne-steropes-peintre\\\/\"},{\"@type\":\"ListItem\",\"position\":3,\"name\":\"Mug Gladiator\"}]},{\"@type\":\"WebSite\",\"@id\":\"https:\\\/\\\/amandynesteropes.com\\\/#website\",\"url\":\"https:\\\/\\\/amandynesteropes.com\\\/\",\"name\":\"Amandyne Steropes\",\"description\":\"Artiste peintre fran\u00e7aise\",\"publisher\":{\"@id\":\"https:\\\/\\\/amandynesteropes.com\\\/#organization\"},\"alternateName\":\"Amandyne Steropes\",\"potentialAction\":[{\"@type\":\"SearchAction\",\"target\":{\"@type\":\"EntryPoint\",\"urlTemplate\":\"https:\\\/\\\/amandynesteropes.com\\\/?s={search_term_string}\"},\"query-input\":{\"@type\":\"PropertyValueSpecification\",\"valueRequired\":true,\"valueName\":\"search_term_string\"}}],\"inLanguage\":\"en-US\"},{\"@type\":\"Organization\",\"@id\":\"https:\\\/\\\/amandynesteropes.com\\\/#organization\",\"name\":\"Amandyne Steropes\",\"alternateName\":\"Amandyne Steropes\",\"url\":\"https:\\\/\\\/amandynesteropes.com\\\/\",\"logo\":{\"@type\":\"ImageObject\",\"inLanguage\":\"en-US\",\"@id\":\"https:\\\/\\\/amandynesteropes.com\\\/#\\\/schema\\\/logo\\\/image\\\/\",\"url\":\"https:\\\/\\\/amandynesteropes.com\\\/wp-content\\\/uploads\\\/2022\\\/07\\\/logo_amandyne-01.png\",\"contentUrl\":\"https:\\\/\\\/amandynesteropes.com\\\/wp-content\\\/uploads\\\/2022\\\/07\\\/logo_amandyne-01.png\",\"width\":2165,\"height\":3300,\"caption\":\"Amandyne Steropes\"},\"image\":{\"@id\":\"https:\\\/\\\/amandynesteropes.com\\\/#\\\/schema\\\/logo\\\/image\\\/\"},\"sameAs\":[\"https:\\\/\\\/www.facebook.com\\\/amandine.goitre\",\"https:\\\/\\\/www.instagram.com\\\/amandyne_steropes\\\/\",\"https:\\\/\\\/www.linkedin.com\\\/in\\\/amandyne-steropes\\\/\"]}]}<\/script>\n<!-- \/ Yoast SEO plugin. -->","yoast_head_json":{"title":"Mug Gladiator - Amandyne Steropes","robots":{"index":"index","follow":"follow","max-snippet":"max-snippet:-1","max-image-preview":"max-image-preview:large","max-video-preview":"max-video-preview:-1"},"canonical":"https:\/\/amandynesteropes.com\/en\/product\/mug-gladiator\/","og_locale":"en_US","og_type":"article","og_title":"Mug Gladiator - Amandyne Steropes","og_description":"En exclusivit\u00e9, craquez pour le mug Gladiator de la s\u00e9rie \"Rome Antique\"\u00a0r\u00e9alis\u00e9 par\u00a0Amandyne Steropes.  &nbsp;  Buvez \u00e0 l'ancienne avec classe avec ce mug au look d\u00e9finitivement r\u00e9tro et pourtant si tendance !  Une petite note d'antiquit\u00e9 et de force\u00a0en plus !!  Tr\u00e8s robuste, vous pouvez l'emporter partout (en camping ou pour un pique-nique) ou la laisser au chaud au bureau ou chez vous.  Pour accentuer le look r\u00e9tro, le rev\u00eatement en \u00e9mail sur le mug pr\u00e9sente quelques petites irr\u00e9gularit\u00e9s.  Note. photo de mise en situation non contractuelle","og_url":"https:\/\/amandynesteropes.com\/en\/product\/mug-gladiator\/","og_site_name":"Amandyne Steropes","article_publisher":"https:\/\/www.facebook.com\/amandine.goitre","article_modified_time":"2022-09-05T17:50:03+00:00","og_image":[{"width":450,"height":680,"url":"https:\/\/amandynesteropes.com\/wp-content\/uploads\/2022\/08\/Mug-Gladiator-homme.png","type":"image\/png"}],"twitter_card":"summary_large_image","twitter_misc":{"Est. reading time":"1 minute"},"schema":{"@context":"https:\/\/schema.org","@graph":[{"@type":"WebPage","@id":"https:\/\/amandynesteropes.com\/en\/product\/mug-gladiator\/","url":"https:\/\/amandynesteropes.com\/en\/product\/mug-gladiator\/","name":"Mug Gladiator - Amandyne Steropes","isPartOf":{"@id":"https:\/\/amandynesteropes.com\/#website"},"primaryImageOfPage":{"@id":"https:\/\/amandynesteropes.com\/en\/product\/mug-gladiator\/#primaryimage"},"image":{"@id":"https:\/\/amandynesteropes.com\/en\/product\/mug-gladiator\/#primaryimage"},"thumbnailUrl":"https:\/\/amandynesteropes.com\/wp-content\/uploads\/2022\/08\/Mug-Gladiator-homme.png","datePublished":"2022-08-09T05:00:14+00:00","dateModified":"2022-09-05T17:50:03+00:00","breadcrumb":{"@id":"https:\/\/amandynesteropes.com\/en\/product\/mug-gladiator\/#breadcrumb"},"inLanguage":"en-US","potentialAction":[{"@type":"ReadAction","target":["https:\/\/amandynesteropes.com\/en\/product\/mug-gladiator\/"]}]},{"@type":"ImageObject","inLanguage":"en-US","@id":"https:\/\/amandynesteropes.com\/en\/product\/mug-gladiator\/#primaryimage","url":"https:\/\/amandynesteropes.com\/wp-content\/uploads\/2022\/08\/Mug-Gladiator-homme.png","contentUrl":"https:\/\/amandynesteropes.com\/wp-content\/uploads\/2022\/08\/Mug-Gladiator-homme.png","width":450,"height":680,"caption":"Retrouvez les diff\u00e9rents accessoires de sa collection pour les amateurs qui n\u2019ont plus de place aux murs ou un pouvoir d\u2019achat restreint."},{"@type":"BreadcrumbList","@id":"https:\/\/amandynesteropes.com\/en\/product\/mug-gladiator\/#breadcrumb","itemListElement":[{"@type":"ListItem","position":1,"name":"Accueil","item":"https:\/\/amandynesteropes.com\/"},{"@type":"ListItem","position":2,"name":"Boutique","item":"https:\/\/amandynesteropes.com\/boutique-amandyne-steropes-peintre\/"},{"@type":"ListItem","position":3,"name":"Mug Gladiator"}]},{"@type":"WebSite","@id":"https:\/\/amandynesteropes.com\/#website","url":"https:\/\/amandynesteropes.com\/","name":"Amandyne Steropes","description":"Artiste peintre fran\u00e7aise","publisher":{"@id":"https:\/\/amandynesteropes.com\/#organization"},"alternateName":"Amandyne Steropes","potentialAction":[{"@type":"SearchAction","target":{"@type":"EntryPoint","urlTemplate":"https:\/\/amandynesteropes.com\/?s={search_term_string}"},"query-input":{"@type":"PropertyValueSpecification","valueRequired":true,"valueName":"search_term_string"}}],"inLanguage":"en-US"},{"@type":"Organization","@id":"https:\/\/amandynesteropes.com\/#organization","name":"Amandyne Steropes","alternateName":"Amandyne Steropes","url":"https:\/\/amandynesteropes.com\/","logo":{"@type":"ImageObject","inLanguage":"en-US","@id":"https:\/\/amandynesteropes.com\/#\/schema\/logo\/image\/","url":"https:\/\/amandynesteropes.com\/wp-content\/uploads\/2022\/07\/logo_amandyne-01.png","contentUrl":"https:\/\/amandynesteropes.com\/wp-content\/uploads\/2022\/07\/logo_amandyne-01.png","width":2165,"height":3300,"caption":"Amandyne Steropes"},"image":{"@id":"https:\/\/amandynesteropes.com\/#\/schema\/logo\/image\/"},"sameAs":["https:\/\/www.facebook.com\/amandine.goitre","https:\/\/www.instagram.com\/amandyne_steropes\/","https:\/\/www.linkedin.com\/in\/amandyne-steropes\/"]}]}},"jetpack_sharing_enabled":true,"_links":{"self":[{"href":"https:\/\/amandynesteropes.com\/en\/wp-json\/wp\/v2\/product\/997","targetHints":{"allow":["GET"]}}],"collection":[{"href":"https:\/\/amandynesteropes.com\/en\/wp-json\/wp\/v2\/product"}],"about":[{"href":"https:\/\/amandynesteropes.com\/en\/wp-json\/wp\/v2\/types\/product"}],"wp:featuredmedia":[{"embeddable":true,"href":"https:\/\/amandynesteropes.com\/en\/wp-json\/wp\/v2\/media\/1029"}],"wp:attachment":[{"href":"https:\/\/amandynesteropes.com\/en\/wp-json\/wp\/v2\/media?parent=997"}],"wp:term":[{"taxonomy":"product_cat","embeddable":true,"href":"https:\/\/amandynesteropes.com\/en\/wp-json\/wp\/v2\/product_cat?post=997"},{"taxonomy":"product_tag","embeddable":true,"href":"https:\/\/amandynesteropes.com\/en\/wp-json\/wp\/v2\/product_tag?post=997"}],"curies":[{"name":"wp","href":"https:\/\/api.w.org\/{rel}","templated":true}]}}