{"id":996,"date":"2022-08-09T04:58:25","date_gmt":"2022-08-09T04:58:25","guid":{"rendered":"https:\/\/amandynesteropes.live-website.com\/?post_type=product&#038;p=996"},"modified":"2022-09-05T17:50:16","modified_gmt":"2022-09-05T17:50:16","slug":"trousse-la-liberte","status":"publish","type":"product","link":"https:\/\/amandynesteropes.com\/en\/product\/trousse-la-liberte\/","title":{"rendered":"Trousse La libert\u00e9"},"content":{"rendered":"<ul>\n<li>couleur unie et fermeture zipp\u00e9e<\/li>\n<li>non lavable<\/li>\n<li>dimensions : 25x14x6cm<\/li>\n<li>composition : 100% coton bio<\/li>\n<\/ul>","protected":false},"excerpt":{"rendered":"<h2>Envie ou besoin d&rsquo;une nouvelle\u00a0<strong>trousse<\/strong>\u00a0pour ranger votre maquillage, vos crayons, quelques produits de voyage ou de menus objets ?<\/h2>\n<p>Vous voulez afficher votre diff\u00e9rence et votre\u00a0<strong>go\u00fbt artistique\u00a0<\/strong>?<\/p>\n<p>Vous aimez l&rsquo;univers d&rsquo;Amandyne Sterop\u00eas ?<\/p>\n<p>Alors cette\u00a0<strong>jolie trousse 100% coton bio<\/strong>\u00a0vous accompagnera partout ! A la main<strong>\u00a0en mode pochette<\/strong>\u00a0ou gliss\u00e9e dans un sac \u00e0 main ou sac \u00e0 dos, sa\u00a0<strong>polyvalence<\/strong>\u00a0et sa\u00a0<strong>souplesse<\/strong>\u00a0en font un accessoire hautement pratique dont vous ne pourrez plus vous passer !<\/p>","protected":false},"featured_media":1028,"template":"","meta":{"_et_pb_use_builder":"","_et_pb_old_content":"","_et_gb_content_width":""},"product_cat":[51],"product_tag":[],"class_list":["post-996","product","type-product","status-publish","has-post-thumbnail","hentry","product_cat-coussin-deco","product_shipping_class-coussin-deco"],"yoast_head":"<!-- This site is optimized with the Yoast SEO plugin v27.4 - https:\/\/yoast.com\/product\/yoast-seo-wordpress\/ -->\n<title>Trousse La libert\u00e9 - Amandyne Steropes<\/title>\n<meta name=\"robots\" content=\"index, follow, max-snippet:-1, max-image-preview:large, max-video-preview:-1\" \/>\n<link rel=\"canonical\" href=\"https:\/\/amandynesteropes.com\/en\/product\/trousse-la-liberte\/\" \/>\n<meta property=\"og:locale\" content=\"en_US\" \/>\n<meta property=\"og:type\" content=\"article\" \/>\n<meta property=\"og:title\" content=\"Trousse La libert\u00e9 - Amandyne Steropes\" \/>\n<meta property=\"og:description\" content=\"Envie ou besoin d&#039;une nouvelle\u00a0trousse\u00a0pour ranger votre maquillage, vos crayons, quelques produits de voyage ou de menus objets ? Vous voulez afficher votre diff\u00e9rence et votre\u00a0go\u00fbt artistique\u00a0?  Vous aimez l&#039;univers d&#039;Amandyne Sterop\u00eas ?  Alors cette\u00a0jolie trousse 100% coton bio\u00a0vous accompagnera partout ! A la main\u00a0en mode pochette\u00a0ou gliss\u00e9e dans un sac \u00e0 main ou sac \u00e0 dos, sa\u00a0polyvalence\u00a0et sa\u00a0souplesse\u00a0en font un accessoire hautement pratique dont vous ne pourrez plus vous passer !\" \/>\n<meta property=\"og:url\" content=\"https:\/\/amandynesteropes.com\/en\/product\/trousse-la-liberte\/\" \/>\n<meta property=\"og:site_name\" content=\"Amandyne Steropes\" \/>\n<meta property=\"article:publisher\" content=\"https:\/\/www.facebook.com\/amandine.goitre\" \/>\n<meta property=\"article:modified_time\" content=\"2022-09-05T17:50:16+00:00\" \/>\n<meta property=\"og:image\" content=\"https:\/\/amandynesteropes.com\/wp-content\/uploads\/2022\/08\/Trousse-sur-fond-de-feuilles.png\" \/>\n\t<meta property=\"og:image:width\" content=\"683\" \/>\n\t<meta property=\"og:image:height\" content=\"431\" \/>\n\t<meta property=\"og:image:type\" content=\"image\/png\" \/>\n<meta name=\"twitter:card\" content=\"summary_large_image\" \/>\n<meta name=\"twitter:label1\" content=\"Est. reading time\" \/>\n\t<meta name=\"twitter:data1\" content=\"1 minute\" \/>\n<script type=\"application\/ld+json\" class=\"yoast-schema-graph\">{\"@context\":\"https:\\\/\\\/schema.org\",\"@graph\":[{\"@type\":\"WebPage\",\"@id\":\"https:\\\/\\\/amandynesteropes.com\\\/produit\\\/trousse-la-liberte\\\/\",\"url\":\"https:\\\/\\\/amandynesteropes.com\\\/produit\\\/trousse-la-liberte\\\/\",\"name\":\"Trousse La libert\u00e9 - Amandyne Steropes\",\"isPartOf\":{\"@id\":\"https:\\\/\\\/amandynesteropes.com\\\/#website\"},\"primaryImageOfPage\":{\"@id\":\"https:\\\/\\\/amandynesteropes.com\\\/produit\\\/trousse-la-liberte\\\/#primaryimage\"},\"image\":{\"@id\":\"https:\\\/\\\/amandynesteropes.com\\\/produit\\\/trousse-la-liberte\\\/#primaryimage\"},\"thumbnailUrl\":\"https:\\\/\\\/amandynesteropes.com\\\/wp-content\\\/uploads\\\/2022\\\/08\\\/Trousse-sur-fond-de-feuilles.png\",\"datePublished\":\"2022-08-09T04:58:25+00:00\",\"dateModified\":\"2022-09-05T17:50:16+00:00\",\"breadcrumb\":{\"@id\":\"https:\\\/\\\/amandynesteropes.com\\\/produit\\\/trousse-la-liberte\\\/#breadcrumb\"},\"inLanguage\":\"en-US\",\"potentialAction\":[{\"@type\":\"ReadAction\",\"target\":[\"https:\\\/\\\/amandynesteropes.com\\\/produit\\\/trousse-la-liberte\\\/\"]}]},{\"@type\":\"ImageObject\",\"inLanguage\":\"en-US\",\"@id\":\"https:\\\/\\\/amandynesteropes.com\\\/produit\\\/trousse-la-liberte\\\/#primaryimage\",\"url\":\"https:\\\/\\\/amandynesteropes.com\\\/wp-content\\\/uploads\\\/2022\\\/08\\\/Trousse-sur-fond-de-feuilles.png\",\"contentUrl\":\"https:\\\/\\\/amandynesteropes.com\\\/wp-content\\\/uploads\\\/2022\\\/08\\\/Trousse-sur-fond-de-feuilles.png\",\"width\":683,\"height\":431,\"caption\":\"Retrouvez les diff\u00e9rents accessoires de sa collection pour les amateurs qui n\u2019ont plus de place aux murs ou un pouvoir d\u2019achat restreint.\"},{\"@type\":\"BreadcrumbList\",\"@id\":\"https:\\\/\\\/amandynesteropes.com\\\/produit\\\/trousse-la-liberte\\\/#breadcrumb\",\"itemListElement\":[{\"@type\":\"ListItem\",\"position\":1,\"name\":\"Accueil\",\"item\":\"https:\\\/\\\/amandynesteropes.com\\\/\"},{\"@type\":\"ListItem\",\"position\":2,\"name\":\"Boutique\",\"item\":\"https:\\\/\\\/amandynesteropes.com\\\/boutique-amandyne-steropes-peintre\\\/\"},{\"@type\":\"ListItem\",\"position\":3,\"name\":\"Trousse La libert\u00e9\"}]},{\"@type\":\"WebSite\",\"@id\":\"https:\\\/\\\/amandynesteropes.com\\\/#website\",\"url\":\"https:\\\/\\\/amandynesteropes.com\\\/\",\"name\":\"Amandyne Steropes\",\"description\":\"Artiste peintre fran\u00e7aise\",\"publisher\":{\"@id\":\"https:\\\/\\\/amandynesteropes.com\\\/#organization\"},\"alternateName\":\"Amandyne Steropes\",\"potentialAction\":[{\"@type\":\"SearchAction\",\"target\":{\"@type\":\"EntryPoint\",\"urlTemplate\":\"https:\\\/\\\/amandynesteropes.com\\\/?s={search_term_string}\"},\"query-input\":{\"@type\":\"PropertyValueSpecification\",\"valueRequired\":true,\"valueName\":\"search_term_string\"}}],\"inLanguage\":\"en-US\"},{\"@type\":\"Organization\",\"@id\":\"https:\\\/\\\/amandynesteropes.com\\\/#organization\",\"name\":\"Amandyne Steropes\",\"alternateName\":\"Amandyne Steropes\",\"url\":\"https:\\\/\\\/amandynesteropes.com\\\/\",\"logo\":{\"@type\":\"ImageObject\",\"inLanguage\":\"en-US\",\"@id\":\"https:\\\/\\\/amandynesteropes.com\\\/#\\\/schema\\\/logo\\\/image\\\/\",\"url\":\"https:\\\/\\\/amandynesteropes.com\\\/wp-content\\\/uploads\\\/2022\\\/07\\\/logo_amandyne-01.png\",\"contentUrl\":\"https:\\\/\\\/amandynesteropes.com\\\/wp-content\\\/uploads\\\/2022\\\/07\\\/logo_amandyne-01.png\",\"width\":2165,\"height\":3300,\"caption\":\"Amandyne Steropes\"},\"image\":{\"@id\":\"https:\\\/\\\/amandynesteropes.com\\\/#\\\/schema\\\/logo\\\/image\\\/\"},\"sameAs\":[\"https:\\\/\\\/www.facebook.com\\\/amandine.goitre\",\"https:\\\/\\\/www.instagram.com\\\/amandyne_steropes\\\/\",\"https:\\\/\\\/www.linkedin.com\\\/in\\\/amandyne-steropes\\\/\"]}]}<\/script>\n<!-- \/ Yoast SEO plugin. -->","yoast_head_json":{"title":"Trousse La libert\u00e9 - Amandyne Steropes","robots":{"index":"index","follow":"follow","max-snippet":"max-snippet:-1","max-image-preview":"max-image-preview:large","max-video-preview":"max-video-preview:-1"},"canonical":"https:\/\/amandynesteropes.com\/en\/product\/trousse-la-liberte\/","og_locale":"en_US","og_type":"article","og_title":"Trousse La libert\u00e9 - Amandyne Steropes","og_description":"Envie ou besoin d'une nouvelle\u00a0trousse\u00a0pour ranger votre maquillage, vos crayons, quelques produits de voyage ou de menus objets ? Vous voulez afficher votre diff\u00e9rence et votre\u00a0go\u00fbt artistique\u00a0?  Vous aimez l'univers d'Amandyne Sterop\u00eas ?  Alors cette\u00a0jolie trousse 100% coton bio\u00a0vous accompagnera partout ! A la main\u00a0en mode pochette\u00a0ou gliss\u00e9e dans un sac \u00e0 main ou sac \u00e0 dos, sa\u00a0polyvalence\u00a0et sa\u00a0souplesse\u00a0en font un accessoire hautement pratique dont vous ne pourrez plus vous passer !","og_url":"https:\/\/amandynesteropes.com\/en\/product\/trousse-la-liberte\/","og_site_name":"Amandyne Steropes","article_publisher":"https:\/\/www.facebook.com\/amandine.goitre","article_modified_time":"2022-09-05T17:50:16+00:00","og_image":[{"width":683,"height":431,"url":"https:\/\/amandynesteropes.com\/wp-content\/uploads\/2022\/08\/Trousse-sur-fond-de-feuilles.png","type":"image\/png"}],"twitter_card":"summary_large_image","twitter_misc":{"Est. reading time":"1 minute"},"schema":{"@context":"https:\/\/schema.org","@graph":[{"@type":"WebPage","@id":"https:\/\/amandynesteropes.com\/produit\/trousse-la-liberte\/","url":"https:\/\/amandynesteropes.com\/produit\/trousse-la-liberte\/","name":"Trousse La libert\u00e9 - Amandyne Steropes","isPartOf":{"@id":"https:\/\/amandynesteropes.com\/#website"},"primaryImageOfPage":{"@id":"https:\/\/amandynesteropes.com\/produit\/trousse-la-liberte\/#primaryimage"},"image":{"@id":"https:\/\/amandynesteropes.com\/produit\/trousse-la-liberte\/#primaryimage"},"thumbnailUrl":"https:\/\/amandynesteropes.com\/wp-content\/uploads\/2022\/08\/Trousse-sur-fond-de-feuilles.png","datePublished":"2022-08-09T04:58:25+00:00","dateModified":"2022-09-05T17:50:16+00:00","breadcrumb":{"@id":"https:\/\/amandynesteropes.com\/produit\/trousse-la-liberte\/#breadcrumb"},"inLanguage":"en-US","potentialAction":[{"@type":"ReadAction","target":["https:\/\/amandynesteropes.com\/produit\/trousse-la-liberte\/"]}]},{"@type":"ImageObject","inLanguage":"en-US","@id":"https:\/\/amandynesteropes.com\/produit\/trousse-la-liberte\/#primaryimage","url":"https:\/\/amandynesteropes.com\/wp-content\/uploads\/2022\/08\/Trousse-sur-fond-de-feuilles.png","contentUrl":"https:\/\/amandynesteropes.com\/wp-content\/uploads\/2022\/08\/Trousse-sur-fond-de-feuilles.png","width":683,"height":431,"caption":"Retrouvez les diff\u00e9rents accessoires de sa collection pour les amateurs qui n\u2019ont plus de place aux murs ou un pouvoir d\u2019achat restreint."},{"@type":"BreadcrumbList","@id":"https:\/\/amandynesteropes.com\/produit\/trousse-la-liberte\/#breadcrumb","itemListElement":[{"@type":"ListItem","position":1,"name":"Accueil","item":"https:\/\/amandynesteropes.com\/"},{"@type":"ListItem","position":2,"name":"Boutique","item":"https:\/\/amandynesteropes.com\/boutique-amandyne-steropes-peintre\/"},{"@type":"ListItem","position":3,"name":"Trousse La libert\u00e9"}]},{"@type":"WebSite","@id":"https:\/\/amandynesteropes.com\/#website","url":"https:\/\/amandynesteropes.com\/","name":"Amandyne Steropes","description":"Artiste peintre fran\u00e7aise","publisher":{"@id":"https:\/\/amandynesteropes.com\/#organization"},"alternateName":"Amandyne Steropes","potentialAction":[{"@type":"SearchAction","target":{"@type":"EntryPoint","urlTemplate":"https:\/\/amandynesteropes.com\/?s={search_term_string}"},"query-input":{"@type":"PropertyValueSpecification","valueRequired":true,"valueName":"search_term_string"}}],"inLanguage":"en-US"},{"@type":"Organization","@id":"https:\/\/amandynesteropes.com\/#organization","name":"Amandyne Steropes","alternateName":"Amandyne Steropes","url":"https:\/\/amandynesteropes.com\/","logo":{"@type":"ImageObject","inLanguage":"en-US","@id":"https:\/\/amandynesteropes.com\/#\/schema\/logo\/image\/","url":"https:\/\/amandynesteropes.com\/wp-content\/uploads\/2022\/07\/logo_amandyne-01.png","contentUrl":"https:\/\/amandynesteropes.com\/wp-content\/uploads\/2022\/07\/logo_amandyne-01.png","width":2165,"height":3300,"caption":"Amandyne Steropes"},"image":{"@id":"https:\/\/amandynesteropes.com\/#\/schema\/logo\/image\/"},"sameAs":["https:\/\/www.facebook.com\/amandine.goitre","https:\/\/www.instagram.com\/amandyne_steropes\/","https:\/\/www.linkedin.com\/in\/amandyne-steropes\/"]}]}},"jetpack_sharing_enabled":true,"_links":{"self":[{"href":"https:\/\/amandynesteropes.com\/en\/wp-json\/wp\/v2\/product\/996","targetHints":{"allow":["GET"]}}],"collection":[{"href":"https:\/\/amandynesteropes.com\/en\/wp-json\/wp\/v2\/product"}],"about":[{"href":"https:\/\/amandynesteropes.com\/en\/wp-json\/wp\/v2\/types\/product"}],"wp:featuredmedia":[{"embeddable":true,"href":"https:\/\/amandynesteropes.com\/en\/wp-json\/wp\/v2\/media\/1028"}],"wp:attachment":[{"href":"https:\/\/amandynesteropes.com\/en\/wp-json\/wp\/v2\/media?parent=996"}],"wp:term":[{"taxonomy":"product_cat","embeddable":true,"href":"https:\/\/amandynesteropes.com\/en\/wp-json\/wp\/v2\/product_cat?post=996"},{"taxonomy":"product_tag","embeddable":true,"href":"https:\/\/amandynesteropes.com\/en\/wp-json\/wp\/v2\/product_tag?post=996"}],"curies":[{"name":"wp","href":"https:\/\/api.w.org\/{rel}","templated":true}]}}