{"id":995,"date":"2022-08-09T04:56:40","date_gmt":"2022-08-09T04:56:40","guid":{"rendered":"https:\/\/amandynesteropes.live-website.com\/?post_type=product&#038;p=995"},"modified":"2022-09-05T17:50:24","modified_gmt":"2022-09-05T17:50:24","slug":"coussin-double-face-spiritus-la-liberte-2","status":"publish","type":"product","link":"https:\/\/amandynesteropes.com\/en\/product\/coussin-double-face-spiritus-la-liberte-2\/","title":{"rendered":"Coussin Spiritus"},"content":{"rendered":"<ul>\n<li>Dimensions : 45x45cm<\/li>\n<li>Type de fermeture : fermeture \u00e9clair<\/li>\n<li>Tissu serg\u00e9 r\u00e9sistant : 195g\/m2<\/li>\n<li>Composition : 100% coton<\/li>\n<\/ul>","protected":false},"excerpt":{"rendered":"<h2>Vous \u00eates \u00e0 la recherche d&rsquo;un coussin design ou original ? Vous aimez l&rsquo;univers d&rsquo;Amandyne Sterop\u00eas ?<\/h2>\n<p>Cr\u00e9ez une ambiance unique dans votre salon ou sur votre lit avec ce coussin Spiritus.<\/p>\n<p>La housse du coussin en tissu serg\u00e9, rend\u00a0ce coussin particuli\u00e8rement r\u00e9sistant.<\/p>\n<p>Il transformera votre coin cosy en v\u00e9ritable havre de paix arty.<\/p>\n<p>La housse se retire facilement pour se laver en machine sans probl\u00e8me. Attention, il faudra laver la housse sur l&rsquo;envers.<\/p>\n<p>Le rembourrage du coussin est en ouate de polyester, parfaite pour les instants c\u00e2lins (et les batailles d&rsquo;oreiller \ud83d\ude09<\/p>\n<p>Le coussin se lave \u00e0 la main.<\/p>","protected":false},"featured_media":1027,"template":"","meta":{"_et_pb_use_builder":"","_et_pb_old_content":"","_et_gb_content_width":""},"product_cat":[51],"product_tag":[],"class_list":["post-995","product","type-product","status-publish","has-post-thumbnail","hentry","product_cat-coussin-deco","product_shipping_class-coussin-deco"],"yoast_head":"<!-- This site is optimized with the Yoast SEO plugin v27.4 - https:\/\/yoast.com\/product\/yoast-seo-wordpress\/ -->\n<title>Coussin Spiritus - Amandyne Steropes<\/title>\n<meta name=\"robots\" content=\"index, follow, max-snippet:-1, max-image-preview:large, max-video-preview:-1\" \/>\n<link rel=\"canonical\" href=\"https:\/\/amandynesteropes.com\/en\/product\/coussin-double-face-spiritus-la-liberte-2\/\" \/>\n<meta property=\"og:locale\" content=\"en_US\" \/>\n<meta property=\"og:type\" content=\"article\" \/>\n<meta property=\"og:title\" content=\"Coussin Spiritus - Amandyne Steropes\" \/>\n<meta property=\"og:description\" content=\"Vous \u00eates \u00e0 la recherche d&#039;un coussin design ou original ? Vous aimez l&#039;univers d&#039;Amandyne Sterop\u00eas ? Cr\u00e9ez une ambiance unique dans votre salon ou sur votre lit avec ce coussin Spiritus.  La housse du coussin en tissu serg\u00e9, rend\u00a0ce coussin particuli\u00e8rement r\u00e9sistant.  Il transformera votre coin cosy en v\u00e9ritable havre de paix arty.  La housse se retire facilement pour se laver en machine sans probl\u00e8me. Attention, il faudra laver la housse sur l&#039;envers.  Le rembourrage du coussin est en ouate de polyester, parfaite pour les instants c\u00e2lins (et les batailles d&#039;oreiller ;)  Le coussin se lave \u00e0 la main.\" \/>\n<meta property=\"og:url\" content=\"https:\/\/amandynesteropes.com\/en\/product\/coussin-double-face-spiritus-la-liberte-2\/\" \/>\n<meta property=\"og:site_name\" content=\"Amandyne Steropes\" \/>\n<meta property=\"article:publisher\" content=\"https:\/\/www.facebook.com\/amandine.goitre\" \/>\n<meta property=\"article:modified_time\" content=\"2022-09-05T17:50:24+00:00\" \/>\n<meta property=\"og:image\" content=\"https:\/\/amandynesteropes.com\/wp-content\/uploads\/2022\/08\/Coussin-sur-fauteuil.png\" \/>\n\t<meta property=\"og:image:width\" content=\"692\" \/>\n\t<meta property=\"og:image:height\" content=\"500\" \/>\n\t<meta property=\"og:image:type\" content=\"image\/png\" \/>\n<meta name=\"twitter:card\" content=\"summary_large_image\" \/>\n<meta name=\"twitter:label1\" content=\"Est. reading time\" \/>\n\t<meta name=\"twitter:data1\" content=\"1 minute\" \/>\n<script type=\"application\/ld+json\" class=\"yoast-schema-graph\">{\"@context\":\"https:\\\/\\\/schema.org\",\"@graph\":[{\"@type\":\"WebPage\",\"@id\":\"https:\\\/\\\/amandynesteropes.com\\\/en\\\/product\\\/coussin-double-face-spiritus-la-liberte-2\\\/\",\"url\":\"https:\\\/\\\/amandynesteropes.com\\\/en\\\/product\\\/coussin-double-face-spiritus-la-liberte-2\\\/\",\"name\":\"Coussin Spiritus - Amandyne Steropes\",\"isPartOf\":{\"@id\":\"https:\\\/\\\/amandynesteropes.com\\\/#website\"},\"primaryImageOfPage\":{\"@id\":\"https:\\\/\\\/amandynesteropes.com\\\/en\\\/product\\\/coussin-double-face-spiritus-la-liberte-2\\\/#primaryimage\"},\"image\":{\"@id\":\"https:\\\/\\\/amandynesteropes.com\\\/en\\\/product\\\/coussin-double-face-spiritus-la-liberte-2\\\/#primaryimage\"},\"thumbnailUrl\":\"https:\\\/\\\/amandynesteropes.com\\\/wp-content\\\/uploads\\\/2022\\\/08\\\/Coussin-sur-fauteuil.png\",\"datePublished\":\"2022-08-09T04:56:40+00:00\",\"dateModified\":\"2022-09-05T17:50:24+00:00\",\"breadcrumb\":{\"@id\":\"https:\\\/\\\/amandynesteropes.com\\\/en\\\/product\\\/coussin-double-face-spiritus-la-liberte-2\\\/#breadcrumb\"},\"inLanguage\":\"en-US\",\"potentialAction\":[{\"@type\":\"ReadAction\",\"target\":[\"https:\\\/\\\/amandynesteropes.com\\\/en\\\/product\\\/coussin-double-face-spiritus-la-liberte-2\\\/\"]}]},{\"@type\":\"ImageObject\",\"inLanguage\":\"en-US\",\"@id\":\"https:\\\/\\\/amandynesteropes.com\\\/en\\\/product\\\/coussin-double-face-spiritus-la-liberte-2\\\/#primaryimage\",\"url\":\"https:\\\/\\\/amandynesteropes.com\\\/wp-content\\\/uploads\\\/2022\\\/08\\\/Coussin-sur-fauteuil.png\",\"contentUrl\":\"https:\\\/\\\/amandynesteropes.com\\\/wp-content\\\/uploads\\\/2022\\\/08\\\/Coussin-sur-fauteuil.png\",\"width\":692,\"height\":500,\"caption\":\"Retrouvez les diff\u00e9rents accessoires de sa collection pour les amateurs qui n\u2019ont plus de place aux murs ou un pouvoir d\u2019achat restreint.\"},{\"@type\":\"BreadcrumbList\",\"@id\":\"https:\\\/\\\/amandynesteropes.com\\\/en\\\/product\\\/coussin-double-face-spiritus-la-liberte-2\\\/#breadcrumb\",\"itemListElement\":[{\"@type\":\"ListItem\",\"position\":1,\"name\":\"Accueil\",\"item\":\"https:\\\/\\\/amandynesteropes.com\\\/\"},{\"@type\":\"ListItem\",\"position\":2,\"name\":\"Boutique\",\"item\":\"https:\\\/\\\/amandynesteropes.com\\\/boutique-amandyne-steropes-peintre\\\/\"},{\"@type\":\"ListItem\",\"position\":3,\"name\":\"Coussin Spiritus\"}]},{\"@type\":\"WebSite\",\"@id\":\"https:\\\/\\\/amandynesteropes.com\\\/#website\",\"url\":\"https:\\\/\\\/amandynesteropes.com\\\/\",\"name\":\"Amandyne Steropes\",\"description\":\"Artiste peintre fran\u00e7aise\",\"publisher\":{\"@id\":\"https:\\\/\\\/amandynesteropes.com\\\/#organization\"},\"alternateName\":\"Amandyne Steropes\",\"potentialAction\":[{\"@type\":\"SearchAction\",\"target\":{\"@type\":\"EntryPoint\",\"urlTemplate\":\"https:\\\/\\\/amandynesteropes.com\\\/?s={search_term_string}\"},\"query-input\":{\"@type\":\"PropertyValueSpecification\",\"valueRequired\":true,\"valueName\":\"search_term_string\"}}],\"inLanguage\":\"en-US\"},{\"@type\":\"Organization\",\"@id\":\"https:\\\/\\\/amandynesteropes.com\\\/#organization\",\"name\":\"Amandyne Steropes\",\"alternateName\":\"Amandyne Steropes\",\"url\":\"https:\\\/\\\/amandynesteropes.com\\\/\",\"logo\":{\"@type\":\"ImageObject\",\"inLanguage\":\"en-US\",\"@id\":\"https:\\\/\\\/amandynesteropes.com\\\/#\\\/schema\\\/logo\\\/image\\\/\",\"url\":\"https:\\\/\\\/amandynesteropes.com\\\/wp-content\\\/uploads\\\/2022\\\/07\\\/logo_amandyne-01.png\",\"contentUrl\":\"https:\\\/\\\/amandynesteropes.com\\\/wp-content\\\/uploads\\\/2022\\\/07\\\/logo_amandyne-01.png\",\"width\":2165,\"height\":3300,\"caption\":\"Amandyne Steropes\"},\"image\":{\"@id\":\"https:\\\/\\\/amandynesteropes.com\\\/#\\\/schema\\\/logo\\\/image\\\/\"},\"sameAs\":[\"https:\\\/\\\/www.facebook.com\\\/amandine.goitre\",\"https:\\\/\\\/www.instagram.com\\\/amandyne_steropes\\\/\",\"https:\\\/\\\/www.linkedin.com\\\/in\\\/amandyne-steropes\\\/\"]}]}<\/script>\n<!-- \/ Yoast SEO plugin. -->","yoast_head_json":{"title":"Coussin Spiritus - Amandyne Steropes","robots":{"index":"index","follow":"follow","max-snippet":"max-snippet:-1","max-image-preview":"max-image-preview:large","max-video-preview":"max-video-preview:-1"},"canonical":"https:\/\/amandynesteropes.com\/en\/product\/coussin-double-face-spiritus-la-liberte-2\/","og_locale":"en_US","og_type":"article","og_title":"Coussin Spiritus - Amandyne Steropes","og_description":"Vous \u00eates \u00e0 la recherche d'un coussin design ou original ? Vous aimez l'univers d'Amandyne Sterop\u00eas ? Cr\u00e9ez une ambiance unique dans votre salon ou sur votre lit avec ce coussin Spiritus.  La housse du coussin en tissu serg\u00e9, rend\u00a0ce coussin particuli\u00e8rement r\u00e9sistant.  Il transformera votre coin cosy en v\u00e9ritable havre de paix arty.  La housse se retire facilement pour se laver en machine sans probl\u00e8me. Attention, il faudra laver la housse sur l'envers.  Le rembourrage du coussin est en ouate de polyester, parfaite pour les instants c\u00e2lins (et les batailles d'oreiller ;)  Le coussin se lave \u00e0 la main.","og_url":"https:\/\/amandynesteropes.com\/en\/product\/coussin-double-face-spiritus-la-liberte-2\/","og_site_name":"Amandyne Steropes","article_publisher":"https:\/\/www.facebook.com\/amandine.goitre","article_modified_time":"2022-09-05T17:50:24+00:00","og_image":[{"width":692,"height":500,"url":"https:\/\/amandynesteropes.com\/wp-content\/uploads\/2022\/08\/Coussin-sur-fauteuil.png","type":"image\/png"}],"twitter_card":"summary_large_image","twitter_misc":{"Est. reading time":"1 minute"},"schema":{"@context":"https:\/\/schema.org","@graph":[{"@type":"WebPage","@id":"https:\/\/amandynesteropes.com\/en\/product\/coussin-double-face-spiritus-la-liberte-2\/","url":"https:\/\/amandynesteropes.com\/en\/product\/coussin-double-face-spiritus-la-liberte-2\/","name":"Coussin Spiritus - Amandyne Steropes","isPartOf":{"@id":"https:\/\/amandynesteropes.com\/#website"},"primaryImageOfPage":{"@id":"https:\/\/amandynesteropes.com\/en\/product\/coussin-double-face-spiritus-la-liberte-2\/#primaryimage"},"image":{"@id":"https:\/\/amandynesteropes.com\/en\/product\/coussin-double-face-spiritus-la-liberte-2\/#primaryimage"},"thumbnailUrl":"https:\/\/amandynesteropes.com\/wp-content\/uploads\/2022\/08\/Coussin-sur-fauteuil.png","datePublished":"2022-08-09T04:56:40+00:00","dateModified":"2022-09-05T17:50:24+00:00","breadcrumb":{"@id":"https:\/\/amandynesteropes.com\/en\/product\/coussin-double-face-spiritus-la-liberte-2\/#breadcrumb"},"inLanguage":"en-US","potentialAction":[{"@type":"ReadAction","target":["https:\/\/amandynesteropes.com\/en\/product\/coussin-double-face-spiritus-la-liberte-2\/"]}]},{"@type":"ImageObject","inLanguage":"en-US","@id":"https:\/\/amandynesteropes.com\/en\/product\/coussin-double-face-spiritus-la-liberte-2\/#primaryimage","url":"https:\/\/amandynesteropes.com\/wp-content\/uploads\/2022\/08\/Coussin-sur-fauteuil.png","contentUrl":"https:\/\/amandynesteropes.com\/wp-content\/uploads\/2022\/08\/Coussin-sur-fauteuil.png","width":692,"height":500,"caption":"Retrouvez les diff\u00e9rents accessoires de sa collection pour les amateurs qui n\u2019ont plus de place aux murs ou un pouvoir d\u2019achat restreint."},{"@type":"BreadcrumbList","@id":"https:\/\/amandynesteropes.com\/en\/product\/coussin-double-face-spiritus-la-liberte-2\/#breadcrumb","itemListElement":[{"@type":"ListItem","position":1,"name":"Accueil","item":"https:\/\/amandynesteropes.com\/"},{"@type":"ListItem","position":2,"name":"Boutique","item":"https:\/\/amandynesteropes.com\/boutique-amandyne-steropes-peintre\/"},{"@type":"ListItem","position":3,"name":"Coussin Spiritus"}]},{"@type":"WebSite","@id":"https:\/\/amandynesteropes.com\/#website","url":"https:\/\/amandynesteropes.com\/","name":"Amandyne Steropes","description":"Artiste peintre fran\u00e7aise","publisher":{"@id":"https:\/\/amandynesteropes.com\/#organization"},"alternateName":"Amandyne Steropes","potentialAction":[{"@type":"SearchAction","target":{"@type":"EntryPoint","urlTemplate":"https:\/\/amandynesteropes.com\/?s={search_term_string}"},"query-input":{"@type":"PropertyValueSpecification","valueRequired":true,"valueName":"search_term_string"}}],"inLanguage":"en-US"},{"@type":"Organization","@id":"https:\/\/amandynesteropes.com\/#organization","name":"Amandyne Steropes","alternateName":"Amandyne Steropes","url":"https:\/\/amandynesteropes.com\/","logo":{"@type":"ImageObject","inLanguage":"en-US","@id":"https:\/\/amandynesteropes.com\/#\/schema\/logo\/image\/","url":"https:\/\/amandynesteropes.com\/wp-content\/uploads\/2022\/07\/logo_amandyne-01.png","contentUrl":"https:\/\/amandynesteropes.com\/wp-content\/uploads\/2022\/07\/logo_amandyne-01.png","width":2165,"height":3300,"caption":"Amandyne Steropes"},"image":{"@id":"https:\/\/amandynesteropes.com\/#\/schema\/logo\/image\/"},"sameAs":["https:\/\/www.facebook.com\/amandine.goitre","https:\/\/www.instagram.com\/amandyne_steropes\/","https:\/\/www.linkedin.com\/in\/amandyne-steropes\/"]}]}},"jetpack_sharing_enabled":true,"_links":{"self":[{"href":"https:\/\/amandynesteropes.com\/en\/wp-json\/wp\/v2\/product\/995","targetHints":{"allow":["GET"]}}],"collection":[{"href":"https:\/\/amandynesteropes.com\/en\/wp-json\/wp\/v2\/product"}],"about":[{"href":"https:\/\/amandynesteropes.com\/en\/wp-json\/wp\/v2\/types\/product"}],"wp:featuredmedia":[{"embeddable":true,"href":"https:\/\/amandynesteropes.com\/en\/wp-json\/wp\/v2\/media\/1027"}],"wp:attachment":[{"href":"https:\/\/amandynesteropes.com\/en\/wp-json\/wp\/v2\/media?parent=995"}],"wp:term":[{"taxonomy":"product_cat","embeddable":true,"href":"https:\/\/amandynesteropes.com\/en\/wp-json\/wp\/v2\/product_cat?post=995"},{"taxonomy":"product_tag","embeddable":true,"href":"https:\/\/amandynesteropes.com\/en\/wp-json\/wp\/v2\/product_tag?post=995"}],"curies":[{"name":"wp","href":"https:\/\/api.w.org\/{rel}","templated":true}]}}