{"id":990,"date":"2022-08-09T03:57:04","date_gmt":"2022-08-09T03:57:04","guid":{"rendered":"https:\/\/amandynesteropes.live-website.com\/?post_type=product&#038;p=990"},"modified":"2022-09-05T17:50:32","modified_gmt":"2022-09-05T17:50:32","slug":"coussin-double-face-spiritus-la-liberte","status":"publish","type":"product","link":"https:\/\/amandynesteropes.com\/en\/product\/coussin-double-face-spiritus-la-liberte\/","title":{"rendered":"Coussin double face Spiritus La Libert\u00e9"},"content":{"rendered":"<ul>\n<li>Dimensions : 45x45cm<\/li>\n<li>Housse 100 % polyester pr\u00e9-r\u00e9tr\u00e9ci<\/li>\n<li>Poids du tissu : 275 g\/m\u00b2<\/li>\n<li>Fermeture-\u00e9clair dissimul\u00e9e<\/li>\n<li>Tissu \u00e9vacuant l&rsquo;humidit\u00e9 avec effet lin<\/li>\n<li>Coussin lavable en machine<\/li>\n<li>Insert 100 % polyester qui permet de maintenir la forme du coussin (lavage \u00e0 la main uniquement)<\/li>\n<\/ul>","protected":false},"excerpt":{"rendered":"<p>Vous \u00eates \u00e0 la recherche d&rsquo;un\u00a0<strong>coussin design ou original\u00a0<\/strong>? Vous aimez l&rsquo;univers d&rsquo;Amandyne Sterop\u00eas ? La puissance de ses traits, la sensualit\u00e9 de ces corps nus ?<\/p>\n<p>Cr\u00e9ez une\u00a0<strong>ambiance unique<\/strong>\u00a0dans votre salon ou sur votre lit avec ce coussin recto-verso Spiritus et La Libert\u00e9. Il transformera votre coin cosy en v\u00e9ritable havre de paix arty.<\/p>\n<p>Fabriqu\u00e9e en polyester, la housse de ce coussin est\u00a0<strong>tr\u00e8s douce<\/strong>\u00a0au toucher.<\/p>\n<p>Ce coussin est fabriqu\u00e9 \u00e0 partir de\u00a0<strong>mat\u00e9riaux de qualit\u00e9 sup\u00e9rieure<\/strong>.<\/p>\n<p>Ce coussin est imprim\u00e9, coup\u00e9\u00a0et\u00a0cousu\u00a0\u00e0 la main, et fabriqu\u00e9\u00a0avec\u00a0des\u00a0encres certifi\u00e9es\u00a0<a href=\"https:\/\/www.cpsc.gov\/Regulations-Laws--Standards\/Statutes\/The-Consumer-Product-Safety-Improvement-Act\">CPSIA<\/a>.<\/p>","protected":false},"featured_media":991,"template":"","meta":{"_et_pb_use_builder":"","_et_pb_old_content":"","_et_gb_content_width":""},"product_cat":[30,51],"product_tag":[],"class_list":["post-990","product","type-product","status-publish","has-post-thumbnail","hentry","product_cat-accessoires","product_cat-coussin-deco","product_shipping_class-coussin-deco"],"yoast_head":"<!-- This site is optimized with the Yoast SEO plugin v27.4 - https:\/\/yoast.com\/product\/yoast-seo-wordpress\/ -->\n<title>Coussin double face Spiritus La Libert\u00e9 - Amandyne Steropes<\/title>\n<meta name=\"robots\" content=\"index, follow, max-snippet:-1, max-image-preview:large, max-video-preview:-1\" \/>\n<link rel=\"canonical\" href=\"https:\/\/amandynesteropes.com\/en\/product\/coussin-double-face-spiritus-la-liberte\/\" \/>\n<meta property=\"og:locale\" content=\"en_US\" \/>\n<meta property=\"og:type\" content=\"article\" \/>\n<meta property=\"og:title\" content=\"Coussin double face Spiritus La Libert\u00e9 - Amandyne Steropes\" \/>\n<meta property=\"og:description\" content=\"Vous \u00eates \u00e0 la recherche d&#039;un\u00a0coussin design ou original\u00a0? Vous aimez l&#039;univers d&#039;Amandyne Sterop\u00eas ? La puissance de ses traits, la sensualit\u00e9 de ces corps nus ?  Cr\u00e9ez une\u00a0ambiance unique\u00a0dans votre salon ou sur votre lit avec ce coussin recto-verso Spiritus et La Libert\u00e9. Il transformera votre coin cosy en v\u00e9ritable havre de paix arty.  Fabriqu\u00e9e en polyester, la housse de ce coussin est\u00a0tr\u00e8s douce\u00a0au toucher.  Ce coussin est fabriqu\u00e9 \u00e0 partir de\u00a0mat\u00e9riaux de qualit\u00e9 sup\u00e9rieure.  Ce coussin est imprim\u00e9, coup\u00e9\u00a0et\u00a0cousu\u00a0\u00e0 la main, et fabriqu\u00e9\u00a0avec\u00a0des\u00a0encres certifi\u00e9es\u00a0CPSIA.\" \/>\n<meta property=\"og:url\" content=\"https:\/\/amandynesteropes.com\/en\/product\/coussin-double-face-spiritus-la-liberte\/\" \/>\n<meta property=\"og:site_name\" content=\"Amandyne Steropes\" \/>\n<meta property=\"article:publisher\" content=\"https:\/\/www.facebook.com\/amandine.goitre\" \/>\n<meta property=\"article:modified_time\" content=\"2022-09-05T17:50:32+00:00\" \/>\n<meta property=\"og:image\" content=\"https:\/\/amandynesteropes.com\/wp-content\/uploads\/2022\/08\/cousin.png\" \/>\n\t<meta property=\"og:image:width\" content=\"974\" \/>\n\t<meta property=\"og:image:height\" content=\"666\" \/>\n\t<meta property=\"og:image:type\" content=\"image\/png\" \/>\n<meta name=\"twitter:card\" content=\"summary_large_image\" \/>\n<meta name=\"twitter:label1\" content=\"Est. reading time\" \/>\n\t<meta name=\"twitter:data1\" content=\"1 minute\" \/>\n<script type=\"application\/ld+json\" class=\"yoast-schema-graph\">{\"@context\":\"https:\\\/\\\/schema.org\",\"@graph\":[{\"@type\":\"WebPage\",\"@id\":\"https:\\\/\\\/amandynesteropes.com\\\/en\\\/product\\\/coussin-double-face-spiritus-la-liberte\\\/\",\"url\":\"https:\\\/\\\/amandynesteropes.com\\\/en\\\/product\\\/coussin-double-face-spiritus-la-liberte\\\/\",\"name\":\"Coussin double face Spiritus La Libert\u00e9 - Amandyne Steropes\",\"isPartOf\":{\"@id\":\"https:\\\/\\\/amandynesteropes.com\\\/#website\"},\"primaryImageOfPage\":{\"@id\":\"https:\\\/\\\/amandynesteropes.com\\\/en\\\/product\\\/coussin-double-face-spiritus-la-liberte\\\/#primaryimage\"},\"image\":{\"@id\":\"https:\\\/\\\/amandynesteropes.com\\\/en\\\/product\\\/coussin-double-face-spiritus-la-liberte\\\/#primaryimage\"},\"thumbnailUrl\":\"https:\\\/\\\/amandynesteropes.com\\\/wp-content\\\/uploads\\\/2022\\\/08\\\/cousin.png\",\"datePublished\":\"2022-08-09T03:57:04+00:00\",\"dateModified\":\"2022-09-05T17:50:32+00:00\",\"breadcrumb\":{\"@id\":\"https:\\\/\\\/amandynesteropes.com\\\/en\\\/product\\\/coussin-double-face-spiritus-la-liberte\\\/#breadcrumb\"},\"inLanguage\":\"en-US\",\"potentialAction\":[{\"@type\":\"ReadAction\",\"target\":[\"https:\\\/\\\/amandynesteropes.com\\\/en\\\/product\\\/coussin-double-face-spiritus-la-liberte\\\/\"]}]},{\"@type\":\"ImageObject\",\"inLanguage\":\"en-US\",\"@id\":\"https:\\\/\\\/amandynesteropes.com\\\/en\\\/product\\\/coussin-double-face-spiritus-la-liberte\\\/#primaryimage\",\"url\":\"https:\\\/\\\/amandynesteropes.com\\\/wp-content\\\/uploads\\\/2022\\\/08\\\/cousin.png\",\"contentUrl\":\"https:\\\/\\\/amandynesteropes.com\\\/wp-content\\\/uploads\\\/2022\\\/08\\\/cousin.png\",\"width\":974,\"height\":666,\"caption\":\"Retrouvez les diff\u00e9rents accessoires de sa collection pour les amateurs qui n\u2019ont plus de place aux murs ou un pouvoir d\u2019achat restreint.\"},{\"@type\":\"BreadcrumbList\",\"@id\":\"https:\\\/\\\/amandynesteropes.com\\\/en\\\/product\\\/coussin-double-face-spiritus-la-liberte\\\/#breadcrumb\",\"itemListElement\":[{\"@type\":\"ListItem\",\"position\":1,\"name\":\"Accueil\",\"item\":\"https:\\\/\\\/amandynesteropes.com\\\/\"},{\"@type\":\"ListItem\",\"position\":2,\"name\":\"Boutique\",\"item\":\"https:\\\/\\\/amandynesteropes.com\\\/boutique-amandyne-steropes-peintre\\\/\"},{\"@type\":\"ListItem\",\"position\":3,\"name\":\"Coussin double face Spiritus La Libert\u00e9\"}]},{\"@type\":\"WebSite\",\"@id\":\"https:\\\/\\\/amandynesteropes.com\\\/#website\",\"url\":\"https:\\\/\\\/amandynesteropes.com\\\/\",\"name\":\"Amandyne Steropes\",\"description\":\"Artiste peintre fran\u00e7aise\",\"publisher\":{\"@id\":\"https:\\\/\\\/amandynesteropes.com\\\/#organization\"},\"alternateName\":\"Amandyne Steropes\",\"potentialAction\":[{\"@type\":\"SearchAction\",\"target\":{\"@type\":\"EntryPoint\",\"urlTemplate\":\"https:\\\/\\\/amandynesteropes.com\\\/?s={search_term_string}\"},\"query-input\":{\"@type\":\"PropertyValueSpecification\",\"valueRequired\":true,\"valueName\":\"search_term_string\"}}],\"inLanguage\":\"en-US\"},{\"@type\":\"Organization\",\"@id\":\"https:\\\/\\\/amandynesteropes.com\\\/#organization\",\"name\":\"Amandyne Steropes\",\"alternateName\":\"Amandyne Steropes\",\"url\":\"https:\\\/\\\/amandynesteropes.com\\\/\",\"logo\":{\"@type\":\"ImageObject\",\"inLanguage\":\"en-US\",\"@id\":\"https:\\\/\\\/amandynesteropes.com\\\/#\\\/schema\\\/logo\\\/image\\\/\",\"url\":\"https:\\\/\\\/amandynesteropes.com\\\/wp-content\\\/uploads\\\/2022\\\/07\\\/logo_amandyne-01.png\",\"contentUrl\":\"https:\\\/\\\/amandynesteropes.com\\\/wp-content\\\/uploads\\\/2022\\\/07\\\/logo_amandyne-01.png\",\"width\":2165,\"height\":3300,\"caption\":\"Amandyne Steropes\"},\"image\":{\"@id\":\"https:\\\/\\\/amandynesteropes.com\\\/#\\\/schema\\\/logo\\\/image\\\/\"},\"sameAs\":[\"https:\\\/\\\/www.facebook.com\\\/amandine.goitre\",\"https:\\\/\\\/www.instagram.com\\\/amandyne_steropes\\\/\",\"https:\\\/\\\/www.linkedin.com\\\/in\\\/amandyne-steropes\\\/\"]}]}<\/script>\n<!-- \/ Yoast SEO plugin. -->","yoast_head_json":{"title":"Coussin double face Spiritus La Libert\u00e9 - Amandyne Steropes","robots":{"index":"index","follow":"follow","max-snippet":"max-snippet:-1","max-image-preview":"max-image-preview:large","max-video-preview":"max-video-preview:-1"},"canonical":"https:\/\/amandynesteropes.com\/en\/product\/coussin-double-face-spiritus-la-liberte\/","og_locale":"en_US","og_type":"article","og_title":"Coussin double face Spiritus La Libert\u00e9 - Amandyne Steropes","og_description":"Vous \u00eates \u00e0 la recherche d'un\u00a0coussin design ou original\u00a0? Vous aimez l'univers d'Amandyne Sterop\u00eas ? La puissance de ses traits, la sensualit\u00e9 de ces corps nus ?  Cr\u00e9ez une\u00a0ambiance unique\u00a0dans votre salon ou sur votre lit avec ce coussin recto-verso Spiritus et La Libert\u00e9. Il transformera votre coin cosy en v\u00e9ritable havre de paix arty.  Fabriqu\u00e9e en polyester, la housse de ce coussin est\u00a0tr\u00e8s douce\u00a0au toucher.  Ce coussin est fabriqu\u00e9 \u00e0 partir de\u00a0mat\u00e9riaux de qualit\u00e9 sup\u00e9rieure.  Ce coussin est imprim\u00e9, coup\u00e9\u00a0et\u00a0cousu\u00a0\u00e0 la main, et fabriqu\u00e9\u00a0avec\u00a0des\u00a0encres certifi\u00e9es\u00a0CPSIA.","og_url":"https:\/\/amandynesteropes.com\/en\/product\/coussin-double-face-spiritus-la-liberte\/","og_site_name":"Amandyne Steropes","article_publisher":"https:\/\/www.facebook.com\/amandine.goitre","article_modified_time":"2022-09-05T17:50:32+00:00","og_image":[{"width":974,"height":666,"url":"https:\/\/amandynesteropes.com\/wp-content\/uploads\/2022\/08\/cousin.png","type":"image\/png"}],"twitter_card":"summary_large_image","twitter_misc":{"Est. reading time":"1 minute"},"schema":{"@context":"https:\/\/schema.org","@graph":[{"@type":"WebPage","@id":"https:\/\/amandynesteropes.com\/en\/product\/coussin-double-face-spiritus-la-liberte\/","url":"https:\/\/amandynesteropes.com\/en\/product\/coussin-double-face-spiritus-la-liberte\/","name":"Coussin double face Spiritus La Libert\u00e9 - Amandyne Steropes","isPartOf":{"@id":"https:\/\/amandynesteropes.com\/#website"},"primaryImageOfPage":{"@id":"https:\/\/amandynesteropes.com\/en\/product\/coussin-double-face-spiritus-la-liberte\/#primaryimage"},"image":{"@id":"https:\/\/amandynesteropes.com\/en\/product\/coussin-double-face-spiritus-la-liberte\/#primaryimage"},"thumbnailUrl":"https:\/\/amandynesteropes.com\/wp-content\/uploads\/2022\/08\/cousin.png","datePublished":"2022-08-09T03:57:04+00:00","dateModified":"2022-09-05T17:50:32+00:00","breadcrumb":{"@id":"https:\/\/amandynesteropes.com\/en\/product\/coussin-double-face-spiritus-la-liberte\/#breadcrumb"},"inLanguage":"en-US","potentialAction":[{"@type":"ReadAction","target":["https:\/\/amandynesteropes.com\/en\/product\/coussin-double-face-spiritus-la-liberte\/"]}]},{"@type":"ImageObject","inLanguage":"en-US","@id":"https:\/\/amandynesteropes.com\/en\/product\/coussin-double-face-spiritus-la-liberte\/#primaryimage","url":"https:\/\/amandynesteropes.com\/wp-content\/uploads\/2022\/08\/cousin.png","contentUrl":"https:\/\/amandynesteropes.com\/wp-content\/uploads\/2022\/08\/cousin.png","width":974,"height":666,"caption":"Retrouvez les diff\u00e9rents accessoires de sa collection pour les amateurs qui n\u2019ont plus de place aux murs ou un pouvoir d\u2019achat restreint."},{"@type":"BreadcrumbList","@id":"https:\/\/amandynesteropes.com\/en\/product\/coussin-double-face-spiritus-la-liberte\/#breadcrumb","itemListElement":[{"@type":"ListItem","position":1,"name":"Accueil","item":"https:\/\/amandynesteropes.com\/"},{"@type":"ListItem","position":2,"name":"Boutique","item":"https:\/\/amandynesteropes.com\/boutique-amandyne-steropes-peintre\/"},{"@type":"ListItem","position":3,"name":"Coussin double face Spiritus La Libert\u00e9"}]},{"@type":"WebSite","@id":"https:\/\/amandynesteropes.com\/#website","url":"https:\/\/amandynesteropes.com\/","name":"Amandyne Steropes","description":"Artiste peintre fran\u00e7aise","publisher":{"@id":"https:\/\/amandynesteropes.com\/#organization"},"alternateName":"Amandyne Steropes","potentialAction":[{"@type":"SearchAction","target":{"@type":"EntryPoint","urlTemplate":"https:\/\/amandynesteropes.com\/?s={search_term_string}"},"query-input":{"@type":"PropertyValueSpecification","valueRequired":true,"valueName":"search_term_string"}}],"inLanguage":"en-US"},{"@type":"Organization","@id":"https:\/\/amandynesteropes.com\/#organization","name":"Amandyne Steropes","alternateName":"Amandyne Steropes","url":"https:\/\/amandynesteropes.com\/","logo":{"@type":"ImageObject","inLanguage":"en-US","@id":"https:\/\/amandynesteropes.com\/#\/schema\/logo\/image\/","url":"https:\/\/amandynesteropes.com\/wp-content\/uploads\/2022\/07\/logo_amandyne-01.png","contentUrl":"https:\/\/amandynesteropes.com\/wp-content\/uploads\/2022\/07\/logo_amandyne-01.png","width":2165,"height":3300,"caption":"Amandyne Steropes"},"image":{"@id":"https:\/\/amandynesteropes.com\/#\/schema\/logo\/image\/"},"sameAs":["https:\/\/www.facebook.com\/amandine.goitre","https:\/\/www.instagram.com\/amandyne_steropes\/","https:\/\/www.linkedin.com\/in\/amandyne-steropes\/"]}]}},"jetpack_sharing_enabled":true,"_links":{"self":[{"href":"https:\/\/amandynesteropes.com\/en\/wp-json\/wp\/v2\/product\/990","targetHints":{"allow":["GET"]}}],"collection":[{"href":"https:\/\/amandynesteropes.com\/en\/wp-json\/wp\/v2\/product"}],"about":[{"href":"https:\/\/amandynesteropes.com\/en\/wp-json\/wp\/v2\/types\/product"}],"wp:featuredmedia":[{"embeddable":true,"href":"https:\/\/amandynesteropes.com\/en\/wp-json\/wp\/v2\/media\/991"}],"wp:attachment":[{"href":"https:\/\/amandynesteropes.com\/en\/wp-json\/wp\/v2\/media?parent=990"}],"wp:term":[{"taxonomy":"product_cat","embeddable":true,"href":"https:\/\/amandynesteropes.com\/en\/wp-json\/wp\/v2\/product_cat?post=990"},{"taxonomy":"product_tag","embeddable":true,"href":"https:\/\/amandynesteropes.com\/en\/wp-json\/wp\/v2\/product_tag?post=990"}],"curies":[{"name":"wp","href":"https:\/\/api.w.org\/{rel}","templated":true}]}}