{"id":989,"date":"2022-08-09T03:55:33","date_gmt":"2022-08-09T03:55:33","guid":{"rendered":"https:\/\/amandynesteropes.live-website.com\/?post_type=product&#038;p=989"},"modified":"2022-09-05T17:50:45","modified_gmt":"2022-09-05T17:50:45","slug":"t-shirt-homme-spiritus","status":"publish","type":"product","link":"https:\/\/amandynesteropes.com\/en\/product\/t-shirt-homme-spiritus\/","title":{"rendered":"T-shirt homme Spiritus"},"content":{"rendered":"<ul>\n<li>Grammage : 180 g\/m\u00b2<\/li>\n<li>Coton 100 % fil\u00e9 \u00e0 l\u2019anneau (gris : 90 % coton fil\u00e9 \u00e0 l\u2019anneau, 10 % polyester)<\/li>\n<li>Tissu sanforis\u00e9 : garde sa forme apr\u00e8s le lavage<\/li>\n<\/ul>","protected":false},"excerpt":{"rendered":"<p>Le t-shirt, un basique pr\u00e9cieux qu&rsquo;on retrouve dans tous les placards !<\/p>\n<p>Si\u00a0<strong>vous craquez pour l&rsquo;univers d&rsquo;Amandyne Sterop\u00eas, vous allez adorer porter Spiritus<\/strong>\u00a0(ou l&rsquo;offrir !).<\/p>\n<p>Ce t-shirt est\u00a0<strong>tr\u00e8s r\u00e9sistant<\/strong>. Il a tout pour plaire avec sa\u00a0<strong>coupe classique<\/strong>\u00a0et son\u00a0<strong>col en V\u00a0<\/strong>qui apporte un petit c\u00f4t\u00e9\u00a0<strong>d\u00e9contract\u00e9<\/strong>.<\/p>\n<p>Sa\u00a0<strong>qualit\u00e9 de fabrication<\/strong>\u00a0et le traitement sp\u00e9cial du tissu lui permettent de battre des records de long\u00e9vit\u00e9 et de garder sa forme et ses couleurs\u00a0lavage apr\u00e8s lavage, sans perdre en style !<\/p>\n<p>Ce t-shirt est fabriqu\u00e9 par Gildan, une marque d\u00e9sign\u00e9e comme l&rsquo;une des soci\u00e9t\u00e9s les mieux g\u00e9r\u00e9es mondialement d&rsquo;un point de vue d\u00e9veloppement durable par le Wall Street Journal.<\/p>","protected":false},"featured_media":1024,"template":"","meta":{"_et_pb_use_builder":"","_et_pb_old_content":"","_et_gb_content_width":""},"product_cat":[50],"product_tag":[],"class_list":["post-989","product","type-product","status-publish","has-post-thumbnail","hentry","product_cat-t-shirt-hoodie","product_shipping_class-t-shirt-hoodie"],"yoast_head":"<!-- This site is optimized with the Yoast SEO plugin v27.4 - https:\/\/yoast.com\/product\/yoast-seo-wordpress\/ -->\n<title>T-shirt homme Spiritus - Amandyne Steropes<\/title>\n<meta name=\"robots\" content=\"index, follow, max-snippet:-1, max-image-preview:large, max-video-preview:-1\" \/>\n<link rel=\"canonical\" href=\"https:\/\/amandynesteropes.com\/en\/product\/t-shirt-homme-spiritus\/\" \/>\n<meta property=\"og:locale\" content=\"en_US\" \/>\n<meta property=\"og:type\" content=\"article\" \/>\n<meta property=\"og:title\" content=\"T-shirt homme Spiritus - Amandyne Steropes\" \/>\n<meta property=\"og:description\" content=\"Le t-shirt, un basique pr\u00e9cieux qu&#039;on retrouve dans tous les placards !  Si\u00a0vous craquez pour l&#039;univers d&#039;Amandyne Sterop\u00eas, vous allez adorer porter Spiritus\u00a0(ou l&#039;offrir !).  Ce t-shirt est\u00a0tr\u00e8s r\u00e9sistant. Il a tout pour plaire avec sa\u00a0coupe classique\u00a0et son\u00a0col en V\u00a0qui apporte un petit c\u00f4t\u00e9\u00a0d\u00e9contract\u00e9.  Sa\u00a0qualit\u00e9 de fabrication\u00a0et le traitement sp\u00e9cial du tissu lui permettent de battre des records de long\u00e9vit\u00e9 et de garder sa forme et ses couleurs\u00a0lavage apr\u00e8s lavage, sans perdre en style !  Ce t-shirt est fabriqu\u00e9 par Gildan, une marque d\u00e9sign\u00e9e comme l&#039;une des soci\u00e9t\u00e9s les mieux g\u00e9r\u00e9es mondialement d&#039;un point de vue d\u00e9veloppement durable par le Wall Street Journal.\" \/>\n<meta property=\"og:url\" content=\"https:\/\/amandynesteropes.com\/en\/product\/t-shirt-homme-spiritus\/\" \/>\n<meta property=\"og:site_name\" content=\"Amandyne Steropes\" \/>\n<meta property=\"article:publisher\" content=\"https:\/\/www.facebook.com\/amandine.goitre\" \/>\n<meta property=\"article:modified_time\" content=\"2022-09-05T17:50:45+00:00\" \/>\n<meta property=\"og:image\" content=\"https:\/\/amandynesteropes.com\/wp-content\/uploads\/2022\/08\/T-shirt-homme-1.png\" \/>\n\t<meta property=\"og:image:width\" content=\"452\" \/>\n\t<meta property=\"og:image:height\" content=\"684\" \/>\n\t<meta property=\"og:image:type\" content=\"image\/png\" \/>\n<meta name=\"twitter:card\" content=\"summary_large_image\" \/>\n<meta name=\"twitter:label1\" content=\"Est. reading time\" \/>\n\t<meta name=\"twitter:data1\" content=\"1 minute\" \/>\n<script type=\"application\/ld+json\" class=\"yoast-schema-graph\">{\"@context\":\"https:\\\/\\\/schema.org\",\"@graph\":[{\"@type\":\"WebPage\",\"@id\":\"https:\\\/\\\/amandynesteropes.com\\\/produit\\\/t-shirt-homme-spiritus\\\/\",\"url\":\"https:\\\/\\\/amandynesteropes.com\\\/produit\\\/t-shirt-homme-spiritus\\\/\",\"name\":\"T-shirt homme Spiritus - Amandyne Steropes\",\"isPartOf\":{\"@id\":\"https:\\\/\\\/amandynesteropes.com\\\/#website\"},\"primaryImageOfPage\":{\"@id\":\"https:\\\/\\\/amandynesteropes.com\\\/produit\\\/t-shirt-homme-spiritus\\\/#primaryimage\"},\"image\":{\"@id\":\"https:\\\/\\\/amandynesteropes.com\\\/produit\\\/t-shirt-homme-spiritus\\\/#primaryimage\"},\"thumbnailUrl\":\"https:\\\/\\\/amandynesteropes.com\\\/wp-content\\\/uploads\\\/2022\\\/08\\\/T-shirt-homme-1.png\",\"datePublished\":\"2022-08-09T03:55:33+00:00\",\"dateModified\":\"2022-09-05T17:50:45+00:00\",\"breadcrumb\":{\"@id\":\"https:\\\/\\\/amandynesteropes.com\\\/produit\\\/t-shirt-homme-spiritus\\\/#breadcrumb\"},\"inLanguage\":\"en-US\",\"potentialAction\":[{\"@type\":\"ReadAction\",\"target\":[\"https:\\\/\\\/amandynesteropes.com\\\/produit\\\/t-shirt-homme-spiritus\\\/\"]}]},{\"@type\":\"ImageObject\",\"inLanguage\":\"en-US\",\"@id\":\"https:\\\/\\\/amandynesteropes.com\\\/produit\\\/t-shirt-homme-spiritus\\\/#primaryimage\",\"url\":\"https:\\\/\\\/amandynesteropes.com\\\/wp-content\\\/uploads\\\/2022\\\/08\\\/T-shirt-homme-1.png\",\"contentUrl\":\"https:\\\/\\\/amandynesteropes.com\\\/wp-content\\\/uploads\\\/2022\\\/08\\\/T-shirt-homme-1.png\",\"width\":452,\"height\":684,\"caption\":\"Retrouvez les diff\u00e9rents accessoires de sa collection pour les amateurs qui n\u2019ont plus de place aux murs ou un pouvoir d\u2019achat restreint.\"},{\"@type\":\"BreadcrumbList\",\"@id\":\"https:\\\/\\\/amandynesteropes.com\\\/produit\\\/t-shirt-homme-spiritus\\\/#breadcrumb\",\"itemListElement\":[{\"@type\":\"ListItem\",\"position\":1,\"name\":\"Accueil\",\"item\":\"https:\\\/\\\/amandynesteropes.com\\\/\"},{\"@type\":\"ListItem\",\"position\":2,\"name\":\"Boutique\",\"item\":\"https:\\\/\\\/amandynesteropes.com\\\/boutique-amandyne-steropes-peintre\\\/\"},{\"@type\":\"ListItem\",\"position\":3,\"name\":\"T-shirt homme Spiritus\"}]},{\"@type\":\"WebSite\",\"@id\":\"https:\\\/\\\/amandynesteropes.com\\\/#website\",\"url\":\"https:\\\/\\\/amandynesteropes.com\\\/\",\"name\":\"Amandyne Steropes\",\"description\":\"Artiste peintre fran\u00e7aise\",\"publisher\":{\"@id\":\"https:\\\/\\\/amandynesteropes.com\\\/#organization\"},\"alternateName\":\"Amandyne Steropes\",\"potentialAction\":[{\"@type\":\"SearchAction\",\"target\":{\"@type\":\"EntryPoint\",\"urlTemplate\":\"https:\\\/\\\/amandynesteropes.com\\\/?s={search_term_string}\"},\"query-input\":{\"@type\":\"PropertyValueSpecification\",\"valueRequired\":true,\"valueName\":\"search_term_string\"}}],\"inLanguage\":\"en-US\"},{\"@type\":\"Organization\",\"@id\":\"https:\\\/\\\/amandynesteropes.com\\\/#organization\",\"name\":\"Amandyne Steropes\",\"alternateName\":\"Amandyne Steropes\",\"url\":\"https:\\\/\\\/amandynesteropes.com\\\/\",\"logo\":{\"@type\":\"ImageObject\",\"inLanguage\":\"en-US\",\"@id\":\"https:\\\/\\\/amandynesteropes.com\\\/#\\\/schema\\\/logo\\\/image\\\/\",\"url\":\"https:\\\/\\\/amandynesteropes.com\\\/wp-content\\\/uploads\\\/2022\\\/07\\\/logo_amandyne-01.png\",\"contentUrl\":\"https:\\\/\\\/amandynesteropes.com\\\/wp-content\\\/uploads\\\/2022\\\/07\\\/logo_amandyne-01.png\",\"width\":2165,\"height\":3300,\"caption\":\"Amandyne Steropes\"},\"image\":{\"@id\":\"https:\\\/\\\/amandynesteropes.com\\\/#\\\/schema\\\/logo\\\/image\\\/\"},\"sameAs\":[\"https:\\\/\\\/www.facebook.com\\\/amandine.goitre\",\"https:\\\/\\\/www.instagram.com\\\/amandyne_steropes\\\/\",\"https:\\\/\\\/www.linkedin.com\\\/in\\\/amandyne-steropes\\\/\"]}]}<\/script>\n<!-- \/ Yoast SEO plugin. -->","yoast_head_json":{"title":"T-shirt homme Spiritus - Amandyne Steropes","robots":{"index":"index","follow":"follow","max-snippet":"max-snippet:-1","max-image-preview":"max-image-preview:large","max-video-preview":"max-video-preview:-1"},"canonical":"https:\/\/amandynesteropes.com\/en\/product\/t-shirt-homme-spiritus\/","og_locale":"en_US","og_type":"article","og_title":"T-shirt homme Spiritus - Amandyne Steropes","og_description":"Le t-shirt, un basique pr\u00e9cieux qu'on retrouve dans tous les placards !  Si\u00a0vous craquez pour l'univers d'Amandyne Sterop\u00eas, vous allez adorer porter Spiritus\u00a0(ou l'offrir !).  Ce t-shirt est\u00a0tr\u00e8s r\u00e9sistant. Il a tout pour plaire avec sa\u00a0coupe classique\u00a0et son\u00a0col en V\u00a0qui apporte un petit c\u00f4t\u00e9\u00a0d\u00e9contract\u00e9.  Sa\u00a0qualit\u00e9 de fabrication\u00a0et le traitement sp\u00e9cial du tissu lui permettent de battre des records de long\u00e9vit\u00e9 et de garder sa forme et ses couleurs\u00a0lavage apr\u00e8s lavage, sans perdre en style !  Ce t-shirt est fabriqu\u00e9 par Gildan, une marque d\u00e9sign\u00e9e comme l'une des soci\u00e9t\u00e9s les mieux g\u00e9r\u00e9es mondialement d'un point de vue d\u00e9veloppement durable par le Wall Street Journal.","og_url":"https:\/\/amandynesteropes.com\/en\/product\/t-shirt-homme-spiritus\/","og_site_name":"Amandyne Steropes","article_publisher":"https:\/\/www.facebook.com\/amandine.goitre","article_modified_time":"2022-09-05T17:50:45+00:00","og_image":[{"width":452,"height":684,"url":"https:\/\/amandynesteropes.com\/wp-content\/uploads\/2022\/08\/T-shirt-homme-1.png","type":"image\/png"}],"twitter_card":"summary_large_image","twitter_misc":{"Est. reading time":"1 minute"},"schema":{"@context":"https:\/\/schema.org","@graph":[{"@type":"WebPage","@id":"https:\/\/amandynesteropes.com\/produit\/t-shirt-homme-spiritus\/","url":"https:\/\/amandynesteropes.com\/produit\/t-shirt-homme-spiritus\/","name":"T-shirt homme Spiritus - Amandyne Steropes","isPartOf":{"@id":"https:\/\/amandynesteropes.com\/#website"},"primaryImageOfPage":{"@id":"https:\/\/amandynesteropes.com\/produit\/t-shirt-homme-spiritus\/#primaryimage"},"image":{"@id":"https:\/\/amandynesteropes.com\/produit\/t-shirt-homme-spiritus\/#primaryimage"},"thumbnailUrl":"https:\/\/amandynesteropes.com\/wp-content\/uploads\/2022\/08\/T-shirt-homme-1.png","datePublished":"2022-08-09T03:55:33+00:00","dateModified":"2022-09-05T17:50:45+00:00","breadcrumb":{"@id":"https:\/\/amandynesteropes.com\/produit\/t-shirt-homme-spiritus\/#breadcrumb"},"inLanguage":"en-US","potentialAction":[{"@type":"ReadAction","target":["https:\/\/amandynesteropes.com\/produit\/t-shirt-homme-spiritus\/"]}]},{"@type":"ImageObject","inLanguage":"en-US","@id":"https:\/\/amandynesteropes.com\/produit\/t-shirt-homme-spiritus\/#primaryimage","url":"https:\/\/amandynesteropes.com\/wp-content\/uploads\/2022\/08\/T-shirt-homme-1.png","contentUrl":"https:\/\/amandynesteropes.com\/wp-content\/uploads\/2022\/08\/T-shirt-homme-1.png","width":452,"height":684,"caption":"Retrouvez les diff\u00e9rents accessoires de sa collection pour les amateurs qui n\u2019ont plus de place aux murs ou un pouvoir d\u2019achat restreint."},{"@type":"BreadcrumbList","@id":"https:\/\/amandynesteropes.com\/produit\/t-shirt-homme-spiritus\/#breadcrumb","itemListElement":[{"@type":"ListItem","position":1,"name":"Accueil","item":"https:\/\/amandynesteropes.com\/"},{"@type":"ListItem","position":2,"name":"Boutique","item":"https:\/\/amandynesteropes.com\/boutique-amandyne-steropes-peintre\/"},{"@type":"ListItem","position":3,"name":"T-shirt homme Spiritus"}]},{"@type":"WebSite","@id":"https:\/\/amandynesteropes.com\/#website","url":"https:\/\/amandynesteropes.com\/","name":"Amandyne Steropes","description":"Artiste peintre fran\u00e7aise","publisher":{"@id":"https:\/\/amandynesteropes.com\/#organization"},"alternateName":"Amandyne Steropes","potentialAction":[{"@type":"SearchAction","target":{"@type":"EntryPoint","urlTemplate":"https:\/\/amandynesteropes.com\/?s={search_term_string}"},"query-input":{"@type":"PropertyValueSpecification","valueRequired":true,"valueName":"search_term_string"}}],"inLanguage":"en-US"},{"@type":"Organization","@id":"https:\/\/amandynesteropes.com\/#organization","name":"Amandyne Steropes","alternateName":"Amandyne Steropes","url":"https:\/\/amandynesteropes.com\/","logo":{"@type":"ImageObject","inLanguage":"en-US","@id":"https:\/\/amandynesteropes.com\/#\/schema\/logo\/image\/","url":"https:\/\/amandynesteropes.com\/wp-content\/uploads\/2022\/07\/logo_amandyne-01.png","contentUrl":"https:\/\/amandynesteropes.com\/wp-content\/uploads\/2022\/07\/logo_amandyne-01.png","width":2165,"height":3300,"caption":"Amandyne Steropes"},"image":{"@id":"https:\/\/amandynesteropes.com\/#\/schema\/logo\/image\/"},"sameAs":["https:\/\/www.facebook.com\/amandine.goitre","https:\/\/www.instagram.com\/amandyne_steropes\/","https:\/\/www.linkedin.com\/in\/amandyne-steropes\/"]}]}},"jetpack_sharing_enabled":true,"_links":{"self":[{"href":"https:\/\/amandynesteropes.com\/en\/wp-json\/wp\/v2\/product\/989","targetHints":{"allow":["GET"]}}],"collection":[{"href":"https:\/\/amandynesteropes.com\/en\/wp-json\/wp\/v2\/product"}],"about":[{"href":"https:\/\/amandynesteropes.com\/en\/wp-json\/wp\/v2\/types\/product"}],"wp:featuredmedia":[{"embeddable":true,"href":"https:\/\/amandynesteropes.com\/en\/wp-json\/wp\/v2\/media\/1024"}],"wp:attachment":[{"href":"https:\/\/amandynesteropes.com\/en\/wp-json\/wp\/v2\/media?parent=989"}],"wp:term":[{"taxonomy":"product_cat","embeddable":true,"href":"https:\/\/amandynesteropes.com\/en\/wp-json\/wp\/v2\/product_cat?post=989"},{"taxonomy":"product_tag","embeddable":true,"href":"https:\/\/amandynesteropes.com\/en\/wp-json\/wp\/v2\/product_tag?post=989"}],"curies":[{"name":"wp","href":"https:\/\/api.w.org\/{rel}","templated":true}]}}