{"id":986,"date":"2022-08-09T03:52:47","date_gmt":"2022-08-09T03:52:47","guid":{"rendered":"https:\/\/amandynesteropes.live-website.com\/?post_type=product&#038;p=986"},"modified":"2022-09-05T17:51:04","modified_gmt":"2022-09-05T17:51:04","slug":"t-shirt-femme-dos-long-la-liberte","status":"publish","type":"product","link":"https:\/\/amandynesteropes.com\/en\/product\/t-shirt-femme-dos-long-la-liberte\/","title":{"rendered":"T-shirt femme dos long La Libert\u00e9"},"content":{"rendered":"<ul>\n<li>Coupe d\u00e9sinvolte<\/li>\n<li>Manches courtes roulott\u00e9es<\/li>\n<li>Col large<\/li>\n<li>Dos plus long que l\u2019avant<\/li>\n<li>100% coton<\/li>\n<li>Poids du tissu : 145 g\/m\u00b2<\/li>\n<li>label Oeko-Tex Standard 100<\/li>\n<\/ul>\n<p>&#8212; Ce t-shirt b\u00e9n\u00e9ficie du<strong>\u00a0label OEKO-TEX standard 100\u00a0<\/strong>&#8212;<\/p>\n<p>Il s&rsquo;agit d&rsquo;un\u00a0<strong>label de qualit\u00e9\u00a0<\/strong>comprenant plusieurs normes techniques, visant \u00e0\u00a0<strong>certifier les qualit\u00e9s sanitaires et \u00e9cologiques des textiles<\/strong>, en garantissant l&rsquo;<strong>absence de produits toxiques pour le corps et l&rsquo;environnement.<\/strong><\/p>\n<p>La certification \u00ab\u00a0Standard 100\u00a0\u00bb garantit un produit textile comme \u00e9tant exempt de toute substance nocive, le certifiant ainsi\u00a0<strong>sans danger pour la sant\u00e9 humaine<\/strong>. Cette certification peut s&rsquo;appliquer \u00e0 des articles de toutes les \u00e9tapes de la cha\u00eene de production, et\u00a0<strong>n\u00e9cessite que tous les composants soient test\u00e9s pour obtenir la certification.<\/strong><\/p>","protected":false},"excerpt":{"rendered":"<h2>Le t-shirt, un basique pr\u00e9cieux qu&rsquo;on retrouve dans tous les placards !<\/h2>\n<p>Si\u00a0<strong>vous craquez pour l&rsquo;univers d&rsquo;Amandyne Sterop\u00eas, vous allez adorer porter La libert\u00e9<\/strong>\u00a0(ou l&rsquo;offrir !).<\/p>\n<p>Ce t-shirt\u00a0a tout pour plaire avec sa\u00a0<strong>coupe tendance aux manches retrouss\u00e9es, son col large et son cot\u00e9 dos un peu plus long.\u00a0<\/strong>Chic et\u00a0d\u00e9contract\u00e9.<\/p>\n<p>Vous pouvez le portez en toutes circonstances, pour se pr\u00e9lasser au parc avec un bouquin, boire un verre entre amis, balader en ville ou \u00e0 la campagne.<\/p>\n<p>Sa\u00a0<strong>qualit\u00e9 de fabrication<\/strong>\u00a0et le traitement sp\u00e9cial du tissu lui permettent de battre des records de long\u00e9vit\u00e9 et de garder sa forme et ses couleurs\u00a0lavage apr\u00e8s lavage, sans perdre en style !<\/p>","protected":false},"featured_media":1022,"template":"","meta":{"_et_pb_use_builder":"","_et_pb_old_content":"","_et_gb_content_width":""},"product_cat":[50],"product_tag":[],"class_list":["post-986","product","type-product","status-publish","has-post-thumbnail","hentry","product_cat-t-shirt-hoodie","product_shipping_class-t-shirt-hoodie"],"yoast_head":"<!-- This site is optimized with the Yoast SEO plugin v27.4 - https:\/\/yoast.com\/product\/yoast-seo-wordpress\/ -->\n<title>T-shirt femme dos long La Libert\u00e9 - Amandyne Steropes<\/title>\n<meta name=\"robots\" content=\"index, follow, max-snippet:-1, max-image-preview:large, max-video-preview:-1\" \/>\n<link rel=\"canonical\" href=\"https:\/\/amandynesteropes.com\/en\/product\/t-shirt-femme-dos-long-la-liberte\/\" \/>\n<meta property=\"og:locale\" content=\"en_US\" \/>\n<meta property=\"og:type\" content=\"article\" \/>\n<meta property=\"og:title\" content=\"T-shirt femme dos long La Libert\u00e9 - Amandyne Steropes\" \/>\n<meta property=\"og:description\" content=\"Le t-shirt, un basique pr\u00e9cieux qu&#039;on retrouve dans tous les placards ! Si\u00a0vous craquez pour l&#039;univers d&#039;Amandyne Sterop\u00eas, vous allez adorer porter La libert\u00e9\u00a0(ou l&#039;offrir !).  Ce t-shirt\u00a0a tout pour plaire avec sa\u00a0coupe tendance aux manches retrouss\u00e9es, son col large et son cot\u00e9 dos un peu plus long.\u00a0Chic et\u00a0d\u00e9contract\u00e9.  Vous pouvez le portez en toutes circonstances, pour se pr\u00e9lasser au parc avec un bouquin, boire un verre entre amis, balader en ville ou \u00e0 la campagne.  Sa\u00a0qualit\u00e9 de fabrication\u00a0et le traitement sp\u00e9cial du tissu lui permettent de battre des records de long\u00e9vit\u00e9 et de garder sa forme et ses couleurs\u00a0lavage apr\u00e8s lavage, sans perdre en style !\" \/>\n<meta property=\"og:url\" content=\"https:\/\/amandynesteropes.com\/en\/product\/t-shirt-femme-dos-long-la-liberte\/\" \/>\n<meta property=\"og:site_name\" content=\"Amandyne Steropes\" \/>\n<meta property=\"article:publisher\" content=\"https:\/\/www.facebook.com\/amandine.goitre\" \/>\n<meta property=\"article:modified_time\" content=\"2022-09-05T17:51:04+00:00\" \/>\n<meta property=\"og:image\" content=\"https:\/\/amandynesteropes.com\/wp-content\/uploads\/2022\/08\/T-shirt-femme-1.png\" \/>\n\t<meta property=\"og:image:width\" content=\"456\" \/>\n\t<meta property=\"og:image:height\" content=\"689\" \/>\n\t<meta property=\"og:image:type\" content=\"image\/png\" \/>\n<meta name=\"twitter:card\" content=\"summary_large_image\" \/>\n<meta name=\"twitter:label1\" content=\"Est. reading time\" \/>\n\t<meta name=\"twitter:data1\" content=\"1 minute\" \/>\n<script type=\"application\/ld+json\" class=\"yoast-schema-graph\">{\"@context\":\"https:\\\/\\\/schema.org\",\"@graph\":[{\"@type\":\"WebPage\",\"@id\":\"https:\\\/\\\/amandynesteropes.com\\\/produit\\\/t-shirt-femme-dos-long-la-liberte\\\/\",\"url\":\"https:\\\/\\\/amandynesteropes.com\\\/produit\\\/t-shirt-femme-dos-long-la-liberte\\\/\",\"name\":\"T-shirt femme dos long La Libert\u00e9 - Amandyne Steropes\",\"isPartOf\":{\"@id\":\"https:\\\/\\\/amandynesteropes.com\\\/#website\"},\"primaryImageOfPage\":{\"@id\":\"https:\\\/\\\/amandynesteropes.com\\\/produit\\\/t-shirt-femme-dos-long-la-liberte\\\/#primaryimage\"},\"image\":{\"@id\":\"https:\\\/\\\/amandynesteropes.com\\\/produit\\\/t-shirt-femme-dos-long-la-liberte\\\/#primaryimage\"},\"thumbnailUrl\":\"https:\\\/\\\/amandynesteropes.com\\\/wp-content\\\/uploads\\\/2022\\\/08\\\/T-shirt-femme-1.png\",\"datePublished\":\"2022-08-09T03:52:47+00:00\",\"dateModified\":\"2022-09-05T17:51:04+00:00\",\"breadcrumb\":{\"@id\":\"https:\\\/\\\/amandynesteropes.com\\\/produit\\\/t-shirt-femme-dos-long-la-liberte\\\/#breadcrumb\"},\"inLanguage\":\"en-US\",\"potentialAction\":[{\"@type\":\"ReadAction\",\"target\":[\"https:\\\/\\\/amandynesteropes.com\\\/produit\\\/t-shirt-femme-dos-long-la-liberte\\\/\"]}]},{\"@type\":\"ImageObject\",\"inLanguage\":\"en-US\",\"@id\":\"https:\\\/\\\/amandynesteropes.com\\\/produit\\\/t-shirt-femme-dos-long-la-liberte\\\/#primaryimage\",\"url\":\"https:\\\/\\\/amandynesteropes.com\\\/wp-content\\\/uploads\\\/2022\\\/08\\\/T-shirt-femme-1.png\",\"contentUrl\":\"https:\\\/\\\/amandynesteropes.com\\\/wp-content\\\/uploads\\\/2022\\\/08\\\/T-shirt-femme-1.png\",\"width\":456,\"height\":689,\"caption\":\"Retrouvez les diff\u00e9rents accessoires de sa collection pour les amateurs qui n\u2019ont plus de place aux murs ou un pouvoir d\u2019achat restreint.\"},{\"@type\":\"BreadcrumbList\",\"@id\":\"https:\\\/\\\/amandynesteropes.com\\\/produit\\\/t-shirt-femme-dos-long-la-liberte\\\/#breadcrumb\",\"itemListElement\":[{\"@type\":\"ListItem\",\"position\":1,\"name\":\"Accueil\",\"item\":\"https:\\\/\\\/amandynesteropes.com\\\/\"},{\"@type\":\"ListItem\",\"position\":2,\"name\":\"Boutique\",\"item\":\"https:\\\/\\\/amandynesteropes.com\\\/boutique-amandyne-steropes-peintre\\\/\"},{\"@type\":\"ListItem\",\"position\":3,\"name\":\"T-shirt femme dos long La Libert\u00e9\"}]},{\"@type\":\"WebSite\",\"@id\":\"https:\\\/\\\/amandynesteropes.com\\\/#website\",\"url\":\"https:\\\/\\\/amandynesteropes.com\\\/\",\"name\":\"Amandyne Steropes\",\"description\":\"Artiste peintre fran\u00e7aise\",\"publisher\":{\"@id\":\"https:\\\/\\\/amandynesteropes.com\\\/#organization\"},\"alternateName\":\"Amandyne Steropes\",\"potentialAction\":[{\"@type\":\"SearchAction\",\"target\":{\"@type\":\"EntryPoint\",\"urlTemplate\":\"https:\\\/\\\/amandynesteropes.com\\\/?s={search_term_string}\"},\"query-input\":{\"@type\":\"PropertyValueSpecification\",\"valueRequired\":true,\"valueName\":\"search_term_string\"}}],\"inLanguage\":\"en-US\"},{\"@type\":\"Organization\",\"@id\":\"https:\\\/\\\/amandynesteropes.com\\\/#organization\",\"name\":\"Amandyne Steropes\",\"alternateName\":\"Amandyne Steropes\",\"url\":\"https:\\\/\\\/amandynesteropes.com\\\/\",\"logo\":{\"@type\":\"ImageObject\",\"inLanguage\":\"en-US\",\"@id\":\"https:\\\/\\\/amandynesteropes.com\\\/#\\\/schema\\\/logo\\\/image\\\/\",\"url\":\"https:\\\/\\\/amandynesteropes.com\\\/wp-content\\\/uploads\\\/2022\\\/07\\\/logo_amandyne-01.png\",\"contentUrl\":\"https:\\\/\\\/amandynesteropes.com\\\/wp-content\\\/uploads\\\/2022\\\/07\\\/logo_amandyne-01.png\",\"width\":2165,\"height\":3300,\"caption\":\"Amandyne Steropes\"},\"image\":{\"@id\":\"https:\\\/\\\/amandynesteropes.com\\\/#\\\/schema\\\/logo\\\/image\\\/\"},\"sameAs\":[\"https:\\\/\\\/www.facebook.com\\\/amandine.goitre\",\"https:\\\/\\\/www.instagram.com\\\/amandyne_steropes\\\/\",\"https:\\\/\\\/www.linkedin.com\\\/in\\\/amandyne-steropes\\\/\"]}]}<\/script>\n<!-- \/ Yoast SEO plugin. -->","yoast_head_json":{"title":"T-shirt femme dos long La Libert\u00e9 - Amandyne Steropes","robots":{"index":"index","follow":"follow","max-snippet":"max-snippet:-1","max-image-preview":"max-image-preview:large","max-video-preview":"max-video-preview:-1"},"canonical":"https:\/\/amandynesteropes.com\/en\/product\/t-shirt-femme-dos-long-la-liberte\/","og_locale":"en_US","og_type":"article","og_title":"T-shirt femme dos long La Libert\u00e9 - Amandyne Steropes","og_description":"Le t-shirt, un basique pr\u00e9cieux qu'on retrouve dans tous les placards ! Si\u00a0vous craquez pour l'univers d'Amandyne Sterop\u00eas, vous allez adorer porter La libert\u00e9\u00a0(ou l'offrir !).  Ce t-shirt\u00a0a tout pour plaire avec sa\u00a0coupe tendance aux manches retrouss\u00e9es, son col large et son cot\u00e9 dos un peu plus long.\u00a0Chic et\u00a0d\u00e9contract\u00e9.  Vous pouvez le portez en toutes circonstances, pour se pr\u00e9lasser au parc avec un bouquin, boire un verre entre amis, balader en ville ou \u00e0 la campagne.  Sa\u00a0qualit\u00e9 de fabrication\u00a0et le traitement sp\u00e9cial du tissu lui permettent de battre des records de long\u00e9vit\u00e9 et de garder sa forme et ses couleurs\u00a0lavage apr\u00e8s lavage, sans perdre en style !","og_url":"https:\/\/amandynesteropes.com\/en\/product\/t-shirt-femme-dos-long-la-liberte\/","og_site_name":"Amandyne Steropes","article_publisher":"https:\/\/www.facebook.com\/amandine.goitre","article_modified_time":"2022-09-05T17:51:04+00:00","og_image":[{"width":456,"height":689,"url":"https:\/\/amandynesteropes.com\/wp-content\/uploads\/2022\/08\/T-shirt-femme-1.png","type":"image\/png"}],"twitter_card":"summary_large_image","twitter_misc":{"Est. reading time":"1 minute"},"schema":{"@context":"https:\/\/schema.org","@graph":[{"@type":"WebPage","@id":"https:\/\/amandynesteropes.com\/produit\/t-shirt-femme-dos-long-la-liberte\/","url":"https:\/\/amandynesteropes.com\/produit\/t-shirt-femme-dos-long-la-liberte\/","name":"T-shirt femme dos long La Libert\u00e9 - Amandyne Steropes","isPartOf":{"@id":"https:\/\/amandynesteropes.com\/#website"},"primaryImageOfPage":{"@id":"https:\/\/amandynesteropes.com\/produit\/t-shirt-femme-dos-long-la-liberte\/#primaryimage"},"image":{"@id":"https:\/\/amandynesteropes.com\/produit\/t-shirt-femme-dos-long-la-liberte\/#primaryimage"},"thumbnailUrl":"https:\/\/amandynesteropes.com\/wp-content\/uploads\/2022\/08\/T-shirt-femme-1.png","datePublished":"2022-08-09T03:52:47+00:00","dateModified":"2022-09-05T17:51:04+00:00","breadcrumb":{"@id":"https:\/\/amandynesteropes.com\/produit\/t-shirt-femme-dos-long-la-liberte\/#breadcrumb"},"inLanguage":"en-US","potentialAction":[{"@type":"ReadAction","target":["https:\/\/amandynesteropes.com\/produit\/t-shirt-femme-dos-long-la-liberte\/"]}]},{"@type":"ImageObject","inLanguage":"en-US","@id":"https:\/\/amandynesteropes.com\/produit\/t-shirt-femme-dos-long-la-liberte\/#primaryimage","url":"https:\/\/amandynesteropes.com\/wp-content\/uploads\/2022\/08\/T-shirt-femme-1.png","contentUrl":"https:\/\/amandynesteropes.com\/wp-content\/uploads\/2022\/08\/T-shirt-femme-1.png","width":456,"height":689,"caption":"Retrouvez les diff\u00e9rents accessoires de sa collection pour les amateurs qui n\u2019ont plus de place aux murs ou un pouvoir d\u2019achat restreint."},{"@type":"BreadcrumbList","@id":"https:\/\/amandynesteropes.com\/produit\/t-shirt-femme-dos-long-la-liberte\/#breadcrumb","itemListElement":[{"@type":"ListItem","position":1,"name":"Accueil","item":"https:\/\/amandynesteropes.com\/"},{"@type":"ListItem","position":2,"name":"Boutique","item":"https:\/\/amandynesteropes.com\/boutique-amandyne-steropes-peintre\/"},{"@type":"ListItem","position":3,"name":"T-shirt femme dos long La Libert\u00e9"}]},{"@type":"WebSite","@id":"https:\/\/amandynesteropes.com\/#website","url":"https:\/\/amandynesteropes.com\/","name":"Amandyne Steropes","description":"Artiste peintre fran\u00e7aise","publisher":{"@id":"https:\/\/amandynesteropes.com\/#organization"},"alternateName":"Amandyne Steropes","potentialAction":[{"@type":"SearchAction","target":{"@type":"EntryPoint","urlTemplate":"https:\/\/amandynesteropes.com\/?s={search_term_string}"},"query-input":{"@type":"PropertyValueSpecification","valueRequired":true,"valueName":"search_term_string"}}],"inLanguage":"en-US"},{"@type":"Organization","@id":"https:\/\/amandynesteropes.com\/#organization","name":"Amandyne Steropes","alternateName":"Amandyne Steropes","url":"https:\/\/amandynesteropes.com\/","logo":{"@type":"ImageObject","inLanguage":"en-US","@id":"https:\/\/amandynesteropes.com\/#\/schema\/logo\/image\/","url":"https:\/\/amandynesteropes.com\/wp-content\/uploads\/2022\/07\/logo_amandyne-01.png","contentUrl":"https:\/\/amandynesteropes.com\/wp-content\/uploads\/2022\/07\/logo_amandyne-01.png","width":2165,"height":3300,"caption":"Amandyne Steropes"},"image":{"@id":"https:\/\/amandynesteropes.com\/#\/schema\/logo\/image\/"},"sameAs":["https:\/\/www.facebook.com\/amandine.goitre","https:\/\/www.instagram.com\/amandyne_steropes\/","https:\/\/www.linkedin.com\/in\/amandyne-steropes\/"]}]}},"jetpack_sharing_enabled":true,"_links":{"self":[{"href":"https:\/\/amandynesteropes.com\/en\/wp-json\/wp\/v2\/product\/986","targetHints":{"allow":["GET"]}}],"collection":[{"href":"https:\/\/amandynesteropes.com\/en\/wp-json\/wp\/v2\/product"}],"about":[{"href":"https:\/\/amandynesteropes.com\/en\/wp-json\/wp\/v2\/types\/product"}],"wp:featuredmedia":[{"embeddable":true,"href":"https:\/\/amandynesteropes.com\/en\/wp-json\/wp\/v2\/media\/1022"}],"wp:attachment":[{"href":"https:\/\/amandynesteropes.com\/en\/wp-json\/wp\/v2\/media?parent=986"}],"wp:term":[{"taxonomy":"product_cat","embeddable":true,"href":"https:\/\/amandynesteropes.com\/en\/wp-json\/wp\/v2\/product_cat?post=986"},{"taxonomy":"product_tag","embeddable":true,"href":"https:\/\/amandynesteropes.com\/en\/wp-json\/wp\/v2\/product_tag?post=986"}],"curies":[{"name":"wp","href":"https:\/\/api.w.org\/{rel}","templated":true}]}}