{"id":984,"date":"2022-08-09T03:47:21","date_gmt":"2022-08-09T03:47:21","guid":{"rendered":"https:\/\/amandynesteropes.live-website.com\/?post_type=product&#038;p=984"},"modified":"2022-09-05T17:51:25","modified_gmt":"2022-09-05T17:51:25","slug":"t-shirt-bio-col-v-la-liberte","status":"publish","type":"product","link":"https:\/\/amandynesteropes.com\/en\/product\/t-shirt-bio-col-v-la-liberte\/","title":{"rendered":"T-shirt bio col V La Libert\u00e9"},"content":{"rendered":"<ul>\n<li>Composition : 100% coton bio<\/li>\n<li>Tissu doux et l\u00e9ger : 120 g\/m\u00b2<\/li>\n<li>Coupe pr\u00e8s du corps<\/li>\n<li><strong>3 labels pour un produit de qualit\u00e9 alli\u00e9 \u00e0 une consommation responsable \u00a0&#8212;&#8211;<\/strong><strong>1. GOTS \u00a0:<\/strong>\u00a0label international\u00a0cr\u00e9\u00e9 en 2002 pour le textile biologique. Il<strong>\u00a0garantit un mode de production \u00e9cologique et socialement responsable<\/strong>, et\u00a0applique \u00e9galement des exigences de qualit\u00e9.\u00a0<a href=\"https:\/\/www.xoxo-frames.com\/blog\/bon-a-savoir\/le-label-gots.html\" target=\"_blank\" rel=\"noopener\">En savoir +<\/a><strong>2.<\/strong>\u00a0<strong>Fair Wear Foundation\u00a0<\/strong>: \u00a0il s&rsquo;agit<strong>\u00a0<\/strong>d&rsquo;une\u00a0<strong>initiative multipartite internationale pour de bonnes conditions de travail dans le secteur du textile\u00a0<\/strong><a href=\"https:\/\/www.xoxo-frames.com\/blog\/bon-a-savoir\/le-label-fair-wear-foundation.html\" target=\"_blank\" rel=\"noopener\">En savoir +<\/a><strong>3.<\/strong>\u00a0<strong>PeTA approved VEGAN<\/strong>\u00a0: il s&rsquo;agit d&rsquo;un label international qui<strong>\u00a0garantit que le produit commercialis\u00e9 n&rsquo;a pas \u00e9t\u00e9 test\u00e9 sur des animaux<\/strong>. Il est g\u00e9r\u00e9 par PETA (<a href=\"https:\/\/www.google.com\/url?sa=t&amp;rct=j&amp;q=&amp;esrc=s&amp;source=web&amp;cd=1&amp;cad=rja&amp;uact=8&amp;ved=2ahUKEwiZq_SsnO3gAhWMY1AKHUWrDuUQFjAAegQIDBAB&amp;url=https%3A%2F%2Fwww.peta.org%2F&amp;usg=AOvVaw2cXQz-MUPIIsL-XgJgHvVs\">People for the Ethical Treatment of Animals<\/a>), une association\u00a0qui se bat pour le bien-\u00eatre animal.<\/li>\n<\/ul>","protected":false},"excerpt":{"rendered":"<h2>Le t-shirt, un basique pr\u00e9cieux qu&rsquo;on retrouve dans tous les placards !<\/h2>\n<p>Si\u00a0<strong>vous craquez pour l&rsquo;univers d&rsquo;Amandyne Sterop\u00eas, vous allez adorer porter La libert\u00e9<\/strong>\u00a0(ou l&rsquo;offrir !).<\/p>\n<p>Ce t-shirt\u00a0<strong>tr\u00e8s r\u00e9sistant et confortable<\/strong>\u00a0a tout pour plaire avec sa\u00a0<strong>coupe classique<\/strong>\u00a0et son\u00a0<strong>col en V\u00a0<\/strong>qui apporte un petit c\u00f4t\u00e9\u00a0<strong>d\u00e9contract\u00e9<\/strong>.<\/p>\n<p>Sa\u00a0<strong>qualit\u00e9 de fabrication<\/strong>\u00a0et le traitement sp\u00e9cial du tissu lui permettent de battre des records de long\u00e9vit\u00e9 et de garder sa forme et ses couleurs\u00a0lavage apr\u00e8s lavage, sans perdre en style !<\/p>","protected":false},"featured_media":1020,"template":"","meta":{"_et_pb_use_builder":"","_et_pb_old_content":"","_et_gb_content_width":""},"product_cat":[50],"product_tag":[],"class_list":["post-984","product","type-product","status-publish","has-post-thumbnail","hentry","product_cat-t-shirt-hoodie","product_shipping_class-t-shirt-hoodie"],"yoast_head":"<!-- This site is optimized with the Yoast SEO plugin v27.4 - https:\/\/yoast.com\/product\/yoast-seo-wordpress\/ -->\n<title>T-shirt bio col V La Libert\u00e9 - Amandyne Steropes<\/title>\n<meta name=\"robots\" content=\"index, follow, max-snippet:-1, max-image-preview:large, max-video-preview:-1\" \/>\n<link rel=\"canonical\" href=\"https:\/\/amandynesteropes.com\/en\/product\/t-shirt-bio-col-v-la-liberte\/\" \/>\n<meta property=\"og:locale\" content=\"en_US\" \/>\n<meta property=\"og:type\" content=\"article\" \/>\n<meta property=\"og:title\" content=\"T-shirt bio col V La Libert\u00e9 - Amandyne Steropes\" \/>\n<meta property=\"og:description\" content=\"Le t-shirt, un basique pr\u00e9cieux qu&#039;on retrouve dans tous les placards ! Si\u00a0vous craquez pour l&#039;univers d&#039;Amandyne Sterop\u00eas, vous allez adorer porter La libert\u00e9\u00a0(ou l&#039;offrir !).  Ce t-shirt\u00a0tr\u00e8s r\u00e9sistant et confortable\u00a0a tout pour plaire avec sa\u00a0coupe classique\u00a0et son\u00a0col en V\u00a0qui apporte un petit c\u00f4t\u00e9\u00a0d\u00e9contract\u00e9.  Sa\u00a0qualit\u00e9 de fabrication\u00a0et le traitement sp\u00e9cial du tissu lui permettent de battre des records de long\u00e9vit\u00e9 et de garder sa forme et ses couleurs\u00a0lavage apr\u00e8s lavage, sans perdre en style !\" \/>\n<meta property=\"og:url\" content=\"https:\/\/amandynesteropes.com\/en\/product\/t-shirt-bio-col-v-la-liberte\/\" \/>\n<meta property=\"og:site_name\" content=\"Amandyne Steropes\" \/>\n<meta property=\"article:publisher\" content=\"https:\/\/www.facebook.com\/amandine.goitre\" \/>\n<meta property=\"article:modified_time\" content=\"2022-09-05T17:51:25+00:00\" \/>\n<meta property=\"og:image\" content=\"https:\/\/amandynesteropes.com\/wp-content\/uploads\/2022\/08\/T-shirt-col-V-femme.png\" \/>\n\t<meta property=\"og:image:width\" content=\"524\" \/>\n\t<meta property=\"og:image:height\" content=\"666\" \/>\n\t<meta property=\"og:image:type\" content=\"image\/png\" \/>\n<meta name=\"twitter:card\" content=\"summary_large_image\" \/>\n<meta name=\"twitter:label1\" content=\"Est. reading time\" \/>\n\t<meta name=\"twitter:data1\" content=\"1 minute\" \/>\n<script type=\"application\/ld+json\" class=\"yoast-schema-graph\">{\"@context\":\"https:\\\/\\\/schema.org\",\"@graph\":[{\"@type\":\"WebPage\",\"@id\":\"https:\\\/\\\/amandynesteropes.com\\\/produit\\\/t-shirt-bio-col-v-la-liberte\\\/\",\"url\":\"https:\\\/\\\/amandynesteropes.com\\\/produit\\\/t-shirt-bio-col-v-la-liberte\\\/\",\"name\":\"T-shirt bio col V La Libert\u00e9 - Amandyne Steropes\",\"isPartOf\":{\"@id\":\"https:\\\/\\\/amandynesteropes.com\\\/#website\"},\"primaryImageOfPage\":{\"@id\":\"https:\\\/\\\/amandynesteropes.com\\\/produit\\\/t-shirt-bio-col-v-la-liberte\\\/#primaryimage\"},\"image\":{\"@id\":\"https:\\\/\\\/amandynesteropes.com\\\/produit\\\/t-shirt-bio-col-v-la-liberte\\\/#primaryimage\"},\"thumbnailUrl\":\"https:\\\/\\\/amandynesteropes.com\\\/wp-content\\\/uploads\\\/2022\\\/08\\\/T-shirt-col-V-femme.png\",\"datePublished\":\"2022-08-09T03:47:21+00:00\",\"dateModified\":\"2022-09-05T17:51:25+00:00\",\"breadcrumb\":{\"@id\":\"https:\\\/\\\/amandynesteropes.com\\\/produit\\\/t-shirt-bio-col-v-la-liberte\\\/#breadcrumb\"},\"inLanguage\":\"en-US\",\"potentialAction\":[{\"@type\":\"ReadAction\",\"target\":[\"https:\\\/\\\/amandynesteropes.com\\\/produit\\\/t-shirt-bio-col-v-la-liberte\\\/\"]}]},{\"@type\":\"ImageObject\",\"inLanguage\":\"en-US\",\"@id\":\"https:\\\/\\\/amandynesteropes.com\\\/produit\\\/t-shirt-bio-col-v-la-liberte\\\/#primaryimage\",\"url\":\"https:\\\/\\\/amandynesteropes.com\\\/wp-content\\\/uploads\\\/2022\\\/08\\\/T-shirt-col-V-femme.png\",\"contentUrl\":\"https:\\\/\\\/amandynesteropes.com\\\/wp-content\\\/uploads\\\/2022\\\/08\\\/T-shirt-col-V-femme.png\",\"width\":524,\"height\":666,\"caption\":\"Retrouvez les diff\u00e9rents accessoires de sa collection pour les amateurs qui n\u2019ont plus de place aux murs ou un pouvoir d\u2019achat restreint.\"},{\"@type\":\"BreadcrumbList\",\"@id\":\"https:\\\/\\\/amandynesteropes.com\\\/produit\\\/t-shirt-bio-col-v-la-liberte\\\/#breadcrumb\",\"itemListElement\":[{\"@type\":\"ListItem\",\"position\":1,\"name\":\"Accueil\",\"item\":\"https:\\\/\\\/amandynesteropes.com\\\/\"},{\"@type\":\"ListItem\",\"position\":2,\"name\":\"Boutique\",\"item\":\"https:\\\/\\\/amandynesteropes.com\\\/boutique-amandyne-steropes-peintre\\\/\"},{\"@type\":\"ListItem\",\"position\":3,\"name\":\"T-shirt bio col V La Libert\u00e9\"}]},{\"@type\":\"WebSite\",\"@id\":\"https:\\\/\\\/amandynesteropes.com\\\/#website\",\"url\":\"https:\\\/\\\/amandynesteropes.com\\\/\",\"name\":\"Amandyne Steropes\",\"description\":\"Artiste peintre fran\u00e7aise\",\"publisher\":{\"@id\":\"https:\\\/\\\/amandynesteropes.com\\\/#organization\"},\"alternateName\":\"Amandyne Steropes\",\"potentialAction\":[{\"@type\":\"SearchAction\",\"target\":{\"@type\":\"EntryPoint\",\"urlTemplate\":\"https:\\\/\\\/amandynesteropes.com\\\/?s={search_term_string}\"},\"query-input\":{\"@type\":\"PropertyValueSpecification\",\"valueRequired\":true,\"valueName\":\"search_term_string\"}}],\"inLanguage\":\"en-US\"},{\"@type\":\"Organization\",\"@id\":\"https:\\\/\\\/amandynesteropes.com\\\/#organization\",\"name\":\"Amandyne Steropes\",\"alternateName\":\"Amandyne Steropes\",\"url\":\"https:\\\/\\\/amandynesteropes.com\\\/\",\"logo\":{\"@type\":\"ImageObject\",\"inLanguage\":\"en-US\",\"@id\":\"https:\\\/\\\/amandynesteropes.com\\\/#\\\/schema\\\/logo\\\/image\\\/\",\"url\":\"https:\\\/\\\/amandynesteropes.com\\\/wp-content\\\/uploads\\\/2022\\\/07\\\/logo_amandyne-01.png\",\"contentUrl\":\"https:\\\/\\\/amandynesteropes.com\\\/wp-content\\\/uploads\\\/2022\\\/07\\\/logo_amandyne-01.png\",\"width\":2165,\"height\":3300,\"caption\":\"Amandyne Steropes\"},\"image\":{\"@id\":\"https:\\\/\\\/amandynesteropes.com\\\/#\\\/schema\\\/logo\\\/image\\\/\"},\"sameAs\":[\"https:\\\/\\\/www.facebook.com\\\/amandine.goitre\",\"https:\\\/\\\/www.instagram.com\\\/amandyne_steropes\\\/\",\"https:\\\/\\\/www.linkedin.com\\\/in\\\/amandyne-steropes\\\/\"]}]}<\/script>\n<!-- \/ Yoast SEO plugin. -->","yoast_head_json":{"title":"T-shirt bio col V La Libert\u00e9 - Amandyne Steropes","robots":{"index":"index","follow":"follow","max-snippet":"max-snippet:-1","max-image-preview":"max-image-preview:large","max-video-preview":"max-video-preview:-1"},"canonical":"https:\/\/amandynesteropes.com\/en\/product\/t-shirt-bio-col-v-la-liberte\/","og_locale":"en_US","og_type":"article","og_title":"T-shirt bio col V La Libert\u00e9 - Amandyne Steropes","og_description":"Le t-shirt, un basique pr\u00e9cieux qu'on retrouve dans tous les placards ! Si\u00a0vous craquez pour l'univers d'Amandyne Sterop\u00eas, vous allez adorer porter La libert\u00e9\u00a0(ou l'offrir !).  Ce t-shirt\u00a0tr\u00e8s r\u00e9sistant et confortable\u00a0a tout pour plaire avec sa\u00a0coupe classique\u00a0et son\u00a0col en V\u00a0qui apporte un petit c\u00f4t\u00e9\u00a0d\u00e9contract\u00e9.  Sa\u00a0qualit\u00e9 de fabrication\u00a0et le traitement sp\u00e9cial du tissu lui permettent de battre des records de long\u00e9vit\u00e9 et de garder sa forme et ses couleurs\u00a0lavage apr\u00e8s lavage, sans perdre en style !","og_url":"https:\/\/amandynesteropes.com\/en\/product\/t-shirt-bio-col-v-la-liberte\/","og_site_name":"Amandyne Steropes","article_publisher":"https:\/\/www.facebook.com\/amandine.goitre","article_modified_time":"2022-09-05T17:51:25+00:00","og_image":[{"width":524,"height":666,"url":"https:\/\/amandynesteropes.com\/wp-content\/uploads\/2022\/08\/T-shirt-col-V-femme.png","type":"image\/png"}],"twitter_card":"summary_large_image","twitter_misc":{"Est. reading time":"1 minute"},"schema":{"@context":"https:\/\/schema.org","@graph":[{"@type":"WebPage","@id":"https:\/\/amandynesteropes.com\/produit\/t-shirt-bio-col-v-la-liberte\/","url":"https:\/\/amandynesteropes.com\/produit\/t-shirt-bio-col-v-la-liberte\/","name":"T-shirt bio col V La Libert\u00e9 - Amandyne Steropes","isPartOf":{"@id":"https:\/\/amandynesteropes.com\/#website"},"primaryImageOfPage":{"@id":"https:\/\/amandynesteropes.com\/produit\/t-shirt-bio-col-v-la-liberte\/#primaryimage"},"image":{"@id":"https:\/\/amandynesteropes.com\/produit\/t-shirt-bio-col-v-la-liberte\/#primaryimage"},"thumbnailUrl":"https:\/\/amandynesteropes.com\/wp-content\/uploads\/2022\/08\/T-shirt-col-V-femme.png","datePublished":"2022-08-09T03:47:21+00:00","dateModified":"2022-09-05T17:51:25+00:00","breadcrumb":{"@id":"https:\/\/amandynesteropes.com\/produit\/t-shirt-bio-col-v-la-liberte\/#breadcrumb"},"inLanguage":"en-US","potentialAction":[{"@type":"ReadAction","target":["https:\/\/amandynesteropes.com\/produit\/t-shirt-bio-col-v-la-liberte\/"]}]},{"@type":"ImageObject","inLanguage":"en-US","@id":"https:\/\/amandynesteropes.com\/produit\/t-shirt-bio-col-v-la-liberte\/#primaryimage","url":"https:\/\/amandynesteropes.com\/wp-content\/uploads\/2022\/08\/T-shirt-col-V-femme.png","contentUrl":"https:\/\/amandynesteropes.com\/wp-content\/uploads\/2022\/08\/T-shirt-col-V-femme.png","width":524,"height":666,"caption":"Retrouvez les diff\u00e9rents accessoires de sa collection pour les amateurs qui n\u2019ont plus de place aux murs ou un pouvoir d\u2019achat restreint."},{"@type":"BreadcrumbList","@id":"https:\/\/amandynesteropes.com\/produit\/t-shirt-bio-col-v-la-liberte\/#breadcrumb","itemListElement":[{"@type":"ListItem","position":1,"name":"Accueil","item":"https:\/\/amandynesteropes.com\/"},{"@type":"ListItem","position":2,"name":"Boutique","item":"https:\/\/amandynesteropes.com\/boutique-amandyne-steropes-peintre\/"},{"@type":"ListItem","position":3,"name":"T-shirt bio col V La Libert\u00e9"}]},{"@type":"WebSite","@id":"https:\/\/amandynesteropes.com\/#website","url":"https:\/\/amandynesteropes.com\/","name":"Amandyne Steropes","description":"Artiste peintre fran\u00e7aise","publisher":{"@id":"https:\/\/amandynesteropes.com\/#organization"},"alternateName":"Amandyne Steropes","potentialAction":[{"@type":"SearchAction","target":{"@type":"EntryPoint","urlTemplate":"https:\/\/amandynesteropes.com\/?s={search_term_string}"},"query-input":{"@type":"PropertyValueSpecification","valueRequired":true,"valueName":"search_term_string"}}],"inLanguage":"en-US"},{"@type":"Organization","@id":"https:\/\/amandynesteropes.com\/#organization","name":"Amandyne Steropes","alternateName":"Amandyne Steropes","url":"https:\/\/amandynesteropes.com\/","logo":{"@type":"ImageObject","inLanguage":"en-US","@id":"https:\/\/amandynesteropes.com\/#\/schema\/logo\/image\/","url":"https:\/\/amandynesteropes.com\/wp-content\/uploads\/2022\/07\/logo_amandyne-01.png","contentUrl":"https:\/\/amandynesteropes.com\/wp-content\/uploads\/2022\/07\/logo_amandyne-01.png","width":2165,"height":3300,"caption":"Amandyne Steropes"},"image":{"@id":"https:\/\/amandynesteropes.com\/#\/schema\/logo\/image\/"},"sameAs":["https:\/\/www.facebook.com\/amandine.goitre","https:\/\/www.instagram.com\/amandyne_steropes\/","https:\/\/www.linkedin.com\/in\/amandyne-steropes\/"]}]}},"jetpack_sharing_enabled":true,"_links":{"self":[{"href":"https:\/\/amandynesteropes.com\/en\/wp-json\/wp\/v2\/product\/984","targetHints":{"allow":["GET"]}}],"collection":[{"href":"https:\/\/amandynesteropes.com\/en\/wp-json\/wp\/v2\/product"}],"about":[{"href":"https:\/\/amandynesteropes.com\/en\/wp-json\/wp\/v2\/types\/product"}],"wp:featuredmedia":[{"embeddable":true,"href":"https:\/\/amandynesteropes.com\/en\/wp-json\/wp\/v2\/media\/1020"}],"wp:attachment":[{"href":"https:\/\/amandynesteropes.com\/en\/wp-json\/wp\/v2\/media?parent=984"}],"wp:term":[{"taxonomy":"product_cat","embeddable":true,"href":"https:\/\/amandynesteropes.com\/en\/wp-json\/wp\/v2\/product_cat?post=984"},{"taxonomy":"product_tag","embeddable":true,"href":"https:\/\/amandynesteropes.com\/en\/wp-json\/wp\/v2\/product_tag?post=984"}],"curies":[{"name":"wp","href":"https:\/\/api.w.org\/{rel}","templated":true}]}}