{"id":976,"date":"2022-08-09T03:43:18","date_gmt":"2022-08-09T03:43:18","guid":{"rendered":"https:\/\/amandynesteropes.live-website.com\/?post_type=product&#038;p=976"},"modified":"2022-09-05T17:51:34","modified_gmt":"2022-09-05T17:51:34","slug":"sweat-a-capuche-bio-unisexe","status":"publish","type":"product","link":"https:\/\/amandynesteropes.com\/en\/product\/sweat-a-capuche-bio-unisexe\/","title":{"rendered":"Sweat \u00e0 capuche bio unisexe"},"content":{"rendered":"<ul>\n<li>Coupe sportive avec manches raglan<\/li>\n<li>Poches lat\u00e9rales et capuche doubl\u00e9e avec cordon de serrage<\/li>\n<li>Bords-c\u00f4tes aux poignets et en bas<\/li>\n<li>Tissu r\u00e9sistant : 300g\/m2<\/li>\n<li>Composition : 85% coton (bio), 15% polyester (tissu recycl\u00e9)<\/li>\n<li><strong>3 labels pour un produit de qualit\u00e9 alli\u00e9 \u00e0 une consommation responsable \u00a0&#8212;&#8211;<\/strong><strong>1. GOTS \u00a0:<\/strong>\u00a0label international\u00a0cr\u00e9\u00e9 en 2002 pour le textile biologique. Il<strong>\u00a0garantit un mode de production \u00e9cologique et socialement responsable<\/strong>, et\u00a0applique \u00e9galement des exigences de qualit\u00e9.\u00a0<a href=\"https:\/\/www.xoxo-frames.com\/blog\/bon-a-savoir\/le-label-gots.html\" target=\"_blank\" rel=\"noopener\">En savoir +<\/a><strong>2.<\/strong>\u00a0<strong>Fair Wear Foundation\u00a0<\/strong>: \u00a0il s&rsquo;agit<strong>\u00a0<\/strong>d&rsquo;une\u00a0<strong>initiative multipartite internationale pour de bonnes conditions de travail dans le secteur du textile\u00a0<\/strong><a href=\"https:\/\/www.xoxo-frames.com\/blog\/bon-a-savoir\/le-label-fair-wear-foundation.html\" target=\"_blank\" rel=\"noopener\">En savoir +<\/a><strong>3.<\/strong>\u00a0<strong>PeTA approved VEGAN<\/strong>\u00a0: il s&rsquo;agit d&rsquo;un label international qui<strong>\u00a0garantit que le produit commercialis\u00e9 n&rsquo;a pas \u00e9t\u00e9 test\u00e9 sur des animaux<\/strong>. Il est g\u00e9r\u00e9 par PETA (<a href=\"https:\/\/www.google.com\/url?sa=t&amp;rct=j&amp;q=&amp;esrc=s&amp;source=web&amp;cd=1&amp;cad=rja&amp;uact=8&amp;ved=2ahUKEwiZq_SsnO3gAhWMY1AKHUWrDuUQFjAAegQIDBAB&amp;url=https%3A%2F%2Fwww.peta.org%2F&amp;usg=AOvVaw2cXQz-MUPIIsL-XgJgHvVs\">People for the Ethical Treatment of Animals<\/a>), une association\u00a0qui se bat pour le bien-\u00eatre animal.<\/li>\n<\/ul>","protected":false},"excerpt":{"rendered":"<h2>Le hoodie, ou sweat \u00e0 capuche, est un autre\u00a0basique qu&rsquo;on aime tous, \u00e9t\u00e9 comme hiver !<\/h2>\n<p>Si\u00a0<strong>vous craquez pour l&rsquo;univers d&rsquo;Amandyne Sterop\u00eas, vous allez adorer porter Spiritus<\/strong>\u00a0(ou l&rsquo;offrir !).<\/p>\n<p>Avec son\u00a0design unique et ses\u00a0<strong>manches raglan\u00a0<\/strong>(une technique qui permet d&rsquo;enfiler un v\u00eatement plus facilement,\u00a0<a href=\"https:\/\/www.xoxo-frames.com\/blog\/bon-a-savoir\/manches-raglan-kesako.html\" target=\"_blank\" rel=\"noopener\">par ici pour en savoir +<\/a>), ce sweat \u00e0 capuche \u00e9co-responsable brise les codes du style !<\/p>\n<p>Sa\u00a0<strong>grande libert\u00e9 de mouvement<\/strong>, associ\u00e9e \u00e0 son tissu m\u00e9lang\u00e9 qui le rend\u00a0<strong>extr\u00eament doux<\/strong>\u00a0au toucher, ses\u00a0<strong>poches lat\u00e9rales<\/strong>, sa\u00a0<strong>capuche\u00a0doubl\u00e9e avec cordon<\/strong>\u00a0et ses finitions\u00a0en font v\u00e9ritablement un\u00a0<strong>must-have<\/strong> .<\/p>","protected":false},"featured_media":1019,"template":"","meta":{"_et_pb_use_builder":"","_et_pb_old_content":"","_et_gb_content_width":""},"product_cat":[50],"product_tag":[],"class_list":["post-976","product","type-product","status-publish","has-post-thumbnail","hentry","product_cat-t-shirt-hoodie","product_shipping_class-t-shirt-hoodie"],"yoast_head":"<!-- This site is optimized with the Yoast SEO plugin v27.4 - https:\/\/yoast.com\/product\/yoast-seo-wordpress\/ -->\n<title>Sweat \u00e0 capuche bio unisexe - Amandyne Steropes<\/title>\n<meta name=\"robots\" content=\"index, follow, max-snippet:-1, max-image-preview:large, max-video-preview:-1\" \/>\n<link rel=\"canonical\" href=\"https:\/\/amandynesteropes.com\/en\/product\/sweat-a-capuche-bio-unisexe\/\" \/>\n<meta property=\"og:locale\" content=\"en_US\" \/>\n<meta property=\"og:type\" content=\"article\" \/>\n<meta property=\"og:title\" content=\"Sweat \u00e0 capuche bio unisexe - Amandyne Steropes\" \/>\n<meta property=\"og:description\" content=\"Le hoodie, ou sweat \u00e0 capuche, est un autre\u00a0basique qu&#039;on aime tous, \u00e9t\u00e9 comme hiver ! Si\u00a0vous craquez pour l&#039;univers d&#039;Amandyne Sterop\u00eas, vous allez adorer porter Spiritus\u00a0(ou l&#039;offrir !).  Avec son\u00a0design unique et ses\u00a0manches raglan\u00a0(une technique qui permet d&#039;enfiler un v\u00eatement plus facilement,\u00a0par ici pour en savoir +), ce sweat \u00e0 capuche \u00e9co-responsable brise les codes du style !  Sa\u00a0grande libert\u00e9 de mouvement, associ\u00e9e \u00e0 son tissu m\u00e9lang\u00e9 qui le rend\u00a0extr\u00eament doux\u00a0au toucher, ses\u00a0poches lat\u00e9rales, sa\u00a0capuche\u00a0doubl\u00e9e avec cordon\u00a0et ses finitions\u00a0en font v\u00e9ritablement un\u00a0must-have .\" \/>\n<meta property=\"og:url\" content=\"https:\/\/amandynesteropes.com\/en\/product\/sweat-a-capuche-bio-unisexe\/\" \/>\n<meta property=\"og:site_name\" content=\"Amandyne Steropes\" \/>\n<meta property=\"article:publisher\" content=\"https:\/\/www.facebook.com\/amandine.goitre\" \/>\n<meta property=\"article:modified_time\" content=\"2022-09-05T17:51:34+00:00\" \/>\n<meta property=\"og:image\" content=\"https:\/\/amandynesteropes.com\/wp-content\/uploads\/2022\/08\/Sweet-femme.png\" \/>\n\t<meta property=\"og:image:width\" content=\"455\" \/>\n\t<meta property=\"og:image:height\" content=\"672\" \/>\n\t<meta property=\"og:image:type\" content=\"image\/png\" \/>\n<meta name=\"twitter:card\" content=\"summary_large_image\" \/>\n<meta name=\"twitter:label1\" content=\"Est. reading time\" \/>\n\t<meta name=\"twitter:data1\" content=\"1 minute\" \/>\n<script type=\"application\/ld+json\" class=\"yoast-schema-graph\">{\"@context\":\"https:\\\/\\\/schema.org\",\"@graph\":[{\"@type\":\"WebPage\",\"@id\":\"https:\\\/\\\/amandynesteropes.com\\\/en\\\/product\\\/sweat-a-capuche-bio-unisexe\\\/\",\"url\":\"https:\\\/\\\/amandynesteropes.com\\\/en\\\/product\\\/sweat-a-capuche-bio-unisexe\\\/\",\"name\":\"Sweat \u00e0 capuche bio unisexe - Amandyne Steropes\",\"isPartOf\":{\"@id\":\"https:\\\/\\\/amandynesteropes.com\\\/#website\"},\"primaryImageOfPage\":{\"@id\":\"https:\\\/\\\/amandynesteropes.com\\\/en\\\/product\\\/sweat-a-capuche-bio-unisexe\\\/#primaryimage\"},\"image\":{\"@id\":\"https:\\\/\\\/amandynesteropes.com\\\/en\\\/product\\\/sweat-a-capuche-bio-unisexe\\\/#primaryimage\"},\"thumbnailUrl\":\"https:\\\/\\\/amandynesteropes.com\\\/wp-content\\\/uploads\\\/2022\\\/08\\\/Sweet-femme.png\",\"datePublished\":\"2022-08-09T03:43:18+00:00\",\"dateModified\":\"2022-09-05T17:51:34+00:00\",\"breadcrumb\":{\"@id\":\"https:\\\/\\\/amandynesteropes.com\\\/en\\\/product\\\/sweat-a-capuche-bio-unisexe\\\/#breadcrumb\"},\"inLanguage\":\"en-US\",\"potentialAction\":[{\"@type\":\"ReadAction\",\"target\":[\"https:\\\/\\\/amandynesteropes.com\\\/en\\\/product\\\/sweat-a-capuche-bio-unisexe\\\/\"]}]},{\"@type\":\"ImageObject\",\"inLanguage\":\"en-US\",\"@id\":\"https:\\\/\\\/amandynesteropes.com\\\/en\\\/product\\\/sweat-a-capuche-bio-unisexe\\\/#primaryimage\",\"url\":\"https:\\\/\\\/amandynesteropes.com\\\/wp-content\\\/uploads\\\/2022\\\/08\\\/Sweet-femme.png\",\"contentUrl\":\"https:\\\/\\\/amandynesteropes.com\\\/wp-content\\\/uploads\\\/2022\\\/08\\\/Sweet-femme.png\",\"width\":455,\"height\":672,\"caption\":\"Retrouvez les diff\u00e9rents accessoires de sa collection pour les amateurs qui n\u2019ont plus de place aux murs ou un pouvoir d\u2019achat restreint.\"},{\"@type\":\"BreadcrumbList\",\"@id\":\"https:\\\/\\\/amandynesteropes.com\\\/en\\\/product\\\/sweat-a-capuche-bio-unisexe\\\/#breadcrumb\",\"itemListElement\":[{\"@type\":\"ListItem\",\"position\":1,\"name\":\"Accueil\",\"item\":\"https:\\\/\\\/amandynesteropes.com\\\/\"},{\"@type\":\"ListItem\",\"position\":2,\"name\":\"Boutique\",\"item\":\"https:\\\/\\\/amandynesteropes.com\\\/boutique-amandyne-steropes-peintre\\\/\"},{\"@type\":\"ListItem\",\"position\":3,\"name\":\"Sweat \u00e0 capuche bio unisexe\"}]},{\"@type\":\"WebSite\",\"@id\":\"https:\\\/\\\/amandynesteropes.com\\\/#website\",\"url\":\"https:\\\/\\\/amandynesteropes.com\\\/\",\"name\":\"Amandyne Steropes\",\"description\":\"Artiste peintre fran\u00e7aise\",\"publisher\":{\"@id\":\"https:\\\/\\\/amandynesteropes.com\\\/#organization\"},\"alternateName\":\"Amandyne Steropes\",\"potentialAction\":[{\"@type\":\"SearchAction\",\"target\":{\"@type\":\"EntryPoint\",\"urlTemplate\":\"https:\\\/\\\/amandynesteropes.com\\\/?s={search_term_string}\"},\"query-input\":{\"@type\":\"PropertyValueSpecification\",\"valueRequired\":true,\"valueName\":\"search_term_string\"}}],\"inLanguage\":\"en-US\"},{\"@type\":\"Organization\",\"@id\":\"https:\\\/\\\/amandynesteropes.com\\\/#organization\",\"name\":\"Amandyne Steropes\",\"alternateName\":\"Amandyne Steropes\",\"url\":\"https:\\\/\\\/amandynesteropes.com\\\/\",\"logo\":{\"@type\":\"ImageObject\",\"inLanguage\":\"en-US\",\"@id\":\"https:\\\/\\\/amandynesteropes.com\\\/#\\\/schema\\\/logo\\\/image\\\/\",\"url\":\"https:\\\/\\\/amandynesteropes.com\\\/wp-content\\\/uploads\\\/2022\\\/07\\\/logo_amandyne-01.png\",\"contentUrl\":\"https:\\\/\\\/amandynesteropes.com\\\/wp-content\\\/uploads\\\/2022\\\/07\\\/logo_amandyne-01.png\",\"width\":2165,\"height\":3300,\"caption\":\"Amandyne Steropes\"},\"image\":{\"@id\":\"https:\\\/\\\/amandynesteropes.com\\\/#\\\/schema\\\/logo\\\/image\\\/\"},\"sameAs\":[\"https:\\\/\\\/www.facebook.com\\\/amandine.goitre\",\"https:\\\/\\\/www.instagram.com\\\/amandyne_steropes\\\/\",\"https:\\\/\\\/www.linkedin.com\\\/in\\\/amandyne-steropes\\\/\"]}]}<\/script>\n<!-- \/ Yoast SEO plugin. -->","yoast_head_json":{"title":"Sweat \u00e0 capuche bio unisexe - Amandyne Steropes","robots":{"index":"index","follow":"follow","max-snippet":"max-snippet:-1","max-image-preview":"max-image-preview:large","max-video-preview":"max-video-preview:-1"},"canonical":"https:\/\/amandynesteropes.com\/en\/product\/sweat-a-capuche-bio-unisexe\/","og_locale":"en_US","og_type":"article","og_title":"Sweat \u00e0 capuche bio unisexe - Amandyne Steropes","og_description":"Le hoodie, ou sweat \u00e0 capuche, est un autre\u00a0basique qu'on aime tous, \u00e9t\u00e9 comme hiver ! Si\u00a0vous craquez pour l'univers d'Amandyne Sterop\u00eas, vous allez adorer porter Spiritus\u00a0(ou l'offrir !).  Avec son\u00a0design unique et ses\u00a0manches raglan\u00a0(une technique qui permet d'enfiler un v\u00eatement plus facilement,\u00a0par ici pour en savoir +), ce sweat \u00e0 capuche \u00e9co-responsable brise les codes du style !  Sa\u00a0grande libert\u00e9 de mouvement, associ\u00e9e \u00e0 son tissu m\u00e9lang\u00e9 qui le rend\u00a0extr\u00eament doux\u00a0au toucher, ses\u00a0poches lat\u00e9rales, sa\u00a0capuche\u00a0doubl\u00e9e avec cordon\u00a0et ses finitions\u00a0en font v\u00e9ritablement un\u00a0must-have .","og_url":"https:\/\/amandynesteropes.com\/en\/product\/sweat-a-capuche-bio-unisexe\/","og_site_name":"Amandyne Steropes","article_publisher":"https:\/\/www.facebook.com\/amandine.goitre","article_modified_time":"2022-09-05T17:51:34+00:00","og_image":[{"width":455,"height":672,"url":"https:\/\/amandynesteropes.com\/wp-content\/uploads\/2022\/08\/Sweet-femme.png","type":"image\/png"}],"twitter_card":"summary_large_image","twitter_misc":{"Est. reading time":"1 minute"},"schema":{"@context":"https:\/\/schema.org","@graph":[{"@type":"WebPage","@id":"https:\/\/amandynesteropes.com\/en\/product\/sweat-a-capuche-bio-unisexe\/","url":"https:\/\/amandynesteropes.com\/en\/product\/sweat-a-capuche-bio-unisexe\/","name":"Sweat \u00e0 capuche bio unisexe - Amandyne Steropes","isPartOf":{"@id":"https:\/\/amandynesteropes.com\/#website"},"primaryImageOfPage":{"@id":"https:\/\/amandynesteropes.com\/en\/product\/sweat-a-capuche-bio-unisexe\/#primaryimage"},"image":{"@id":"https:\/\/amandynesteropes.com\/en\/product\/sweat-a-capuche-bio-unisexe\/#primaryimage"},"thumbnailUrl":"https:\/\/amandynesteropes.com\/wp-content\/uploads\/2022\/08\/Sweet-femme.png","datePublished":"2022-08-09T03:43:18+00:00","dateModified":"2022-09-05T17:51:34+00:00","breadcrumb":{"@id":"https:\/\/amandynesteropes.com\/en\/product\/sweat-a-capuche-bio-unisexe\/#breadcrumb"},"inLanguage":"en-US","potentialAction":[{"@type":"ReadAction","target":["https:\/\/amandynesteropes.com\/en\/product\/sweat-a-capuche-bio-unisexe\/"]}]},{"@type":"ImageObject","inLanguage":"en-US","@id":"https:\/\/amandynesteropes.com\/en\/product\/sweat-a-capuche-bio-unisexe\/#primaryimage","url":"https:\/\/amandynesteropes.com\/wp-content\/uploads\/2022\/08\/Sweet-femme.png","contentUrl":"https:\/\/amandynesteropes.com\/wp-content\/uploads\/2022\/08\/Sweet-femme.png","width":455,"height":672,"caption":"Retrouvez les diff\u00e9rents accessoires de sa collection pour les amateurs qui n\u2019ont plus de place aux murs ou un pouvoir d\u2019achat restreint."},{"@type":"BreadcrumbList","@id":"https:\/\/amandynesteropes.com\/en\/product\/sweat-a-capuche-bio-unisexe\/#breadcrumb","itemListElement":[{"@type":"ListItem","position":1,"name":"Accueil","item":"https:\/\/amandynesteropes.com\/"},{"@type":"ListItem","position":2,"name":"Boutique","item":"https:\/\/amandynesteropes.com\/boutique-amandyne-steropes-peintre\/"},{"@type":"ListItem","position":3,"name":"Sweat \u00e0 capuche bio unisexe"}]},{"@type":"WebSite","@id":"https:\/\/amandynesteropes.com\/#website","url":"https:\/\/amandynesteropes.com\/","name":"Amandyne Steropes","description":"Artiste peintre fran\u00e7aise","publisher":{"@id":"https:\/\/amandynesteropes.com\/#organization"},"alternateName":"Amandyne Steropes","potentialAction":[{"@type":"SearchAction","target":{"@type":"EntryPoint","urlTemplate":"https:\/\/amandynesteropes.com\/?s={search_term_string}"},"query-input":{"@type":"PropertyValueSpecification","valueRequired":true,"valueName":"search_term_string"}}],"inLanguage":"en-US"},{"@type":"Organization","@id":"https:\/\/amandynesteropes.com\/#organization","name":"Amandyne Steropes","alternateName":"Amandyne Steropes","url":"https:\/\/amandynesteropes.com\/","logo":{"@type":"ImageObject","inLanguage":"en-US","@id":"https:\/\/amandynesteropes.com\/#\/schema\/logo\/image\/","url":"https:\/\/amandynesteropes.com\/wp-content\/uploads\/2022\/07\/logo_amandyne-01.png","contentUrl":"https:\/\/amandynesteropes.com\/wp-content\/uploads\/2022\/07\/logo_amandyne-01.png","width":2165,"height":3300,"caption":"Amandyne Steropes"},"image":{"@id":"https:\/\/amandynesteropes.com\/#\/schema\/logo\/image\/"},"sameAs":["https:\/\/www.facebook.com\/amandine.goitre","https:\/\/www.instagram.com\/amandyne_steropes\/","https:\/\/www.linkedin.com\/in\/amandyne-steropes\/"]}]}},"jetpack_sharing_enabled":true,"_links":{"self":[{"href":"https:\/\/amandynesteropes.com\/en\/wp-json\/wp\/v2\/product\/976","targetHints":{"allow":["GET"]}}],"collection":[{"href":"https:\/\/amandynesteropes.com\/en\/wp-json\/wp\/v2\/product"}],"about":[{"href":"https:\/\/amandynesteropes.com\/en\/wp-json\/wp\/v2\/types\/product"}],"wp:featuredmedia":[{"embeddable":true,"href":"https:\/\/amandynesteropes.com\/en\/wp-json\/wp\/v2\/media\/1019"}],"wp:attachment":[{"href":"https:\/\/amandynesteropes.com\/en\/wp-json\/wp\/v2\/media?parent=976"}],"wp:term":[{"taxonomy":"product_cat","embeddable":true,"href":"https:\/\/amandynesteropes.com\/en\/wp-json\/wp\/v2\/product_cat?post=976"},{"taxonomy":"product_tag","embeddable":true,"href":"https:\/\/amandynesteropes.com\/en\/wp-json\/wp\/v2\/product_tag?post=976"}],"curies":[{"name":"wp","href":"https:\/\/api.w.org\/{rel}","templated":true}]}}