{"id":431,"date":"2022-07-18T10:15:06","date_gmt":"2022-07-18T10:15:06","guid":{"rendered":"https:\/\/amandynesteropes.live-website.com\/?post_type=product&#038;p=431"},"modified":"2022-09-09T09:33:34","modified_gmt":"2022-09-09T09:33:34","slug":"test","status":"publish","type":"product","link":"https:\/\/amandynesteropes.com\/en\/product\/test\/","title":{"rendered":"Asteria"},"content":{"rendered":"<p>Cette oeuvre est vendue. Vous appr\u00e9ciez cette oeuvre, l\u2019artiste peut r\u00e9pondre \u00e0 une commande personnalis\u00e9e.<\/p>\n<p>ANN\u00c9E: 2021<\/p>\n<p>TECHNIQUE : Technique mixte<\/p>\n<p>SUPPORT: Toile de lin mont\u00e9e sur ch\u00e2ssis<\/p>\n<p>DIMENSIONS: 162 x 97 cm<\/p>\n<p>CAT\u00c9GORIE: Nu<\/p>\n<p>Oeuvre unique et sign\u00e9e \u00e0 la main, avec certificat d\u2019authenticit\u00e9 et facture.<\/p>","protected":false},"excerpt":{"rendered":"<p>Long\u00e9e dans une nuit \u00e9toil\u00e9e<br \/>\nElle avance \u00e0 petit pas<br \/>\nCherchant un chemin vers sa destin\u00e9e<br \/>\nElle qui se fait appel\u00e9e ASTERIA<br \/>\nElle qui n\u2019arr\u00eate pas de se chercher Quelques pas de danse<br \/>\nViennent \u00e9gayer chaque Etoile<br \/>\nUn souhait et la voil\u00e0 briller dans tous les sens Envout\u00e9e par un simple r\u00e9cital<br \/>\nBerc\u00e9e par une romance Elle s\u2019appr\u00eate \u00e0 voler\u2026\u00e0 s\u2019\u00e9vaporer<br \/>\nElle est l\u00e0, pr\u00e9sente \u00e0 son bal pour la premi\u00e8re fois Marqu\u00e9e par l\u2019eternit\u00e9\u2026Grav\u00e9e \u00e0 tout jamlais Quelle gr\u00e2ce, Qu\u2019elle \u00e9l\u00e9gance !<\/p>","protected":false},"featured_media":827,"template":"","meta":{"_et_pb_use_builder":"off","_et_pb_old_content":"ANN\u00c9E: 2021\r\nTECHNIQUE : Technique mixte\r\nSUPPORT: Toile de lin mont\u00e9e sur ch\u00e2ssis\r\nDIMENSIONS: 162 x 97 cm\r\nCAT\u00c9GORIE: Nu\r\n\r\nOeuvre unique et sign\u00e9e \u00e0 la main, avec certificat d\u2019authenticit\u00e9 et facture.","_et_gb_content_width":""},"product_cat":[27],"product_tag":[],"class_list":["post-431","product","type-product","status-publish","has-post-thumbnail","hentry","product_cat-oeuvres-originales"],"yoast_head":"<!-- This site is optimized with the Yoast SEO plugin v27.4 - https:\/\/yoast.com\/product\/yoast-seo-wordpress\/ -->\n<title>Asteria - Amandyne Steropes<\/title>\n<meta name=\"robots\" content=\"index, follow, max-snippet:-1, max-image-preview:large, max-video-preview:-1\" \/>\n<link rel=\"canonical\" href=\"https:\/\/amandynesteropes.com\/en\/product\/test\/\" \/>\n<meta property=\"og:locale\" content=\"en_US\" \/>\n<meta property=\"og:type\" content=\"article\" \/>\n<meta property=\"og:title\" content=\"Asteria - Amandyne Steropes\" \/>\n<meta property=\"og:description\" content=\"Long\u00e9e dans une nuit \u00e9toil\u00e9e Elle avance \u00e0 petit pas Cherchant un chemin vers sa destin\u00e9e Elle qui se fait appel\u00e9e ASTERIA Elle qui n\u2019arr\u00eate pas de se chercher Quelques pas de danse Viennent \u00e9gayer chaque Etoile Un souhait et la voil\u00e0 briller dans tous les sens Envout\u00e9e par un simple r\u00e9cital Berc\u00e9e par une romance Elle s\u2019appr\u00eate \u00e0 voler\u2026\u00e0 s\u2019\u00e9vaporer Elle est l\u00e0, pr\u00e9sente \u00e0 son bal pour la premi\u00e8re fois Marqu\u00e9e par l\u2019eternit\u00e9\u2026Grav\u00e9e \u00e0 tout jamlais Quelle gr\u00e2ce, Qu\u2019elle \u00e9l\u00e9gance !\" \/>\n<meta property=\"og:url\" content=\"https:\/\/amandynesteropes.com\/en\/product\/test\/\" \/>\n<meta property=\"og:site_name\" content=\"Amandyne Steropes\" \/>\n<meta property=\"article:publisher\" content=\"https:\/\/www.facebook.com\/amandine.goitre\" \/>\n<meta property=\"article:modified_time\" content=\"2022-09-09T09:33:34+00:00\" \/>\n<meta property=\"og:image\" content=\"https:\/\/amandynesteropes.com\/wp-content\/uploads\/2022\/07\/asteria_grand-scaled.jpeg\" \/>\n\t<meta property=\"og:image:width\" content=\"1546\" \/>\n\t<meta property=\"og:image:height\" content=\"2560\" \/>\n\t<meta property=\"og:image:type\" content=\"image\/jpeg\" \/>\n<meta name=\"twitter:card\" content=\"summary_large_image\" \/>\n<meta name=\"twitter:label1\" content=\"Est. reading time\" \/>\n\t<meta name=\"twitter:data1\" content=\"1 minute\" \/>\n<script type=\"application\/ld+json\" class=\"yoast-schema-graph\">{\"@context\":\"https:\\\/\\\/schema.org\",\"@graph\":[{\"@type\":\"WebPage\",\"@id\":\"https:\\\/\\\/amandynesteropes.com\\\/produit\\\/test\\\/\",\"url\":\"https:\\\/\\\/amandynesteropes.com\\\/produit\\\/test\\\/\",\"name\":\"Asteria - Amandyne Steropes\",\"isPartOf\":{\"@id\":\"https:\\\/\\\/amandynesteropes.com\\\/#website\"},\"primaryImageOfPage\":{\"@id\":\"https:\\\/\\\/amandynesteropes.com\\\/produit\\\/test\\\/#primaryimage\"},\"image\":{\"@id\":\"https:\\\/\\\/amandynesteropes.com\\\/produit\\\/test\\\/#primaryimage\"},\"thumbnailUrl\":\"https:\\\/\\\/amandynesteropes.com\\\/wp-content\\\/uploads\\\/2022\\\/07\\\/asteria_grand-scaled.jpeg\",\"datePublished\":\"2022-07-18T10:15:06+00:00\",\"dateModified\":\"2022-09-09T09:33:34+00:00\",\"breadcrumb\":{\"@id\":\"https:\\\/\\\/amandynesteropes.com\\\/produit\\\/test\\\/#breadcrumb\"},\"inLanguage\":\"en-US\",\"potentialAction\":[{\"@type\":\"ReadAction\",\"target\":[\"https:\\\/\\\/amandynesteropes.com\\\/produit\\\/test\\\/\"]}]},{\"@type\":\"ImageObject\",\"inLanguage\":\"en-US\",\"@id\":\"https:\\\/\\\/amandynesteropes.com\\\/produit\\\/test\\\/#primaryimage\",\"url\":\"https:\\\/\\\/amandynesteropes.com\\\/wp-content\\\/uploads\\\/2022\\\/07\\\/asteria_grand-scaled.jpeg\",\"contentUrl\":\"https:\\\/\\\/amandynesteropes.com\\\/wp-content\\\/uploads\\\/2022\\\/07\\\/asteria_grand-scaled.jpeg\",\"width\":1546,\"height\":2560},{\"@type\":\"BreadcrumbList\",\"@id\":\"https:\\\/\\\/amandynesteropes.com\\\/produit\\\/test\\\/#breadcrumb\",\"itemListElement\":[{\"@type\":\"ListItem\",\"position\":1,\"name\":\"Accueil\",\"item\":\"https:\\\/\\\/amandynesteropes.com\\\/\"},{\"@type\":\"ListItem\",\"position\":2,\"name\":\"Boutique\",\"item\":\"https:\\\/\\\/amandynesteropes.com\\\/boutique-amandyne-steropes-peintre\\\/\"},{\"@type\":\"ListItem\",\"position\":3,\"name\":\"Asteria\"}]},{\"@type\":\"WebSite\",\"@id\":\"https:\\\/\\\/amandynesteropes.com\\\/#website\",\"url\":\"https:\\\/\\\/amandynesteropes.com\\\/\",\"name\":\"Amandyne Steropes\",\"description\":\"Artiste peintre fran\u00e7aise\",\"publisher\":{\"@id\":\"https:\\\/\\\/amandynesteropes.com\\\/#organization\"},\"alternateName\":\"Amandyne Steropes\",\"potentialAction\":[{\"@type\":\"SearchAction\",\"target\":{\"@type\":\"EntryPoint\",\"urlTemplate\":\"https:\\\/\\\/amandynesteropes.com\\\/?s={search_term_string}\"},\"query-input\":{\"@type\":\"PropertyValueSpecification\",\"valueRequired\":true,\"valueName\":\"search_term_string\"}}],\"inLanguage\":\"en-US\"},{\"@type\":\"Organization\",\"@id\":\"https:\\\/\\\/amandynesteropes.com\\\/#organization\",\"name\":\"Amandyne Steropes\",\"alternateName\":\"Amandyne Steropes\",\"url\":\"https:\\\/\\\/amandynesteropes.com\\\/\",\"logo\":{\"@type\":\"ImageObject\",\"inLanguage\":\"en-US\",\"@id\":\"https:\\\/\\\/amandynesteropes.com\\\/#\\\/schema\\\/logo\\\/image\\\/\",\"url\":\"https:\\\/\\\/amandynesteropes.com\\\/wp-content\\\/uploads\\\/2022\\\/07\\\/logo_amandyne-01.png\",\"contentUrl\":\"https:\\\/\\\/amandynesteropes.com\\\/wp-content\\\/uploads\\\/2022\\\/07\\\/logo_amandyne-01.png\",\"width\":2165,\"height\":3300,\"caption\":\"Amandyne Steropes\"},\"image\":{\"@id\":\"https:\\\/\\\/amandynesteropes.com\\\/#\\\/schema\\\/logo\\\/image\\\/\"},\"sameAs\":[\"https:\\\/\\\/www.facebook.com\\\/amandine.goitre\",\"https:\\\/\\\/www.instagram.com\\\/amandyne_steropes\\\/\",\"https:\\\/\\\/www.linkedin.com\\\/in\\\/amandyne-steropes\\\/\"]}]}<\/script>\n<!-- \/ Yoast SEO plugin. -->","yoast_head_json":{"title":"Asteria - Amandyne Steropes","robots":{"index":"index","follow":"follow","max-snippet":"max-snippet:-1","max-image-preview":"max-image-preview:large","max-video-preview":"max-video-preview:-1"},"canonical":"https:\/\/amandynesteropes.com\/en\/product\/test\/","og_locale":"en_US","og_type":"article","og_title":"Asteria - Amandyne Steropes","og_description":"Long\u00e9e dans une nuit \u00e9toil\u00e9e Elle avance \u00e0 petit pas Cherchant un chemin vers sa destin\u00e9e Elle qui se fait appel\u00e9e ASTERIA Elle qui n\u2019arr\u00eate pas de se chercher Quelques pas de danse Viennent \u00e9gayer chaque Etoile Un souhait et la voil\u00e0 briller dans tous les sens Envout\u00e9e par un simple r\u00e9cital Berc\u00e9e par une romance Elle s\u2019appr\u00eate \u00e0 voler\u2026\u00e0 s\u2019\u00e9vaporer Elle est l\u00e0, pr\u00e9sente \u00e0 son bal pour la premi\u00e8re fois Marqu\u00e9e par l\u2019eternit\u00e9\u2026Grav\u00e9e \u00e0 tout jamlais Quelle gr\u00e2ce, Qu\u2019elle \u00e9l\u00e9gance !","og_url":"https:\/\/amandynesteropes.com\/en\/product\/test\/","og_site_name":"Amandyne Steropes","article_publisher":"https:\/\/www.facebook.com\/amandine.goitre","article_modified_time":"2022-09-09T09:33:34+00:00","og_image":[{"width":1546,"height":2560,"url":"https:\/\/amandynesteropes.com\/wp-content\/uploads\/2022\/07\/asteria_grand-scaled.jpeg","type":"image\/jpeg"}],"twitter_card":"summary_large_image","twitter_misc":{"Est. reading time":"1 minute"},"schema":{"@context":"https:\/\/schema.org","@graph":[{"@type":"WebPage","@id":"https:\/\/amandynesteropes.com\/produit\/test\/","url":"https:\/\/amandynesteropes.com\/produit\/test\/","name":"Asteria - Amandyne Steropes","isPartOf":{"@id":"https:\/\/amandynesteropes.com\/#website"},"primaryImageOfPage":{"@id":"https:\/\/amandynesteropes.com\/produit\/test\/#primaryimage"},"image":{"@id":"https:\/\/amandynesteropes.com\/produit\/test\/#primaryimage"},"thumbnailUrl":"https:\/\/amandynesteropes.com\/wp-content\/uploads\/2022\/07\/asteria_grand-scaled.jpeg","datePublished":"2022-07-18T10:15:06+00:00","dateModified":"2022-09-09T09:33:34+00:00","breadcrumb":{"@id":"https:\/\/amandynesteropes.com\/produit\/test\/#breadcrumb"},"inLanguage":"en-US","potentialAction":[{"@type":"ReadAction","target":["https:\/\/amandynesteropes.com\/produit\/test\/"]}]},{"@type":"ImageObject","inLanguage":"en-US","@id":"https:\/\/amandynesteropes.com\/produit\/test\/#primaryimage","url":"https:\/\/amandynesteropes.com\/wp-content\/uploads\/2022\/07\/asteria_grand-scaled.jpeg","contentUrl":"https:\/\/amandynesteropes.com\/wp-content\/uploads\/2022\/07\/asteria_grand-scaled.jpeg","width":1546,"height":2560},{"@type":"BreadcrumbList","@id":"https:\/\/amandynesteropes.com\/produit\/test\/#breadcrumb","itemListElement":[{"@type":"ListItem","position":1,"name":"Accueil","item":"https:\/\/amandynesteropes.com\/"},{"@type":"ListItem","position":2,"name":"Boutique","item":"https:\/\/amandynesteropes.com\/boutique-amandyne-steropes-peintre\/"},{"@type":"ListItem","position":3,"name":"Asteria"}]},{"@type":"WebSite","@id":"https:\/\/amandynesteropes.com\/#website","url":"https:\/\/amandynesteropes.com\/","name":"Amandyne Steropes","description":"Artiste peintre fran\u00e7aise","publisher":{"@id":"https:\/\/amandynesteropes.com\/#organization"},"alternateName":"Amandyne Steropes","potentialAction":[{"@type":"SearchAction","target":{"@type":"EntryPoint","urlTemplate":"https:\/\/amandynesteropes.com\/?s={search_term_string}"},"query-input":{"@type":"PropertyValueSpecification","valueRequired":true,"valueName":"search_term_string"}}],"inLanguage":"en-US"},{"@type":"Organization","@id":"https:\/\/amandynesteropes.com\/#organization","name":"Amandyne Steropes","alternateName":"Amandyne Steropes","url":"https:\/\/amandynesteropes.com\/","logo":{"@type":"ImageObject","inLanguage":"en-US","@id":"https:\/\/amandynesteropes.com\/#\/schema\/logo\/image\/","url":"https:\/\/amandynesteropes.com\/wp-content\/uploads\/2022\/07\/logo_amandyne-01.png","contentUrl":"https:\/\/amandynesteropes.com\/wp-content\/uploads\/2022\/07\/logo_amandyne-01.png","width":2165,"height":3300,"caption":"Amandyne Steropes"},"image":{"@id":"https:\/\/amandynesteropes.com\/#\/schema\/logo\/image\/"},"sameAs":["https:\/\/www.facebook.com\/amandine.goitre","https:\/\/www.instagram.com\/amandyne_steropes\/","https:\/\/www.linkedin.com\/in\/amandyne-steropes\/"]}]}},"jetpack_sharing_enabled":true,"_links":{"self":[{"href":"https:\/\/amandynesteropes.com\/en\/wp-json\/wp\/v2\/product\/431","targetHints":{"allow":["GET"]}}],"collection":[{"href":"https:\/\/amandynesteropes.com\/en\/wp-json\/wp\/v2\/product"}],"about":[{"href":"https:\/\/amandynesteropes.com\/en\/wp-json\/wp\/v2\/types\/product"}],"wp:featuredmedia":[{"embeddable":true,"href":"https:\/\/amandynesteropes.com\/en\/wp-json\/wp\/v2\/media\/827"}],"wp:attachment":[{"href":"https:\/\/amandynesteropes.com\/en\/wp-json\/wp\/v2\/media?parent=431"}],"wp:term":[{"taxonomy":"product_cat","embeddable":true,"href":"https:\/\/amandynesteropes.com\/en\/wp-json\/wp\/v2\/product_cat?post=431"},{"taxonomy":"product_tag","embeddable":true,"href":"https:\/\/amandynesteropes.com\/en\/wp-json\/wp\/v2\/product_tag?post=431"}],"curies":[{"name":"wp","href":"https:\/\/api.w.org\/{rel}","templated":true}]}}