{"id":2182,"date":"2024-02-21T10:34:32","date_gmt":"2024-02-21T10:34:32","guid":{"rendered":"https:\/\/amandynesteropes.com\/?post_type=product&#038;p=2182"},"modified":"2024-06-21T14:17:43","modified_gmt":"2024-06-21T14:17:43","slug":"le-baiser-fougueux","status":"publish","type":"product","link":"https:\/\/amandynesteropes.com\/en\/product\/le-baiser-fougueux\/","title":{"rendered":"Le Baiser Fougueux"},"content":{"rendered":"<p>ANN\u00c9E: 2024<\/p>\n<p>TECHNIQUE : Technique mixte<\/p>\n<p>SUPPORT: Papier aquarelle mis sous cadre et passe partout<\/p>\n<p>DIMENSIONS: 42 x 28 cm<\/p>\n<p>DIMENSION TOTALE AVEC CADRE: 60 x 50 cm<\/p>\n<p>CAT\u00c9GORIE: Nu<\/p>\n<p>Oeuvre unique et sign\u00e9e \u00e0 la main, remise avec certificat d\u2019authenticit\u00e9 accompagn\u00e9e de son justificatif de cotation ICAC ( 670 euros ) et facture.<\/p>\n<p>Prix artiste et non galerie, l\u2019artiste n\u2019acceptera pas de n\u00e9gociations de prix des ventes sur les autres galeries virtuelles ou physiques seulement sur ce site.<\/p>","protected":false},"excerpt":{"rendered":"<p>Dans l\u2019\u00e9treinte passionn\u00e9e de deux \u00e2mes, le temps s\u2019arr\u00eate, laissant place \u00e0 une \u00e9nergie magnifique.<br \/>\nUn instant \u00e9ph\u00e9m\u00e8re, mais grav\u00e9 \u00e0 jamais dans le c\u0153ur, r\u00e9sonnant comme une m\u00e9lodie douce et intemporelle. <\/p>","protected":false},"featured_media":2183,"template":"","meta":{"_et_pb_use_builder":"","_et_pb_old_content":"","_et_gb_content_width":""},"product_cat":[69],"product_tag":[],"class_list":["post-2182","product","type-product","status-publish","has-post-thumbnail","hentry","product_cat-les-couples","product_shipping_class-sur-papier-50-x-50-x-2"],"yoast_head":"<!-- This site is optimized with the Yoast SEO plugin v27.4 - https:\/\/yoast.com\/product\/yoast-seo-wordpress\/ -->\n<title>Le Baiser Fougueux - Amandyne Steropes<\/title>\n<meta name=\"robots\" content=\"index, follow, max-snippet:-1, max-image-preview:large, max-video-preview:-1\" \/>\n<link rel=\"canonical\" href=\"https:\/\/amandynesteropes.com\/en\/product\/le-baiser-fougueux\/\" \/>\n<meta property=\"og:locale\" content=\"en_US\" \/>\n<meta property=\"og:type\" content=\"article\" \/>\n<meta property=\"og:title\" content=\"Le Baiser Fougueux - Amandyne Steropes\" \/>\n<meta property=\"og:description\" content=\"Dans l\u2019\u00e9treinte passionn\u00e9e de deux \u00e2mes, le temps s\u2019arr\u00eate, laissant place \u00e0 une \u00e9nergie magnifique. Un instant \u00e9ph\u00e9m\u00e8re, mais grav\u00e9 \u00e0 jamais dans le c\u0153ur, r\u00e9sonnant comme une m\u00e9lodie douce et intemporelle.\" \/>\n<meta property=\"og:url\" content=\"https:\/\/amandynesteropes.com\/en\/product\/le-baiser-fougueux\/\" \/>\n<meta property=\"og:site_name\" content=\"Amandyne Steropes\" \/>\n<meta property=\"article:publisher\" content=\"https:\/\/www.facebook.com\/amandine.goitre\" \/>\n<meta property=\"article:modified_time\" content=\"2024-06-21T14:17:43+00:00\" \/>\n<meta property=\"og:image\" content=\"https:\/\/amandynesteropes.com\/wp-content\/uploads\/2024\/02\/048DAC1C-A032-42BC-BCCF-42401572147A-scaled.jpeg\" \/>\n\t<meta property=\"og:image:width\" content=\"1834\" \/>\n\t<meta property=\"og:image:height\" content=\"2560\" \/>\n\t<meta property=\"og:image:type\" content=\"image\/jpeg\" \/>\n<meta name=\"twitter:card\" content=\"summary_large_image\" \/>\n<meta name=\"twitter:label1\" content=\"Est. reading time\" \/>\n\t<meta name=\"twitter:data1\" content=\"1 minute\" \/>\n<script type=\"application\/ld+json\" class=\"yoast-schema-graph\">{\"@context\":\"https:\\\/\\\/schema.org\",\"@graph\":[{\"@type\":\"WebPage\",\"@id\":\"https:\\\/\\\/amandynesteropes.com\\\/produit\\\/le-baiser-fougueux\\\/\",\"url\":\"https:\\\/\\\/amandynesteropes.com\\\/produit\\\/le-baiser-fougueux\\\/\",\"name\":\"Le Baiser Fougueux - Amandyne Steropes\",\"isPartOf\":{\"@id\":\"https:\\\/\\\/amandynesteropes.com\\\/#website\"},\"primaryImageOfPage\":{\"@id\":\"https:\\\/\\\/amandynesteropes.com\\\/produit\\\/le-baiser-fougueux\\\/#primaryimage\"},\"image\":{\"@id\":\"https:\\\/\\\/amandynesteropes.com\\\/produit\\\/le-baiser-fougueux\\\/#primaryimage\"},\"thumbnailUrl\":\"https:\\\/\\\/amandynesteropes.com\\\/wp-content\\\/uploads\\\/2024\\\/02\\\/048DAC1C-A032-42BC-BCCF-42401572147A-scaled.jpeg\",\"datePublished\":\"2024-02-21T10:34:32+00:00\",\"dateModified\":\"2024-06-21T14:17:43+00:00\",\"breadcrumb\":{\"@id\":\"https:\\\/\\\/amandynesteropes.com\\\/produit\\\/le-baiser-fougueux\\\/#breadcrumb\"},\"inLanguage\":\"en-US\",\"potentialAction\":[{\"@type\":\"ReadAction\",\"target\":[\"https:\\\/\\\/amandynesteropes.com\\\/produit\\\/le-baiser-fougueux\\\/\"]}]},{\"@type\":\"ImageObject\",\"inLanguage\":\"en-US\",\"@id\":\"https:\\\/\\\/amandynesteropes.com\\\/produit\\\/le-baiser-fougueux\\\/#primaryimage\",\"url\":\"https:\\\/\\\/amandynesteropes.com\\\/wp-content\\\/uploads\\\/2024\\\/02\\\/048DAC1C-A032-42BC-BCCF-42401572147A-scaled.jpeg\",\"contentUrl\":\"https:\\\/\\\/amandynesteropes.com\\\/wp-content\\\/uploads\\\/2024\\\/02\\\/048DAC1C-A032-42BC-BCCF-42401572147A-scaled.jpeg\",\"width\":1834,\"height\":2560},{\"@type\":\"BreadcrumbList\",\"@id\":\"https:\\\/\\\/amandynesteropes.com\\\/produit\\\/le-baiser-fougueux\\\/#breadcrumb\",\"itemListElement\":[{\"@type\":\"ListItem\",\"position\":1,\"name\":\"Accueil\",\"item\":\"https:\\\/\\\/amandynesteropes.com\\\/\"},{\"@type\":\"ListItem\",\"position\":2,\"name\":\"Boutique\",\"item\":\"https:\\\/\\\/amandynesteropes.com\\\/boutique-amandyne-steropes-peintre\\\/\"},{\"@type\":\"ListItem\",\"position\":3,\"name\":\"Le Baiser Fougueux\"}]},{\"@type\":\"WebSite\",\"@id\":\"https:\\\/\\\/amandynesteropes.com\\\/#website\",\"url\":\"https:\\\/\\\/amandynesteropes.com\\\/\",\"name\":\"Amandyne Steropes\",\"description\":\"Artiste peintre fran\u00e7aise\",\"publisher\":{\"@id\":\"https:\\\/\\\/amandynesteropes.com\\\/#organization\"},\"alternateName\":\"Amandyne Steropes\",\"potentialAction\":[{\"@type\":\"SearchAction\",\"target\":{\"@type\":\"EntryPoint\",\"urlTemplate\":\"https:\\\/\\\/amandynesteropes.com\\\/?s={search_term_string}\"},\"query-input\":{\"@type\":\"PropertyValueSpecification\",\"valueRequired\":true,\"valueName\":\"search_term_string\"}}],\"inLanguage\":\"en-US\"},{\"@type\":\"Organization\",\"@id\":\"https:\\\/\\\/amandynesteropes.com\\\/#organization\",\"name\":\"Amandyne Steropes\",\"alternateName\":\"Amandyne Steropes\",\"url\":\"https:\\\/\\\/amandynesteropes.com\\\/\",\"logo\":{\"@type\":\"ImageObject\",\"inLanguage\":\"en-US\",\"@id\":\"https:\\\/\\\/amandynesteropes.com\\\/#\\\/schema\\\/logo\\\/image\\\/\",\"url\":\"https:\\\/\\\/amandynesteropes.com\\\/wp-content\\\/uploads\\\/2022\\\/07\\\/logo_amandyne-01.png\",\"contentUrl\":\"https:\\\/\\\/amandynesteropes.com\\\/wp-content\\\/uploads\\\/2022\\\/07\\\/logo_amandyne-01.png\",\"width\":2165,\"height\":3300,\"caption\":\"Amandyne Steropes\"},\"image\":{\"@id\":\"https:\\\/\\\/amandynesteropes.com\\\/#\\\/schema\\\/logo\\\/image\\\/\"},\"sameAs\":[\"https:\\\/\\\/www.facebook.com\\\/amandine.goitre\",\"https:\\\/\\\/www.instagram.com\\\/amandyne_steropes\\\/\",\"https:\\\/\\\/www.linkedin.com\\\/in\\\/amandyne-steropes\\\/\"]}]}<\/script>\n<!-- \/ Yoast SEO plugin. -->","yoast_head_json":{"title":"Le Baiser Fougueux - Amandyne Steropes","robots":{"index":"index","follow":"follow","max-snippet":"max-snippet:-1","max-image-preview":"max-image-preview:large","max-video-preview":"max-video-preview:-1"},"canonical":"https:\/\/amandynesteropes.com\/en\/product\/le-baiser-fougueux\/","og_locale":"en_US","og_type":"article","og_title":"Le Baiser Fougueux - Amandyne Steropes","og_description":"Dans l\u2019\u00e9treinte passionn\u00e9e de deux \u00e2mes, le temps s\u2019arr\u00eate, laissant place \u00e0 une \u00e9nergie magnifique. Un instant \u00e9ph\u00e9m\u00e8re, mais grav\u00e9 \u00e0 jamais dans le c\u0153ur, r\u00e9sonnant comme une m\u00e9lodie douce et intemporelle.","og_url":"https:\/\/amandynesteropes.com\/en\/product\/le-baiser-fougueux\/","og_site_name":"Amandyne Steropes","article_publisher":"https:\/\/www.facebook.com\/amandine.goitre","article_modified_time":"2024-06-21T14:17:43+00:00","og_image":[{"width":1834,"height":2560,"url":"https:\/\/amandynesteropes.com\/wp-content\/uploads\/2024\/02\/048DAC1C-A032-42BC-BCCF-42401572147A-scaled.jpeg","type":"image\/jpeg"}],"twitter_card":"summary_large_image","twitter_misc":{"Est. reading time":"1 minute"},"schema":{"@context":"https:\/\/schema.org","@graph":[{"@type":"WebPage","@id":"https:\/\/amandynesteropes.com\/produit\/le-baiser-fougueux\/","url":"https:\/\/amandynesteropes.com\/produit\/le-baiser-fougueux\/","name":"Le Baiser Fougueux - Amandyne Steropes","isPartOf":{"@id":"https:\/\/amandynesteropes.com\/#website"},"primaryImageOfPage":{"@id":"https:\/\/amandynesteropes.com\/produit\/le-baiser-fougueux\/#primaryimage"},"image":{"@id":"https:\/\/amandynesteropes.com\/produit\/le-baiser-fougueux\/#primaryimage"},"thumbnailUrl":"https:\/\/amandynesteropes.com\/wp-content\/uploads\/2024\/02\/048DAC1C-A032-42BC-BCCF-42401572147A-scaled.jpeg","datePublished":"2024-02-21T10:34:32+00:00","dateModified":"2024-06-21T14:17:43+00:00","breadcrumb":{"@id":"https:\/\/amandynesteropes.com\/produit\/le-baiser-fougueux\/#breadcrumb"},"inLanguage":"en-US","potentialAction":[{"@type":"ReadAction","target":["https:\/\/amandynesteropes.com\/produit\/le-baiser-fougueux\/"]}]},{"@type":"ImageObject","inLanguage":"en-US","@id":"https:\/\/amandynesteropes.com\/produit\/le-baiser-fougueux\/#primaryimage","url":"https:\/\/amandynesteropes.com\/wp-content\/uploads\/2024\/02\/048DAC1C-A032-42BC-BCCF-42401572147A-scaled.jpeg","contentUrl":"https:\/\/amandynesteropes.com\/wp-content\/uploads\/2024\/02\/048DAC1C-A032-42BC-BCCF-42401572147A-scaled.jpeg","width":1834,"height":2560},{"@type":"BreadcrumbList","@id":"https:\/\/amandynesteropes.com\/produit\/le-baiser-fougueux\/#breadcrumb","itemListElement":[{"@type":"ListItem","position":1,"name":"Accueil","item":"https:\/\/amandynesteropes.com\/"},{"@type":"ListItem","position":2,"name":"Boutique","item":"https:\/\/amandynesteropes.com\/boutique-amandyne-steropes-peintre\/"},{"@type":"ListItem","position":3,"name":"Le Baiser Fougueux"}]},{"@type":"WebSite","@id":"https:\/\/amandynesteropes.com\/#website","url":"https:\/\/amandynesteropes.com\/","name":"Amandyne Steropes","description":"Artiste peintre fran\u00e7aise","publisher":{"@id":"https:\/\/amandynesteropes.com\/#organization"},"alternateName":"Amandyne Steropes","potentialAction":[{"@type":"SearchAction","target":{"@type":"EntryPoint","urlTemplate":"https:\/\/amandynesteropes.com\/?s={search_term_string}"},"query-input":{"@type":"PropertyValueSpecification","valueRequired":true,"valueName":"search_term_string"}}],"inLanguage":"en-US"},{"@type":"Organization","@id":"https:\/\/amandynesteropes.com\/#organization","name":"Amandyne Steropes","alternateName":"Amandyne Steropes","url":"https:\/\/amandynesteropes.com\/","logo":{"@type":"ImageObject","inLanguage":"en-US","@id":"https:\/\/amandynesteropes.com\/#\/schema\/logo\/image\/","url":"https:\/\/amandynesteropes.com\/wp-content\/uploads\/2022\/07\/logo_amandyne-01.png","contentUrl":"https:\/\/amandynesteropes.com\/wp-content\/uploads\/2022\/07\/logo_amandyne-01.png","width":2165,"height":3300,"caption":"Amandyne Steropes"},"image":{"@id":"https:\/\/amandynesteropes.com\/#\/schema\/logo\/image\/"},"sameAs":["https:\/\/www.facebook.com\/amandine.goitre","https:\/\/www.instagram.com\/amandyne_steropes\/","https:\/\/www.linkedin.com\/in\/amandyne-steropes\/"]}]}},"jetpack_sharing_enabled":true,"_links":{"self":[{"href":"https:\/\/amandynesteropes.com\/en\/wp-json\/wp\/v2\/product\/2182","targetHints":{"allow":["GET"]}}],"collection":[{"href":"https:\/\/amandynesteropes.com\/en\/wp-json\/wp\/v2\/product"}],"about":[{"href":"https:\/\/amandynesteropes.com\/en\/wp-json\/wp\/v2\/types\/product"}],"wp:featuredmedia":[{"embeddable":true,"href":"https:\/\/amandynesteropes.com\/en\/wp-json\/wp\/v2\/media\/2183"}],"wp:attachment":[{"href":"https:\/\/amandynesteropes.com\/en\/wp-json\/wp\/v2\/media?parent=2182"}],"wp:term":[{"taxonomy":"product_cat","embeddable":true,"href":"https:\/\/amandynesteropes.com\/en\/wp-json\/wp\/v2\/product_cat?post=2182"},{"taxonomy":"product_tag","embeddable":true,"href":"https:\/\/amandynesteropes.com\/en\/wp-json\/wp\/v2\/product_tag?post=2182"}],"curies":[{"name":"wp","href":"https:\/\/api.w.org\/{rel}","templated":true}]}}