{"id":2171,"date":"2024-02-20T13:47:24","date_gmt":"2024-02-20T13:47:24","guid":{"rendered":"https:\/\/amandynesteropes.com\/?post_type=product&#038;p=2171"},"modified":"2024-06-21T14:17:56","modified_gmt":"2024-06-21T14:17:56","slug":"echo-interieur","status":"publish","type":"product","link":"https:\/\/amandynesteropes.com\/en\/product\/echo-interieur\/","title":{"rendered":"\u00c9cho Int\u00e9rieur"},"content":{"rendered":"<p>ANN\u00c9E: 2024<\/p>\n<p>TECHNIQUE : Technique mixte<\/p>\n<p>SUPPORT: Papier aquarelle mis sous passe partout et sous cadre. <\/p>\n<p>DIMENSIONS: 42 x 28 cm<\/p>\n<p>DIMENSION TOTALE AVEC CADRE: 60 x 50 cm<\/p>\n<p>CAT\u00c9GORIE: Nu<\/p>\n<p>Oeuvre unique et sign\u00e9e \u00e0 la main, remise avec certificat d\u2019authenticit\u00e9 accompagn\u00e9e de son justificatif de cotation ICAC ( 670 euros ) et facture.<\/p>\n<p>Prix artiste et non galerie, l\u2019artiste n\u2019acceptera pas de n\u00e9gociations de prix des ventes sur les autres galeries virtuelles ou physiques seulement sur ce site.<\/p>","protected":false},"excerpt":{"rendered":"<p>Toile sur papier aquarelle mise sous passe partout. Dimension totale : 60 X 50 cm. Vendue avec certificat d\u2019authenticit\u00e9 et justificatif de cotation. Sa technique \u00e9vasive et po\u00e9tique s&rsquo;abandonne au gr\u00e9 du dessin, pour exp\u00e9rimenter les accidents de mati\u00e8re dans une d\u00e9marche qui fait confiance aux \u00e9l\u00e9ments. Le r\u00e9sultat r\u00e9invente un r\u00eave, \u00e0 la fronti\u00e8re du concret et de l&rsquo;improbable, de l&rsquo;in\u00e9dit et du d\u00e9sir\u00e9. Ses tableaux vibrent de sa passion pour les corps et leurs myst\u00e8res et la vie indomptable qui les met en mouvement.<\/p>\n<p>cette toile saisissante capture l&rsquo;instant de calme au c\u0153ur de l&rsquo;effort. Un homme athl\u00e9tique, assis dans une pose m\u00e9ditative, se tient une jambe tandis que l&rsquo;autre bras repose sur sa t\u00eate. Son expression r\u00e9fl\u00e9chie sugg\u00e8re une profonde introspection, alors qu&rsquo;il semble plong\u00e9 dans ses pens\u00e9es. La tension musculaire de son corps t\u00e9moigne de l&rsquo;effort pass\u00e9, mais aussi de la force int\u00e9rieure qui l&rsquo;anime. Cette \u0153uvre invite le spectateur \u00e0 partager ce moment d&rsquo;intimit\u00e9, \u00e0 contempler la puissance et la qui\u00e9tude qui se rencontrent dans l&rsquo;union de l&rsquo;esprit et du corps<\/p>","protected":false},"featured_media":2174,"template":"","meta":{"_et_pb_use_builder":"","_et_pb_old_content":"","_et_gb_content_width":""},"product_cat":[57],"product_tag":[],"class_list":["post-2171","product","type-product","status-publish","has-post-thumbnail","hentry","product_cat-serie-bleue-les-hommes","product_shipping_class-sur-papier-50-x-50-x-2"],"yoast_head":"<!-- This site is optimized with the Yoast SEO plugin v27.4 - https:\/\/yoast.com\/product\/yoast-seo-wordpress\/ -->\n<title>\u00c9cho Int\u00e9rieur - Amandyne Steropes<\/title>\n<meta name=\"robots\" content=\"index, follow, max-snippet:-1, max-image-preview:large, max-video-preview:-1\" \/>\n<link rel=\"canonical\" href=\"https:\/\/amandynesteropes.com\/en\/product\/echo-interieur\/\" \/>\n<meta property=\"og:locale\" content=\"en_US\" \/>\n<meta property=\"og:type\" content=\"article\" \/>\n<meta property=\"og:title\" content=\"\u00c9cho Int\u00e9rieur - Amandyne Steropes\" \/>\n<meta property=\"og:description\" content=\"Toile sur papier aquarelle mise sous passe partout. Dimension totale : 60 X 50 cm. Vendue avec certificat d\u2019authenticit\u00e9 et justificatif de cotation. Sa technique \u00e9vasive et po\u00e9tique s&#039;abandonne au gr\u00e9 du dessin, pour exp\u00e9rimenter les accidents de mati\u00e8re dans une d\u00e9marche qui fait confiance aux \u00e9l\u00e9ments. Le r\u00e9sultat r\u00e9invente un r\u00eave, \u00e0 la fronti\u00e8re du concret et de l&#039;improbable, de l&#039;in\u00e9dit et du d\u00e9sir\u00e9. Ses tableaux vibrent de sa passion pour les corps et leurs myst\u00e8res et la vie indomptable qui les met en mouvement.  cette toile saisissante capture l&#039;instant de calme au c\u0153ur de l&#039;effort. Un homme athl\u00e9tique, assis dans une pose m\u00e9ditative, se tient une jambe tandis que l&#039;autre bras repose sur sa t\u00eate. Son expression r\u00e9fl\u00e9chie sugg\u00e8re une profonde introspection, alors qu&#039;il semble plong\u00e9 dans ses pens\u00e9es. La tension musculaire de son corps t\u00e9moigne de l&#039;effort pass\u00e9, mais aussi de la force int\u00e9rieure qui l&#039;anime. Cette \u0153uvre invite le spectateur \u00e0 partager ce moment d&#039;intimit\u00e9, \u00e0 contempler la puissance et la qui\u00e9tude qui se rencontrent dans l&#039;union de l&#039;esprit et du corps\" \/>\n<meta property=\"og:url\" content=\"https:\/\/amandynesteropes.com\/en\/product\/echo-interieur\/\" \/>\n<meta property=\"og:site_name\" content=\"Amandyne Steropes\" \/>\n<meta property=\"article:publisher\" content=\"https:\/\/www.facebook.com\/amandine.goitre\" \/>\n<meta property=\"article:modified_time\" content=\"2024-06-21T14:17:56+00:00\" \/>\n<meta property=\"og:image\" content=\"https:\/\/amandynesteropes.com\/wp-content\/uploads\/2024\/02\/2F5C0205-DC0A-4798-973C-4DB96E967FA0-scaled.jpeg\" \/>\n\t<meta property=\"og:image:width\" content=\"2560\" \/>\n\t<meta property=\"og:image:height\" content=\"1788\" \/>\n\t<meta property=\"og:image:type\" content=\"image\/jpeg\" \/>\n<meta name=\"twitter:card\" content=\"summary_large_image\" \/>\n<meta name=\"twitter:label1\" content=\"Est. reading time\" \/>\n\t<meta name=\"twitter:data1\" content=\"1 minute\" \/>\n<script type=\"application\/ld+json\" class=\"yoast-schema-graph\">{\"@context\":\"https:\\\/\\\/schema.org\",\"@graph\":[{\"@type\":\"WebPage\",\"@id\":\"https:\\\/\\\/amandynesteropes.com\\\/produit\\\/echo-interieur\\\/\",\"url\":\"https:\\\/\\\/amandynesteropes.com\\\/produit\\\/echo-interieur\\\/\",\"name\":\"\u00c9cho Int\u00e9rieur - Amandyne Steropes\",\"isPartOf\":{\"@id\":\"https:\\\/\\\/amandynesteropes.com\\\/#website\"},\"primaryImageOfPage\":{\"@id\":\"https:\\\/\\\/amandynesteropes.com\\\/produit\\\/echo-interieur\\\/#primaryimage\"},\"image\":{\"@id\":\"https:\\\/\\\/amandynesteropes.com\\\/produit\\\/echo-interieur\\\/#primaryimage\"},\"thumbnailUrl\":\"https:\\\/\\\/amandynesteropes.com\\\/wp-content\\\/uploads\\\/2024\\\/02\\\/2F5C0205-DC0A-4798-973C-4DB96E967FA0-scaled.jpeg\",\"datePublished\":\"2024-02-20T13:47:24+00:00\",\"dateModified\":\"2024-06-21T14:17:56+00:00\",\"breadcrumb\":{\"@id\":\"https:\\\/\\\/amandynesteropes.com\\\/produit\\\/echo-interieur\\\/#breadcrumb\"},\"inLanguage\":\"en-US\",\"potentialAction\":[{\"@type\":\"ReadAction\",\"target\":[\"https:\\\/\\\/amandynesteropes.com\\\/produit\\\/echo-interieur\\\/\"]}]},{\"@type\":\"ImageObject\",\"inLanguage\":\"en-US\",\"@id\":\"https:\\\/\\\/amandynesteropes.com\\\/produit\\\/echo-interieur\\\/#primaryimage\",\"url\":\"https:\\\/\\\/amandynesteropes.com\\\/wp-content\\\/uploads\\\/2024\\\/02\\\/2F5C0205-DC0A-4798-973C-4DB96E967FA0-scaled.jpeg\",\"contentUrl\":\"https:\\\/\\\/amandynesteropes.com\\\/wp-content\\\/uploads\\\/2024\\\/02\\\/2F5C0205-DC0A-4798-973C-4DB96E967FA0-scaled.jpeg\",\"width\":2560,\"height\":1788},{\"@type\":\"BreadcrumbList\",\"@id\":\"https:\\\/\\\/amandynesteropes.com\\\/produit\\\/echo-interieur\\\/#breadcrumb\",\"itemListElement\":[{\"@type\":\"ListItem\",\"position\":1,\"name\":\"Accueil\",\"item\":\"https:\\\/\\\/amandynesteropes.com\\\/\"},{\"@type\":\"ListItem\",\"position\":2,\"name\":\"Boutique\",\"item\":\"https:\\\/\\\/amandynesteropes.com\\\/boutique-amandyne-steropes-peintre\\\/\"},{\"@type\":\"ListItem\",\"position\":3,\"name\":\"\u00c9cho Int\u00e9rieur\"}]},{\"@type\":\"WebSite\",\"@id\":\"https:\\\/\\\/amandynesteropes.com\\\/#website\",\"url\":\"https:\\\/\\\/amandynesteropes.com\\\/\",\"name\":\"Amandyne Steropes\",\"description\":\"Artiste peintre fran\u00e7aise\",\"publisher\":{\"@id\":\"https:\\\/\\\/amandynesteropes.com\\\/#organization\"},\"alternateName\":\"Amandyne Steropes\",\"potentialAction\":[{\"@type\":\"SearchAction\",\"target\":{\"@type\":\"EntryPoint\",\"urlTemplate\":\"https:\\\/\\\/amandynesteropes.com\\\/?s={search_term_string}\"},\"query-input\":{\"@type\":\"PropertyValueSpecification\",\"valueRequired\":true,\"valueName\":\"search_term_string\"}}],\"inLanguage\":\"en-US\"},{\"@type\":\"Organization\",\"@id\":\"https:\\\/\\\/amandynesteropes.com\\\/#organization\",\"name\":\"Amandyne Steropes\",\"alternateName\":\"Amandyne Steropes\",\"url\":\"https:\\\/\\\/amandynesteropes.com\\\/\",\"logo\":{\"@type\":\"ImageObject\",\"inLanguage\":\"en-US\",\"@id\":\"https:\\\/\\\/amandynesteropes.com\\\/#\\\/schema\\\/logo\\\/image\\\/\",\"url\":\"https:\\\/\\\/amandynesteropes.com\\\/wp-content\\\/uploads\\\/2022\\\/07\\\/logo_amandyne-01.png\",\"contentUrl\":\"https:\\\/\\\/amandynesteropes.com\\\/wp-content\\\/uploads\\\/2022\\\/07\\\/logo_amandyne-01.png\",\"width\":2165,\"height\":3300,\"caption\":\"Amandyne Steropes\"},\"image\":{\"@id\":\"https:\\\/\\\/amandynesteropes.com\\\/#\\\/schema\\\/logo\\\/image\\\/\"},\"sameAs\":[\"https:\\\/\\\/www.facebook.com\\\/amandine.goitre\",\"https:\\\/\\\/www.instagram.com\\\/amandyne_steropes\\\/\",\"https:\\\/\\\/www.linkedin.com\\\/in\\\/amandyne-steropes\\\/\"]}]}<\/script>\n<!-- \/ Yoast SEO plugin. -->","yoast_head_json":{"title":"\u00c9cho Int\u00e9rieur - Amandyne Steropes","robots":{"index":"index","follow":"follow","max-snippet":"max-snippet:-1","max-image-preview":"max-image-preview:large","max-video-preview":"max-video-preview:-1"},"canonical":"https:\/\/amandynesteropes.com\/en\/product\/echo-interieur\/","og_locale":"en_US","og_type":"article","og_title":"\u00c9cho Int\u00e9rieur - Amandyne Steropes","og_description":"Toile sur papier aquarelle mise sous passe partout. Dimension totale : 60 X 50 cm. Vendue avec certificat d\u2019authenticit\u00e9 et justificatif de cotation. Sa technique \u00e9vasive et po\u00e9tique s'abandonne au gr\u00e9 du dessin, pour exp\u00e9rimenter les accidents de mati\u00e8re dans une d\u00e9marche qui fait confiance aux \u00e9l\u00e9ments. Le r\u00e9sultat r\u00e9invente un r\u00eave, \u00e0 la fronti\u00e8re du concret et de l'improbable, de l'in\u00e9dit et du d\u00e9sir\u00e9. Ses tableaux vibrent de sa passion pour les corps et leurs myst\u00e8res et la vie indomptable qui les met en mouvement.  cette toile saisissante capture l'instant de calme au c\u0153ur de l'effort. Un homme athl\u00e9tique, assis dans une pose m\u00e9ditative, se tient une jambe tandis que l'autre bras repose sur sa t\u00eate. Son expression r\u00e9fl\u00e9chie sugg\u00e8re une profonde introspection, alors qu'il semble plong\u00e9 dans ses pens\u00e9es. La tension musculaire de son corps t\u00e9moigne de l'effort pass\u00e9, mais aussi de la force int\u00e9rieure qui l'anime. Cette \u0153uvre invite le spectateur \u00e0 partager ce moment d'intimit\u00e9, \u00e0 contempler la puissance et la qui\u00e9tude qui se rencontrent dans l'union de l'esprit et du corps","og_url":"https:\/\/amandynesteropes.com\/en\/product\/echo-interieur\/","og_site_name":"Amandyne Steropes","article_publisher":"https:\/\/www.facebook.com\/amandine.goitre","article_modified_time":"2024-06-21T14:17:56+00:00","og_image":[{"width":2560,"height":1788,"url":"https:\/\/amandynesteropes.com\/wp-content\/uploads\/2024\/02\/2F5C0205-DC0A-4798-973C-4DB96E967FA0-scaled.jpeg","type":"image\/jpeg"}],"twitter_card":"summary_large_image","twitter_misc":{"Est. reading time":"1 minute"},"schema":{"@context":"https:\/\/schema.org","@graph":[{"@type":"WebPage","@id":"https:\/\/amandynesteropes.com\/produit\/echo-interieur\/","url":"https:\/\/amandynesteropes.com\/produit\/echo-interieur\/","name":"\u00c9cho Int\u00e9rieur - Amandyne Steropes","isPartOf":{"@id":"https:\/\/amandynesteropes.com\/#website"},"primaryImageOfPage":{"@id":"https:\/\/amandynesteropes.com\/produit\/echo-interieur\/#primaryimage"},"image":{"@id":"https:\/\/amandynesteropes.com\/produit\/echo-interieur\/#primaryimage"},"thumbnailUrl":"https:\/\/amandynesteropes.com\/wp-content\/uploads\/2024\/02\/2F5C0205-DC0A-4798-973C-4DB96E967FA0-scaled.jpeg","datePublished":"2024-02-20T13:47:24+00:00","dateModified":"2024-06-21T14:17:56+00:00","breadcrumb":{"@id":"https:\/\/amandynesteropes.com\/produit\/echo-interieur\/#breadcrumb"},"inLanguage":"en-US","potentialAction":[{"@type":"ReadAction","target":["https:\/\/amandynesteropes.com\/produit\/echo-interieur\/"]}]},{"@type":"ImageObject","inLanguage":"en-US","@id":"https:\/\/amandynesteropes.com\/produit\/echo-interieur\/#primaryimage","url":"https:\/\/amandynesteropes.com\/wp-content\/uploads\/2024\/02\/2F5C0205-DC0A-4798-973C-4DB96E967FA0-scaled.jpeg","contentUrl":"https:\/\/amandynesteropes.com\/wp-content\/uploads\/2024\/02\/2F5C0205-DC0A-4798-973C-4DB96E967FA0-scaled.jpeg","width":2560,"height":1788},{"@type":"BreadcrumbList","@id":"https:\/\/amandynesteropes.com\/produit\/echo-interieur\/#breadcrumb","itemListElement":[{"@type":"ListItem","position":1,"name":"Accueil","item":"https:\/\/amandynesteropes.com\/"},{"@type":"ListItem","position":2,"name":"Boutique","item":"https:\/\/amandynesteropes.com\/boutique-amandyne-steropes-peintre\/"},{"@type":"ListItem","position":3,"name":"\u00c9cho Int\u00e9rieur"}]},{"@type":"WebSite","@id":"https:\/\/amandynesteropes.com\/#website","url":"https:\/\/amandynesteropes.com\/","name":"Amandyne Steropes","description":"Artiste peintre fran\u00e7aise","publisher":{"@id":"https:\/\/amandynesteropes.com\/#organization"},"alternateName":"Amandyne Steropes","potentialAction":[{"@type":"SearchAction","target":{"@type":"EntryPoint","urlTemplate":"https:\/\/amandynesteropes.com\/?s={search_term_string}"},"query-input":{"@type":"PropertyValueSpecification","valueRequired":true,"valueName":"search_term_string"}}],"inLanguage":"en-US"},{"@type":"Organization","@id":"https:\/\/amandynesteropes.com\/#organization","name":"Amandyne Steropes","alternateName":"Amandyne Steropes","url":"https:\/\/amandynesteropes.com\/","logo":{"@type":"ImageObject","inLanguage":"en-US","@id":"https:\/\/amandynesteropes.com\/#\/schema\/logo\/image\/","url":"https:\/\/amandynesteropes.com\/wp-content\/uploads\/2022\/07\/logo_amandyne-01.png","contentUrl":"https:\/\/amandynesteropes.com\/wp-content\/uploads\/2022\/07\/logo_amandyne-01.png","width":2165,"height":3300,"caption":"Amandyne Steropes"},"image":{"@id":"https:\/\/amandynesteropes.com\/#\/schema\/logo\/image\/"},"sameAs":["https:\/\/www.facebook.com\/amandine.goitre","https:\/\/www.instagram.com\/amandyne_steropes\/","https:\/\/www.linkedin.com\/in\/amandyne-steropes\/"]}]}},"jetpack_sharing_enabled":true,"_links":{"self":[{"href":"https:\/\/amandynesteropes.com\/en\/wp-json\/wp\/v2\/product\/2171","targetHints":{"allow":["GET"]}}],"collection":[{"href":"https:\/\/amandynesteropes.com\/en\/wp-json\/wp\/v2\/product"}],"about":[{"href":"https:\/\/amandynesteropes.com\/en\/wp-json\/wp\/v2\/types\/product"}],"wp:featuredmedia":[{"embeddable":true,"href":"https:\/\/amandynesteropes.com\/en\/wp-json\/wp\/v2\/media\/2174"}],"wp:attachment":[{"href":"https:\/\/amandynesteropes.com\/en\/wp-json\/wp\/v2\/media?parent=2171"}],"wp:term":[{"taxonomy":"product_cat","embeddable":true,"href":"https:\/\/amandynesteropes.com\/en\/wp-json\/wp\/v2\/product_cat?post=2171"},{"taxonomy":"product_tag","embeddable":true,"href":"https:\/\/amandynesteropes.com\/en\/wp-json\/wp\/v2\/product_tag?post=2171"}],"curies":[{"name":"wp","href":"https:\/\/api.w.org\/{rel}","templated":true}]}}