{"id":2162,"date":"2024-02-19T16:06:47","date_gmt":"2024-02-19T16:06:47","guid":{"rendered":"https:\/\/amandynesteropes.com\/?post_type=product&#038;p=2162"},"modified":"2024-06-21T14:18:09","modified_gmt":"2024-06-21T14:18:09","slug":"le-protecteur-universel","status":"publish","type":"product","link":"https:\/\/amandynesteropes.com\/en\/product\/le-protecteur-universel\/","title":{"rendered":"Le Protecteur Universel"},"content":{"rendered":"<p>ANN\u00c9E: 2024<\/p>\n<p>TECHNIQUE : Technique mixte<\/p>\n<p>SUPPORT: Papier aquarelle mis sous passe partout et sous cadre.<\/p>\n<p>DIMENSIONS: 42 x 28 cm<\/p>\n<p>DIMENSION TOTALE AVEC CADRE: 60 x 40 cm<\/p>\n<p>CAT\u00c9GORIE: Nu<\/p>","protected":false},"excerpt":{"rendered":"<p>Oeuvre sur papier aquarelle mise sous cadre et passe partout. Dimension totale : 60 X 50 cm. Vendue avec certificat d\u2019authenticit\u00e9 et justificatif de cotation. Dans cette \u0153uvre intitul\u00e9e &lsquo;Le Protecteur Universel&rsquo;, l&rsquo;artiste capture l&rsquo;essence d&rsquo;un h\u00e9ros embl\u00e9matique dans une pose empreinte de force tranquille. Un homme se dresse fi\u00e8rement, son bouclier en avant, pr\u00eat \u00e0 d\u00e9fendre et \u00e0 prot\u00e9ger. Sa posture r\u00e9v\u00e8le un m\u00e9lange \u00e9loquent de d\u00e9termination et de calme, incarnant ainsi le r\u00f4le de gardien et de d\u00e9fenseur. Avec une aura de confiance rayonnant autour de lui, il repr\u00e9sente la quintessence du protecteur, pr\u00eat \u00e0 affronter les d\u00e9fis pour le bien de tous. Cette \u0153uvre c\u00e9l\u00e8bre le courage et la noblesse de ceux qui se tiennent en premi\u00e8re ligne pour assurer la s\u00e9curit\u00e9 et le bien-\u00eatre de l&rsquo;univers tout entier<\/p>\n<p>Prix artiste et non galerie, l\u2019artiste n\u2019acceptera pas de n\u00e9gociations de prix des ventes sur les autres galeries virtuelles ou physique seulement sur ce site.<\/p>","protected":false},"featured_media":2170,"template":"","meta":{"_et_pb_use_builder":"","_et_pb_old_content":"","_et_gb_content_width":""},"product_cat":[59],"product_tag":[],"class_list":["post-2162","product","type-product","status-publish","has-post-thumbnail","hentry","product_cat-serie-rouge-les-hommes","product_shipping_class-sur-papier-50-x-50-x-2"],"yoast_head":"<!-- This site is optimized with the Yoast SEO plugin v27.4 - https:\/\/yoast.com\/product\/yoast-seo-wordpress\/ -->\n<title>Le Protecteur Universel - Amandyne Steropes<\/title>\n<meta name=\"robots\" content=\"index, follow, max-snippet:-1, max-image-preview:large, max-video-preview:-1\" \/>\n<link rel=\"canonical\" href=\"https:\/\/amandynesteropes.com\/en\/product\/le-protecteur-universel\/\" \/>\n<meta property=\"og:locale\" content=\"en_US\" \/>\n<meta property=\"og:type\" content=\"article\" \/>\n<meta property=\"og:title\" content=\"Le Protecteur Universel - Amandyne Steropes\" \/>\n<meta property=\"og:description\" content=\"Oeuvre sur papier aquarelle mise sous cadre et passe partout. Dimension totale : 60 X 50 cm. Vendue avec certificat d\u2019authenticit\u00e9 et justificatif de cotation. Dans cette \u0153uvre intitul\u00e9e &#039;Le Protecteur Universel&#039;, l&#039;artiste capture l&#039;essence d&#039;un h\u00e9ros embl\u00e9matique dans une pose empreinte de force tranquille. Un homme se dresse fi\u00e8rement, son bouclier en avant, pr\u00eat \u00e0 d\u00e9fendre et \u00e0 prot\u00e9ger. Sa posture r\u00e9v\u00e8le un m\u00e9lange \u00e9loquent de d\u00e9termination et de calme, incarnant ainsi le r\u00f4le de gardien et de d\u00e9fenseur. Avec une aura de confiance rayonnant autour de lui, il repr\u00e9sente la quintessence du protecteur, pr\u00eat \u00e0 affronter les d\u00e9fis pour le bien de tous. Cette \u0153uvre c\u00e9l\u00e8bre le courage et la noblesse de ceux qui se tiennent en premi\u00e8re ligne pour assurer la s\u00e9curit\u00e9 et le bien-\u00eatre de l&#039;univers tout entier  Prix artiste et non galerie, l\u2019artiste n\u2019acceptera pas de n\u00e9gociations de prix des ventes sur les autres galeries virtuelles ou physique seulement sur ce site.\" \/>\n<meta property=\"og:url\" content=\"https:\/\/amandynesteropes.com\/en\/product\/le-protecteur-universel\/\" \/>\n<meta property=\"og:site_name\" content=\"Amandyne Steropes\" \/>\n<meta property=\"article:publisher\" content=\"https:\/\/www.facebook.com\/amandine.goitre\" \/>\n<meta property=\"article:modified_time\" content=\"2024-06-21T14:18:09+00:00\" \/>\n<meta property=\"og:image\" content=\"https:\/\/amandynesteropes.com\/wp-content\/uploads\/2024\/02\/AFB7F87B-876C-464A-B8EC-4809A3294165-scaled.jpeg\" \/>\n\t<meta property=\"og:image:width\" content=\"1910\" \/>\n\t<meta property=\"og:image:height\" content=\"2560\" \/>\n\t<meta property=\"og:image:type\" content=\"image\/jpeg\" \/>\n<meta name=\"twitter:card\" content=\"summary_large_image\" \/>\n<meta name=\"twitter:label1\" content=\"Est. reading time\" \/>\n\t<meta name=\"twitter:data1\" content=\"1 minute\" \/>\n<script type=\"application\/ld+json\" class=\"yoast-schema-graph\">{\"@context\":\"https:\\\/\\\/schema.org\",\"@graph\":[{\"@type\":\"WebPage\",\"@id\":\"https:\\\/\\\/amandynesteropes.com\\\/produit\\\/le-protecteur-universel\\\/\",\"url\":\"https:\\\/\\\/amandynesteropes.com\\\/produit\\\/le-protecteur-universel\\\/\",\"name\":\"Le Protecteur Universel - Amandyne Steropes\",\"isPartOf\":{\"@id\":\"https:\\\/\\\/amandynesteropes.com\\\/#website\"},\"primaryImageOfPage\":{\"@id\":\"https:\\\/\\\/amandynesteropes.com\\\/produit\\\/le-protecteur-universel\\\/#primaryimage\"},\"image\":{\"@id\":\"https:\\\/\\\/amandynesteropes.com\\\/produit\\\/le-protecteur-universel\\\/#primaryimage\"},\"thumbnailUrl\":\"https:\\\/\\\/amandynesteropes.com\\\/wp-content\\\/uploads\\\/2024\\\/02\\\/AFB7F87B-876C-464A-B8EC-4809A3294165-scaled.jpeg\",\"datePublished\":\"2024-02-19T16:06:47+00:00\",\"dateModified\":\"2024-06-21T14:18:09+00:00\",\"breadcrumb\":{\"@id\":\"https:\\\/\\\/amandynesteropes.com\\\/produit\\\/le-protecteur-universel\\\/#breadcrumb\"},\"inLanguage\":\"en-US\",\"potentialAction\":[{\"@type\":\"ReadAction\",\"target\":[\"https:\\\/\\\/amandynesteropes.com\\\/produit\\\/le-protecteur-universel\\\/\"]}]},{\"@type\":\"ImageObject\",\"inLanguage\":\"en-US\",\"@id\":\"https:\\\/\\\/amandynesteropes.com\\\/produit\\\/le-protecteur-universel\\\/#primaryimage\",\"url\":\"https:\\\/\\\/amandynesteropes.com\\\/wp-content\\\/uploads\\\/2024\\\/02\\\/AFB7F87B-876C-464A-B8EC-4809A3294165-scaled.jpeg\",\"contentUrl\":\"https:\\\/\\\/amandynesteropes.com\\\/wp-content\\\/uploads\\\/2024\\\/02\\\/AFB7F87B-876C-464A-B8EC-4809A3294165-scaled.jpeg\",\"width\":1910,\"height\":2560},{\"@type\":\"BreadcrumbList\",\"@id\":\"https:\\\/\\\/amandynesteropes.com\\\/produit\\\/le-protecteur-universel\\\/#breadcrumb\",\"itemListElement\":[{\"@type\":\"ListItem\",\"position\":1,\"name\":\"Accueil\",\"item\":\"https:\\\/\\\/amandynesteropes.com\\\/\"},{\"@type\":\"ListItem\",\"position\":2,\"name\":\"Boutique\",\"item\":\"https:\\\/\\\/amandynesteropes.com\\\/boutique-amandyne-steropes-peintre\\\/\"},{\"@type\":\"ListItem\",\"position\":3,\"name\":\"Le Protecteur Universel\"}]},{\"@type\":\"WebSite\",\"@id\":\"https:\\\/\\\/amandynesteropes.com\\\/#website\",\"url\":\"https:\\\/\\\/amandynesteropes.com\\\/\",\"name\":\"Amandyne Steropes\",\"description\":\"Artiste peintre fran\u00e7aise\",\"publisher\":{\"@id\":\"https:\\\/\\\/amandynesteropes.com\\\/#organization\"},\"alternateName\":\"Amandyne Steropes\",\"potentialAction\":[{\"@type\":\"SearchAction\",\"target\":{\"@type\":\"EntryPoint\",\"urlTemplate\":\"https:\\\/\\\/amandynesteropes.com\\\/?s={search_term_string}\"},\"query-input\":{\"@type\":\"PropertyValueSpecification\",\"valueRequired\":true,\"valueName\":\"search_term_string\"}}],\"inLanguage\":\"en-US\"},{\"@type\":\"Organization\",\"@id\":\"https:\\\/\\\/amandynesteropes.com\\\/#organization\",\"name\":\"Amandyne Steropes\",\"alternateName\":\"Amandyne Steropes\",\"url\":\"https:\\\/\\\/amandynesteropes.com\\\/\",\"logo\":{\"@type\":\"ImageObject\",\"inLanguage\":\"en-US\",\"@id\":\"https:\\\/\\\/amandynesteropes.com\\\/#\\\/schema\\\/logo\\\/image\\\/\",\"url\":\"https:\\\/\\\/amandynesteropes.com\\\/wp-content\\\/uploads\\\/2022\\\/07\\\/logo_amandyne-01.png\",\"contentUrl\":\"https:\\\/\\\/amandynesteropes.com\\\/wp-content\\\/uploads\\\/2022\\\/07\\\/logo_amandyne-01.png\",\"width\":2165,\"height\":3300,\"caption\":\"Amandyne Steropes\"},\"image\":{\"@id\":\"https:\\\/\\\/amandynesteropes.com\\\/#\\\/schema\\\/logo\\\/image\\\/\"},\"sameAs\":[\"https:\\\/\\\/www.facebook.com\\\/amandine.goitre\",\"https:\\\/\\\/www.instagram.com\\\/amandyne_steropes\\\/\",\"https:\\\/\\\/www.linkedin.com\\\/in\\\/amandyne-steropes\\\/\"]}]}<\/script>\n<!-- \/ Yoast SEO plugin. -->","yoast_head_json":{"title":"Le Protecteur Universel - Amandyne Steropes","robots":{"index":"index","follow":"follow","max-snippet":"max-snippet:-1","max-image-preview":"max-image-preview:large","max-video-preview":"max-video-preview:-1"},"canonical":"https:\/\/amandynesteropes.com\/en\/product\/le-protecteur-universel\/","og_locale":"en_US","og_type":"article","og_title":"Le Protecteur Universel - Amandyne Steropes","og_description":"Oeuvre sur papier aquarelle mise sous cadre et passe partout. Dimension totale : 60 X 50 cm. Vendue avec certificat d\u2019authenticit\u00e9 et justificatif de cotation. Dans cette \u0153uvre intitul\u00e9e 'Le Protecteur Universel', l'artiste capture l'essence d'un h\u00e9ros embl\u00e9matique dans une pose empreinte de force tranquille. Un homme se dresse fi\u00e8rement, son bouclier en avant, pr\u00eat \u00e0 d\u00e9fendre et \u00e0 prot\u00e9ger. Sa posture r\u00e9v\u00e8le un m\u00e9lange \u00e9loquent de d\u00e9termination et de calme, incarnant ainsi le r\u00f4le de gardien et de d\u00e9fenseur. Avec une aura de confiance rayonnant autour de lui, il repr\u00e9sente la quintessence du protecteur, pr\u00eat \u00e0 affronter les d\u00e9fis pour le bien de tous. Cette \u0153uvre c\u00e9l\u00e8bre le courage et la noblesse de ceux qui se tiennent en premi\u00e8re ligne pour assurer la s\u00e9curit\u00e9 et le bien-\u00eatre de l'univers tout entier  Prix artiste et non galerie, l\u2019artiste n\u2019acceptera pas de n\u00e9gociations de prix des ventes sur les autres galeries virtuelles ou physique seulement sur ce site.","og_url":"https:\/\/amandynesteropes.com\/en\/product\/le-protecteur-universel\/","og_site_name":"Amandyne Steropes","article_publisher":"https:\/\/www.facebook.com\/amandine.goitre","article_modified_time":"2024-06-21T14:18:09+00:00","og_image":[{"width":1910,"height":2560,"url":"https:\/\/amandynesteropes.com\/wp-content\/uploads\/2024\/02\/AFB7F87B-876C-464A-B8EC-4809A3294165-scaled.jpeg","type":"image\/jpeg"}],"twitter_card":"summary_large_image","twitter_misc":{"Est. reading time":"1 minute"},"schema":{"@context":"https:\/\/schema.org","@graph":[{"@type":"WebPage","@id":"https:\/\/amandynesteropes.com\/produit\/le-protecteur-universel\/","url":"https:\/\/amandynesteropes.com\/produit\/le-protecteur-universel\/","name":"Le Protecteur Universel - Amandyne Steropes","isPartOf":{"@id":"https:\/\/amandynesteropes.com\/#website"},"primaryImageOfPage":{"@id":"https:\/\/amandynesteropes.com\/produit\/le-protecteur-universel\/#primaryimage"},"image":{"@id":"https:\/\/amandynesteropes.com\/produit\/le-protecteur-universel\/#primaryimage"},"thumbnailUrl":"https:\/\/amandynesteropes.com\/wp-content\/uploads\/2024\/02\/AFB7F87B-876C-464A-B8EC-4809A3294165-scaled.jpeg","datePublished":"2024-02-19T16:06:47+00:00","dateModified":"2024-06-21T14:18:09+00:00","breadcrumb":{"@id":"https:\/\/amandynesteropes.com\/produit\/le-protecteur-universel\/#breadcrumb"},"inLanguage":"en-US","potentialAction":[{"@type":"ReadAction","target":["https:\/\/amandynesteropes.com\/produit\/le-protecteur-universel\/"]}]},{"@type":"ImageObject","inLanguage":"en-US","@id":"https:\/\/amandynesteropes.com\/produit\/le-protecteur-universel\/#primaryimage","url":"https:\/\/amandynesteropes.com\/wp-content\/uploads\/2024\/02\/AFB7F87B-876C-464A-B8EC-4809A3294165-scaled.jpeg","contentUrl":"https:\/\/amandynesteropes.com\/wp-content\/uploads\/2024\/02\/AFB7F87B-876C-464A-B8EC-4809A3294165-scaled.jpeg","width":1910,"height":2560},{"@type":"BreadcrumbList","@id":"https:\/\/amandynesteropes.com\/produit\/le-protecteur-universel\/#breadcrumb","itemListElement":[{"@type":"ListItem","position":1,"name":"Accueil","item":"https:\/\/amandynesteropes.com\/"},{"@type":"ListItem","position":2,"name":"Boutique","item":"https:\/\/amandynesteropes.com\/boutique-amandyne-steropes-peintre\/"},{"@type":"ListItem","position":3,"name":"Le Protecteur Universel"}]},{"@type":"WebSite","@id":"https:\/\/amandynesteropes.com\/#website","url":"https:\/\/amandynesteropes.com\/","name":"Amandyne Steropes","description":"Artiste peintre fran\u00e7aise","publisher":{"@id":"https:\/\/amandynesteropes.com\/#organization"},"alternateName":"Amandyne Steropes","potentialAction":[{"@type":"SearchAction","target":{"@type":"EntryPoint","urlTemplate":"https:\/\/amandynesteropes.com\/?s={search_term_string}"},"query-input":{"@type":"PropertyValueSpecification","valueRequired":true,"valueName":"search_term_string"}}],"inLanguage":"en-US"},{"@type":"Organization","@id":"https:\/\/amandynesteropes.com\/#organization","name":"Amandyne Steropes","alternateName":"Amandyne Steropes","url":"https:\/\/amandynesteropes.com\/","logo":{"@type":"ImageObject","inLanguage":"en-US","@id":"https:\/\/amandynesteropes.com\/#\/schema\/logo\/image\/","url":"https:\/\/amandynesteropes.com\/wp-content\/uploads\/2022\/07\/logo_amandyne-01.png","contentUrl":"https:\/\/amandynesteropes.com\/wp-content\/uploads\/2022\/07\/logo_amandyne-01.png","width":2165,"height":3300,"caption":"Amandyne Steropes"},"image":{"@id":"https:\/\/amandynesteropes.com\/#\/schema\/logo\/image\/"},"sameAs":["https:\/\/www.facebook.com\/amandine.goitre","https:\/\/www.instagram.com\/amandyne_steropes\/","https:\/\/www.linkedin.com\/in\/amandyne-steropes\/"]}]}},"jetpack_sharing_enabled":true,"_links":{"self":[{"href":"https:\/\/amandynesteropes.com\/en\/wp-json\/wp\/v2\/product\/2162","targetHints":{"allow":["GET"]}}],"collection":[{"href":"https:\/\/amandynesteropes.com\/en\/wp-json\/wp\/v2\/product"}],"about":[{"href":"https:\/\/amandynesteropes.com\/en\/wp-json\/wp\/v2\/types\/product"}],"wp:featuredmedia":[{"embeddable":true,"href":"https:\/\/amandynesteropes.com\/en\/wp-json\/wp\/v2\/media\/2170"}],"wp:attachment":[{"href":"https:\/\/amandynesteropes.com\/en\/wp-json\/wp\/v2\/media?parent=2162"}],"wp:term":[{"taxonomy":"product_cat","embeddable":true,"href":"https:\/\/amandynesteropes.com\/en\/wp-json\/wp\/v2\/product_cat?post=2162"},{"taxonomy":"product_tag","embeddable":true,"href":"https:\/\/amandynesteropes.com\/en\/wp-json\/wp\/v2\/product_tag?post=2162"}],"curies":[{"name":"wp","href":"https:\/\/api.w.org\/{rel}","templated":true}]}}