{"id":2038,"date":"2023-03-26T13:39:18","date_gmt":"2023-03-26T13:39:18","guid":{"rendered":"https:\/\/amandynesteropes.com\/?post_type=product&#038;p=2038"},"modified":"2024-06-21T14:19:21","modified_gmt":"2024-06-21T14:19:21","slug":"la-muse","status":"publish","type":"product","link":"https:\/\/amandynesteropes.com\/en\/product\/la-muse\/","title":{"rendered":"La Muse"},"content":{"rendered":"<p>ANN\u00c9E: 2023<br \/>\nTECHNIQUE : Technique mixte<br \/>\nSUPPORT: Toile de lin mont\u00e9e sur ch\u00e2ssis.<br \/>\nDIMENSIONS: 60 x 40 x 2 cm<br \/>\nCAT\u00c9GORIE: Nu<br \/>\nOeuvre unique et sign\u00e9e \u00e0 la main, remise avec certificat d\u2019authenticit\u00e9 accompagn\u00e9e de son justificatif de cotation et facture.<\/p>","protected":false},"excerpt":{"rendered":"<p>ANN\u00c9E: 2023 TECHNIQUE : Technique mixte SUPPORT: Toile de lin mont\u00e9e sur ch\u00e2ssis. DIMENSIONS: 60 x 40 x 2 cm CAT\u00c9GORIE: Nu Oeuvre unique et sign\u00e9e \u00e0 la main, remise avec certificat d\u2019authenticit\u00e9 accompagn\u00e9e de son justificatif de cotation et facture.<\/p>","protected":false},"featured_media":2043,"template":"","meta":{"_et_pb_use_builder":"","_et_pb_old_content":"","_et_gb_content_width":""},"product_cat":[80,27],"product_tag":[],"class_list":["post-2038","product","type-product","status-publish","has-post-thumbnail","hentry","product_cat-la-liberte-corporelle","product_cat-oeuvres-originales","product_shipping_class-60-x-sur-toile-60-x-40-x-240-x-2"],"yoast_head":"<!-- This site is optimized with the Yoast SEO plugin v27.5 - https:\/\/yoast.com\/product\/yoast-seo-wordpress\/ -->\n<title>La Muse - Amandyne Steropes<\/title>\n<meta name=\"description\" content=\"Peinture d\u2019une muse-mythologique-tableau d\u2019une muse inspirante-toile d\u2019une femme \u00e9nigmatique-art f\u00e9minin et cr\u00e9ativit\u00e9-toile d\u2019une femme muse de l\u2019histoire\" \/>\n<meta name=\"robots\" content=\"index, follow, max-snippet:-1, max-image-preview:large, max-video-preview:-1\" \/>\n<link rel=\"canonical\" href=\"https:\/\/amandynesteropes.com\/en\/product\/la-muse\/\" \/>\n<meta property=\"og:locale\" content=\"en_US\" \/>\n<meta property=\"og:type\" content=\"article\" \/>\n<meta property=\"og:title\" content=\"La Muse - Amandyne Steropes\" \/>\n<meta property=\"og:description\" content=\"Peinture d\u2019une muse-mythologique-tableau d\u2019une muse inspirante-toile d\u2019une femme \u00e9nigmatique-art f\u00e9minin et cr\u00e9ativit\u00e9-toile d\u2019une femme muse de l\u2019histoire\" \/>\n<meta property=\"og:url\" content=\"https:\/\/amandynesteropes.com\/en\/product\/la-muse\/\" \/>\n<meta property=\"og:site_name\" content=\"Amandyne Steropes\" \/>\n<meta property=\"article:publisher\" content=\"https:\/\/www.facebook.com\/amandine.goitre\" \/>\n<meta property=\"article:modified_time\" content=\"2024-06-21T14:19:21+00:00\" \/>\n<meta property=\"og:image\" content=\"https:\/\/amandynesteropes.com\/wp-content\/uploads\/2023\/03\/E80390FD-A20A-4982-BF21-56DEDFF5A9C9-scaled.jpeg\" \/>\n\t<meta property=\"og:image:width\" content=\"1720\" \/>\n\t<meta property=\"og:image:height\" content=\"2560\" \/>\n\t<meta property=\"og:image:type\" content=\"image\/jpeg\" \/>\n<meta name=\"twitter:card\" content=\"summary_large_image\" \/>\n<script type=\"application\/ld+json\" class=\"yoast-schema-graph\">{\"@context\":\"https:\\\/\\\/schema.org\",\"@graph\":[{\"@type\":\"WebPage\",\"@id\":\"https:\\\/\\\/amandynesteropes.com\\\/produit\\\/la-muse\\\/\",\"url\":\"https:\\\/\\\/amandynesteropes.com\\\/produit\\\/la-muse\\\/\",\"name\":\"La Muse - Amandyne Steropes\",\"isPartOf\":{\"@id\":\"https:\\\/\\\/amandynesteropes.com\\\/#website\"},\"primaryImageOfPage\":{\"@id\":\"https:\\\/\\\/amandynesteropes.com\\\/produit\\\/la-muse\\\/#primaryimage\"},\"image\":{\"@id\":\"https:\\\/\\\/amandynesteropes.com\\\/produit\\\/la-muse\\\/#primaryimage\"},\"thumbnailUrl\":\"https:\\\/\\\/amandynesteropes.com\\\/wp-content\\\/uploads\\\/2023\\\/03\\\/E80390FD-A20A-4982-BF21-56DEDFF5A9C9-scaled.jpeg\",\"datePublished\":\"2023-03-26T13:39:18+00:00\",\"dateModified\":\"2024-06-21T14:19:21+00:00\",\"description\":\"Peinture d\u2019une muse-mythologique-tableau d\u2019une muse inspirante-toile d\u2019une femme \u00e9nigmatique-art f\u00e9minin et cr\u00e9ativit\u00e9-toile d\u2019une femme muse de l\u2019histoire\",\"breadcrumb\":{\"@id\":\"https:\\\/\\\/amandynesteropes.com\\\/produit\\\/la-muse\\\/#breadcrumb\"},\"inLanguage\":\"en-US\",\"potentialAction\":[{\"@type\":\"ReadAction\",\"target\":[\"https:\\\/\\\/amandynesteropes.com\\\/produit\\\/la-muse\\\/\"]}]},{\"@type\":\"ImageObject\",\"inLanguage\":\"en-US\",\"@id\":\"https:\\\/\\\/amandynesteropes.com\\\/produit\\\/la-muse\\\/#primaryimage\",\"url\":\"https:\\\/\\\/amandynesteropes.com\\\/wp-content\\\/uploads\\\/2023\\\/03\\\/E80390FD-A20A-4982-BF21-56DEDFF5A9C9-scaled.jpeg\",\"contentUrl\":\"https:\\\/\\\/amandynesteropes.com\\\/wp-content\\\/uploads\\\/2023\\\/03\\\/E80390FD-A20A-4982-BF21-56DEDFF5A9C9-scaled.jpeg\",\"width\":1720,\"height\":2560},{\"@type\":\"BreadcrumbList\",\"@id\":\"https:\\\/\\\/amandynesteropes.com\\\/produit\\\/la-muse\\\/#breadcrumb\",\"itemListElement\":[{\"@type\":\"ListItem\",\"position\":1,\"name\":\"Accueil\",\"item\":\"https:\\\/\\\/amandynesteropes.com\\\/\"},{\"@type\":\"ListItem\",\"position\":2,\"name\":\"Boutique\",\"item\":\"https:\\\/\\\/amandynesteropes.com\\\/boutique-amandyne-steropes-peintre\\\/\"},{\"@type\":\"ListItem\",\"position\":3,\"name\":\"La Muse\"}]},{\"@type\":\"WebSite\",\"@id\":\"https:\\\/\\\/amandynesteropes.com\\\/#website\",\"url\":\"https:\\\/\\\/amandynesteropes.com\\\/\",\"name\":\"Amandyne Steropes\",\"description\":\"Artiste peintre fran\u00e7aise\",\"publisher\":{\"@id\":\"https:\\\/\\\/amandynesteropes.com\\\/#organization\"},\"alternateName\":\"Amandyne Steropes\",\"potentialAction\":[{\"@type\":\"SearchAction\",\"target\":{\"@type\":\"EntryPoint\",\"urlTemplate\":\"https:\\\/\\\/amandynesteropes.com\\\/?s={search_term_string}\"},\"query-input\":{\"@type\":\"PropertyValueSpecification\",\"valueRequired\":true,\"valueName\":\"search_term_string\"}}],\"inLanguage\":\"en-US\"},{\"@type\":\"Organization\",\"@id\":\"https:\\\/\\\/amandynesteropes.com\\\/#organization\",\"name\":\"Amandyne Steropes\",\"alternateName\":\"Amandyne Steropes\",\"url\":\"https:\\\/\\\/amandynesteropes.com\\\/\",\"logo\":{\"@type\":\"ImageObject\",\"inLanguage\":\"en-US\",\"@id\":\"https:\\\/\\\/amandynesteropes.com\\\/#\\\/schema\\\/logo\\\/image\\\/\",\"url\":\"https:\\\/\\\/amandynesteropes.com\\\/wp-content\\\/uploads\\\/2022\\\/07\\\/logo_amandyne-01.png\",\"contentUrl\":\"https:\\\/\\\/amandynesteropes.com\\\/wp-content\\\/uploads\\\/2022\\\/07\\\/logo_amandyne-01.png\",\"width\":2165,\"height\":3300,\"caption\":\"Amandyne Steropes\"},\"image\":{\"@id\":\"https:\\\/\\\/amandynesteropes.com\\\/#\\\/schema\\\/logo\\\/image\\\/\"},\"sameAs\":[\"https:\\\/\\\/www.facebook.com\\\/amandine.goitre\",\"https:\\\/\\\/www.instagram.com\\\/amandyne_steropes\\\/\",\"https:\\\/\\\/www.linkedin.com\\\/in\\\/amandyne-steropes\\\/\"]}]}<\/script>\n<!-- \/ Yoast SEO plugin. -->","yoast_head_json":{"title":"La Muse - Amandyne Steropes","description":"Peinture d\u2019une muse-mythologique-tableau d\u2019une muse inspirante-toile d\u2019une femme \u00e9nigmatique-art f\u00e9minin et cr\u00e9ativit\u00e9-toile d\u2019une femme muse de l\u2019histoire","robots":{"index":"index","follow":"follow","max-snippet":"max-snippet:-1","max-image-preview":"max-image-preview:large","max-video-preview":"max-video-preview:-1"},"canonical":"https:\/\/amandynesteropes.com\/en\/product\/la-muse\/","og_locale":"en_US","og_type":"article","og_title":"La Muse - Amandyne Steropes","og_description":"Peinture d\u2019une muse-mythologique-tableau d\u2019une muse inspirante-toile d\u2019une femme \u00e9nigmatique-art f\u00e9minin et cr\u00e9ativit\u00e9-toile d\u2019une femme muse de l\u2019histoire","og_url":"https:\/\/amandynesteropes.com\/en\/product\/la-muse\/","og_site_name":"Amandyne Steropes","article_publisher":"https:\/\/www.facebook.com\/amandine.goitre","article_modified_time":"2024-06-21T14:19:21+00:00","og_image":[{"width":1720,"height":2560,"url":"https:\/\/amandynesteropes.com\/wp-content\/uploads\/2023\/03\/E80390FD-A20A-4982-BF21-56DEDFF5A9C9-scaled.jpeg","type":"image\/jpeg"}],"twitter_card":"summary_large_image","schema":{"@context":"https:\/\/schema.org","@graph":[{"@type":"WebPage","@id":"https:\/\/amandynesteropes.com\/produit\/la-muse\/","url":"https:\/\/amandynesteropes.com\/produit\/la-muse\/","name":"La Muse - Amandyne Steropes","isPartOf":{"@id":"https:\/\/amandynesteropes.com\/#website"},"primaryImageOfPage":{"@id":"https:\/\/amandynesteropes.com\/produit\/la-muse\/#primaryimage"},"image":{"@id":"https:\/\/amandynesteropes.com\/produit\/la-muse\/#primaryimage"},"thumbnailUrl":"https:\/\/amandynesteropes.com\/wp-content\/uploads\/2023\/03\/E80390FD-A20A-4982-BF21-56DEDFF5A9C9-scaled.jpeg","datePublished":"2023-03-26T13:39:18+00:00","dateModified":"2024-06-21T14:19:21+00:00","description":"Peinture d\u2019une muse-mythologique-tableau d\u2019une muse inspirante-toile d\u2019une femme \u00e9nigmatique-art f\u00e9minin et cr\u00e9ativit\u00e9-toile d\u2019une femme muse de l\u2019histoire","breadcrumb":{"@id":"https:\/\/amandynesteropes.com\/produit\/la-muse\/#breadcrumb"},"inLanguage":"en-US","potentialAction":[{"@type":"ReadAction","target":["https:\/\/amandynesteropes.com\/produit\/la-muse\/"]}]},{"@type":"ImageObject","inLanguage":"en-US","@id":"https:\/\/amandynesteropes.com\/produit\/la-muse\/#primaryimage","url":"https:\/\/amandynesteropes.com\/wp-content\/uploads\/2023\/03\/E80390FD-A20A-4982-BF21-56DEDFF5A9C9-scaled.jpeg","contentUrl":"https:\/\/amandynesteropes.com\/wp-content\/uploads\/2023\/03\/E80390FD-A20A-4982-BF21-56DEDFF5A9C9-scaled.jpeg","width":1720,"height":2560},{"@type":"BreadcrumbList","@id":"https:\/\/amandynesteropes.com\/produit\/la-muse\/#breadcrumb","itemListElement":[{"@type":"ListItem","position":1,"name":"Accueil","item":"https:\/\/amandynesteropes.com\/"},{"@type":"ListItem","position":2,"name":"Boutique","item":"https:\/\/amandynesteropes.com\/boutique-amandyne-steropes-peintre\/"},{"@type":"ListItem","position":3,"name":"La Muse"}]},{"@type":"WebSite","@id":"https:\/\/amandynesteropes.com\/#website","url":"https:\/\/amandynesteropes.com\/","name":"Amandyne Steropes","description":"Artiste peintre fran\u00e7aise","publisher":{"@id":"https:\/\/amandynesteropes.com\/#organization"},"alternateName":"Amandyne Steropes","potentialAction":[{"@type":"SearchAction","target":{"@type":"EntryPoint","urlTemplate":"https:\/\/amandynesteropes.com\/?s={search_term_string}"},"query-input":{"@type":"PropertyValueSpecification","valueRequired":true,"valueName":"search_term_string"}}],"inLanguage":"en-US"},{"@type":"Organization","@id":"https:\/\/amandynesteropes.com\/#organization","name":"Amandyne Steropes","alternateName":"Amandyne Steropes","url":"https:\/\/amandynesteropes.com\/","logo":{"@type":"ImageObject","inLanguage":"en-US","@id":"https:\/\/amandynesteropes.com\/#\/schema\/logo\/image\/","url":"https:\/\/amandynesteropes.com\/wp-content\/uploads\/2022\/07\/logo_amandyne-01.png","contentUrl":"https:\/\/amandynesteropes.com\/wp-content\/uploads\/2022\/07\/logo_amandyne-01.png","width":2165,"height":3300,"caption":"Amandyne Steropes"},"image":{"@id":"https:\/\/amandynesteropes.com\/#\/schema\/logo\/image\/"},"sameAs":["https:\/\/www.facebook.com\/amandine.goitre","https:\/\/www.instagram.com\/amandyne_steropes\/","https:\/\/www.linkedin.com\/in\/amandyne-steropes\/"]}]}},"jetpack_sharing_enabled":true,"_links":{"self":[{"href":"https:\/\/amandynesteropes.com\/en\/wp-json\/wp\/v2\/product\/2038","targetHints":{"allow":["GET"]}}],"collection":[{"href":"https:\/\/amandynesteropes.com\/en\/wp-json\/wp\/v2\/product"}],"about":[{"href":"https:\/\/amandynesteropes.com\/en\/wp-json\/wp\/v2\/types\/product"}],"wp:featuredmedia":[{"embeddable":true,"href":"https:\/\/amandynesteropes.com\/en\/wp-json\/wp\/v2\/media\/2043"}],"wp:attachment":[{"href":"https:\/\/amandynesteropes.com\/en\/wp-json\/wp\/v2\/media?parent=2038"}],"wp:term":[{"taxonomy":"product_cat","embeddable":true,"href":"https:\/\/amandynesteropes.com\/en\/wp-json\/wp\/v2\/product_cat?post=2038"},{"taxonomy":"product_tag","embeddable":true,"href":"https:\/\/amandynesteropes.com\/en\/wp-json\/wp\/v2\/product_tag?post=2038"}],"curies":[{"name":"wp","href":"https:\/\/api.w.org\/{rel}","templated":true}]}}