{"id":2018,"date":"2023-03-26T13:16:29","date_gmt":"2023-03-26T13:16:29","guid":{"rendered":"https:\/\/amandynesteropes.com\/?post_type=product&#038;p=2018"},"modified":"2024-06-21T14:21:41","modified_gmt":"2024-06-21T14:21:41","slug":"electa","status":"publish","type":"product","link":"https:\/\/amandynesteropes.com\/en\/product\/electa\/","title":{"rendered":"ELECTA"},"content":{"rendered":"<p>ANN\u00c9E: 2023<br \/>\nTECHNIQUE : Technique mixte<br \/>\nSUPPORT: Toile de lin mont\u00e9e sur ch\u00e2ssis<br \/>\nDIMENSIONS: 65 x 54 x 2 cm<br \/>\nCAT\u00c9GORIE: Nu<br \/>\nOeuvre unique et sign\u00e9e \u00e0 la main, remise avec certificat d\u2019authenticit\u00e9 accompagn\u00e9e de son justificatif de cotation et facture.<\/p>","protected":false},"excerpt":{"rendered":"<p>Toile de lin mont\u00e9e sur ch\u00e2ssis, pr\u00eate \u00e0 \u00eatre accroch\u00e9e. Vendue avec certificat d\u2019authenticit\u00e9 et justificatif de cotation. Sa technique \u00e9vasive et po\u00e9tique s&rsquo;abandonne au gr\u00e9 du dessin, pour exp\u00e9rimenter les accidents de mati\u00e8re dans une d\u00e9marche qui fait confiance aux \u00e9l\u00e9ments. Le r\u00e9sultat r\u00e9invente un r\u00eave, \u00e0 la fronti\u00e8re du concret et de l&rsquo;improbable, de l&rsquo;in\u00e9dit et du d\u00e9sir\u00e9. Ses tableaux vibrent de sa passion pour les corps et leurs myst\u00e8res et la vie indomptable qui les met en mouvement.<\/p>","protected":false},"featured_media":2025,"template":"","meta":{"_et_pb_use_builder":"","_et_pb_old_content":"","_et_gb_content_width":""},"product_cat":[27,63],"product_tag":[],"class_list":["post-2018","product","type-product","status-publish","has-post-thumbnail","hentry","product_cat-oeuvres-originales","product_cat-serie-la-feminite","product_shipping_class-sur-toile-60-x-50-x-2"],"yoast_head":"<!-- This site is optimized with the Yoast SEO plugin v27.5 - https:\/\/yoast.com\/product\/yoast-seo-wordpress\/ -->\n<title>ELECTA - Amandyne Steropes<\/title>\n<meta name=\"description\" content=\"La passion de la d\u00e9couverte- la vie et lm\u2019\u0153uvre d\u2019Electa- une visionnaire de la science et de la technologie\u2018heritage d\u2019Electa -le courage d\u2019Electa\" \/>\n<meta name=\"robots\" content=\"index, follow, max-snippet:-1, max-image-preview:large, max-video-preview:-1\" \/>\n<link rel=\"canonical\" href=\"https:\/\/amandynesteropes.com\/en\/product\/electa\/\" \/>\n<meta property=\"og:locale\" content=\"en_US\" \/>\n<meta property=\"og:type\" content=\"article\" \/>\n<meta property=\"og:title\" content=\"ELECTA - Amandyne Steropes\" \/>\n<meta property=\"og:description\" content=\"La passion de la d\u00e9couverte- la vie et lm\u2019\u0153uvre d\u2019Electa- une visionnaire de la science et de la technologie\u2018heritage d\u2019Electa -le courage d\u2019Electa\" \/>\n<meta property=\"og:url\" content=\"https:\/\/amandynesteropes.com\/en\/product\/electa\/\" \/>\n<meta property=\"og:site_name\" content=\"Amandyne Steropes\" \/>\n<meta property=\"article:publisher\" content=\"https:\/\/www.facebook.com\/amandine.goitre\" \/>\n<meta property=\"article:modified_time\" content=\"2024-06-21T14:21:41+00:00\" \/>\n<meta property=\"og:image\" content=\"https:\/\/amandynesteropes.com\/wp-content\/uploads\/2023\/03\/C16A7B74-37A0-463D-9C04-030D737636AB-scaled.jpeg\" \/>\n\t<meta property=\"og:image:width\" content=\"2116\" \/>\n\t<meta property=\"og:image:height\" content=\"2560\" \/>\n\t<meta property=\"og:image:type\" content=\"image\/jpeg\" \/>\n<meta name=\"twitter:card\" content=\"summary_large_image\" \/>\n<script type=\"application\/ld+json\" class=\"yoast-schema-graph\">{\"@context\":\"https:\\\/\\\/schema.org\",\"@graph\":[{\"@type\":\"WebPage\",\"@id\":\"https:\\\/\\\/amandynesteropes.com\\\/produit\\\/electa\\\/\",\"url\":\"https:\\\/\\\/amandynesteropes.com\\\/produit\\\/electa\\\/\",\"name\":\"ELECTA - Amandyne Steropes\",\"isPartOf\":{\"@id\":\"https:\\\/\\\/amandynesteropes.com\\\/#website\"},\"primaryImageOfPage\":{\"@id\":\"https:\\\/\\\/amandynesteropes.com\\\/produit\\\/electa\\\/#primaryimage\"},\"image\":{\"@id\":\"https:\\\/\\\/amandynesteropes.com\\\/produit\\\/electa\\\/#primaryimage\"},\"thumbnailUrl\":\"https:\\\/\\\/amandynesteropes.com\\\/wp-content\\\/uploads\\\/2023\\\/03\\\/C16A7B74-37A0-463D-9C04-030D737636AB-scaled.jpeg\",\"datePublished\":\"2023-03-26T13:16:29+00:00\",\"dateModified\":\"2024-06-21T14:21:41+00:00\",\"description\":\"La passion de la d\u00e9couverte- la vie et lm\u2019\u0153uvre d\u2019Electa- une visionnaire de la science et de la technologie\u2018heritage d\u2019Electa -le courage d\u2019Electa\",\"breadcrumb\":{\"@id\":\"https:\\\/\\\/amandynesteropes.com\\\/produit\\\/electa\\\/#breadcrumb\"},\"inLanguage\":\"en-US\",\"potentialAction\":[{\"@type\":\"ReadAction\",\"target\":[\"https:\\\/\\\/amandynesteropes.com\\\/produit\\\/electa\\\/\"]}]},{\"@type\":\"ImageObject\",\"inLanguage\":\"en-US\",\"@id\":\"https:\\\/\\\/amandynesteropes.com\\\/produit\\\/electa\\\/#primaryimage\",\"url\":\"https:\\\/\\\/amandynesteropes.com\\\/wp-content\\\/uploads\\\/2023\\\/03\\\/C16A7B74-37A0-463D-9C04-030D737636AB-scaled.jpeg\",\"contentUrl\":\"https:\\\/\\\/amandynesteropes.com\\\/wp-content\\\/uploads\\\/2023\\\/03\\\/C16A7B74-37A0-463D-9C04-030D737636AB-scaled.jpeg\",\"width\":2116,\"height\":2560},{\"@type\":\"BreadcrumbList\",\"@id\":\"https:\\\/\\\/amandynesteropes.com\\\/produit\\\/electa\\\/#breadcrumb\",\"itemListElement\":[{\"@type\":\"ListItem\",\"position\":1,\"name\":\"Accueil\",\"item\":\"https:\\\/\\\/amandynesteropes.com\\\/\"},{\"@type\":\"ListItem\",\"position\":2,\"name\":\"Boutique\",\"item\":\"https:\\\/\\\/amandynesteropes.com\\\/boutique-amandyne-steropes-peintre\\\/\"},{\"@type\":\"ListItem\",\"position\":3,\"name\":\"ELECTA\"}]},{\"@type\":\"WebSite\",\"@id\":\"https:\\\/\\\/amandynesteropes.com\\\/#website\",\"url\":\"https:\\\/\\\/amandynesteropes.com\\\/\",\"name\":\"Amandyne Steropes\",\"description\":\"Artiste peintre fran\u00e7aise\",\"publisher\":{\"@id\":\"https:\\\/\\\/amandynesteropes.com\\\/#organization\"},\"alternateName\":\"Amandyne Steropes\",\"potentialAction\":[{\"@type\":\"SearchAction\",\"target\":{\"@type\":\"EntryPoint\",\"urlTemplate\":\"https:\\\/\\\/amandynesteropes.com\\\/?s={search_term_string}\"},\"query-input\":{\"@type\":\"PropertyValueSpecification\",\"valueRequired\":true,\"valueName\":\"search_term_string\"}}],\"inLanguage\":\"en-US\"},{\"@type\":\"Organization\",\"@id\":\"https:\\\/\\\/amandynesteropes.com\\\/#organization\",\"name\":\"Amandyne Steropes\",\"alternateName\":\"Amandyne Steropes\",\"url\":\"https:\\\/\\\/amandynesteropes.com\\\/\",\"logo\":{\"@type\":\"ImageObject\",\"inLanguage\":\"en-US\",\"@id\":\"https:\\\/\\\/amandynesteropes.com\\\/#\\\/schema\\\/logo\\\/image\\\/\",\"url\":\"https:\\\/\\\/amandynesteropes.com\\\/wp-content\\\/uploads\\\/2022\\\/07\\\/logo_amandyne-01.png\",\"contentUrl\":\"https:\\\/\\\/amandynesteropes.com\\\/wp-content\\\/uploads\\\/2022\\\/07\\\/logo_amandyne-01.png\",\"width\":2165,\"height\":3300,\"caption\":\"Amandyne Steropes\"},\"image\":{\"@id\":\"https:\\\/\\\/amandynesteropes.com\\\/#\\\/schema\\\/logo\\\/image\\\/\"},\"sameAs\":[\"https:\\\/\\\/www.facebook.com\\\/amandine.goitre\",\"https:\\\/\\\/www.instagram.com\\\/amandyne_steropes\\\/\",\"https:\\\/\\\/www.linkedin.com\\\/in\\\/amandyne-steropes\\\/\"]}]}<\/script>\n<!-- \/ Yoast SEO plugin. -->","yoast_head_json":{"title":"ELECTA - Amandyne Steropes","description":"La passion de la d\u00e9couverte- la vie et lm\u2019\u0153uvre d\u2019Electa- une visionnaire de la science et de la technologie\u2018heritage d\u2019Electa -le courage d\u2019Electa","robots":{"index":"index","follow":"follow","max-snippet":"max-snippet:-1","max-image-preview":"max-image-preview:large","max-video-preview":"max-video-preview:-1"},"canonical":"https:\/\/amandynesteropes.com\/en\/product\/electa\/","og_locale":"en_US","og_type":"article","og_title":"ELECTA - Amandyne Steropes","og_description":"La passion de la d\u00e9couverte- la vie et lm\u2019\u0153uvre d\u2019Electa- une visionnaire de la science et de la technologie\u2018heritage d\u2019Electa -le courage d\u2019Electa","og_url":"https:\/\/amandynesteropes.com\/en\/product\/electa\/","og_site_name":"Amandyne Steropes","article_publisher":"https:\/\/www.facebook.com\/amandine.goitre","article_modified_time":"2024-06-21T14:21:41+00:00","og_image":[{"width":2116,"height":2560,"url":"https:\/\/amandynesteropes.com\/wp-content\/uploads\/2023\/03\/C16A7B74-37A0-463D-9C04-030D737636AB-scaled.jpeg","type":"image\/jpeg"}],"twitter_card":"summary_large_image","schema":{"@context":"https:\/\/schema.org","@graph":[{"@type":"WebPage","@id":"https:\/\/amandynesteropes.com\/produit\/electa\/","url":"https:\/\/amandynesteropes.com\/produit\/electa\/","name":"ELECTA - Amandyne Steropes","isPartOf":{"@id":"https:\/\/amandynesteropes.com\/#website"},"primaryImageOfPage":{"@id":"https:\/\/amandynesteropes.com\/produit\/electa\/#primaryimage"},"image":{"@id":"https:\/\/amandynesteropes.com\/produit\/electa\/#primaryimage"},"thumbnailUrl":"https:\/\/amandynesteropes.com\/wp-content\/uploads\/2023\/03\/C16A7B74-37A0-463D-9C04-030D737636AB-scaled.jpeg","datePublished":"2023-03-26T13:16:29+00:00","dateModified":"2024-06-21T14:21:41+00:00","description":"La passion de la d\u00e9couverte- la vie et lm\u2019\u0153uvre d\u2019Electa- une visionnaire de la science et de la technologie\u2018heritage d\u2019Electa -le courage d\u2019Electa","breadcrumb":{"@id":"https:\/\/amandynesteropes.com\/produit\/electa\/#breadcrumb"},"inLanguage":"en-US","potentialAction":[{"@type":"ReadAction","target":["https:\/\/amandynesteropes.com\/produit\/electa\/"]}]},{"@type":"ImageObject","inLanguage":"en-US","@id":"https:\/\/amandynesteropes.com\/produit\/electa\/#primaryimage","url":"https:\/\/amandynesteropes.com\/wp-content\/uploads\/2023\/03\/C16A7B74-37A0-463D-9C04-030D737636AB-scaled.jpeg","contentUrl":"https:\/\/amandynesteropes.com\/wp-content\/uploads\/2023\/03\/C16A7B74-37A0-463D-9C04-030D737636AB-scaled.jpeg","width":2116,"height":2560},{"@type":"BreadcrumbList","@id":"https:\/\/amandynesteropes.com\/produit\/electa\/#breadcrumb","itemListElement":[{"@type":"ListItem","position":1,"name":"Accueil","item":"https:\/\/amandynesteropes.com\/"},{"@type":"ListItem","position":2,"name":"Boutique","item":"https:\/\/amandynesteropes.com\/boutique-amandyne-steropes-peintre\/"},{"@type":"ListItem","position":3,"name":"ELECTA"}]},{"@type":"WebSite","@id":"https:\/\/amandynesteropes.com\/#website","url":"https:\/\/amandynesteropes.com\/","name":"Amandyne Steropes","description":"Artiste peintre fran\u00e7aise","publisher":{"@id":"https:\/\/amandynesteropes.com\/#organization"},"alternateName":"Amandyne Steropes","potentialAction":[{"@type":"SearchAction","target":{"@type":"EntryPoint","urlTemplate":"https:\/\/amandynesteropes.com\/?s={search_term_string}"},"query-input":{"@type":"PropertyValueSpecification","valueRequired":true,"valueName":"search_term_string"}}],"inLanguage":"en-US"},{"@type":"Organization","@id":"https:\/\/amandynesteropes.com\/#organization","name":"Amandyne Steropes","alternateName":"Amandyne Steropes","url":"https:\/\/amandynesteropes.com\/","logo":{"@type":"ImageObject","inLanguage":"en-US","@id":"https:\/\/amandynesteropes.com\/#\/schema\/logo\/image\/","url":"https:\/\/amandynesteropes.com\/wp-content\/uploads\/2022\/07\/logo_amandyne-01.png","contentUrl":"https:\/\/amandynesteropes.com\/wp-content\/uploads\/2022\/07\/logo_amandyne-01.png","width":2165,"height":3300,"caption":"Amandyne Steropes"},"image":{"@id":"https:\/\/amandynesteropes.com\/#\/schema\/logo\/image\/"},"sameAs":["https:\/\/www.facebook.com\/amandine.goitre","https:\/\/www.instagram.com\/amandyne_steropes\/","https:\/\/www.linkedin.com\/in\/amandyne-steropes\/"]}]}},"jetpack_sharing_enabled":true,"_links":{"self":[{"href":"https:\/\/amandynesteropes.com\/en\/wp-json\/wp\/v2\/product\/2018","targetHints":{"allow":["GET"]}}],"collection":[{"href":"https:\/\/amandynesteropes.com\/en\/wp-json\/wp\/v2\/product"}],"about":[{"href":"https:\/\/amandynesteropes.com\/en\/wp-json\/wp\/v2\/types\/product"}],"wp:featuredmedia":[{"embeddable":true,"href":"https:\/\/amandynesteropes.com\/en\/wp-json\/wp\/v2\/media\/2025"}],"wp:attachment":[{"href":"https:\/\/amandynesteropes.com\/en\/wp-json\/wp\/v2\/media?parent=2018"}],"wp:term":[{"taxonomy":"product_cat","embeddable":true,"href":"https:\/\/amandynesteropes.com\/en\/wp-json\/wp\/v2\/product_cat?post=2018"},{"taxonomy":"product_tag","embeddable":true,"href":"https:\/\/amandynesteropes.com\/en\/wp-json\/wp\/v2\/product_tag?post=2018"}],"curies":[{"name":"wp","href":"https:\/\/api.w.org\/{rel}","templated":true}]}}