{"id":1987,"date":"2023-03-26T12:14:53","date_gmt":"2023-03-26T12:14:53","guid":{"rendered":"https:\/\/amandynesteropes.com\/?post_type=product&#038;p=1987"},"modified":"2024-06-21T14:21:07","modified_gmt":"2024-06-21T14:21:07","slug":"la-majeste-feline","status":"publish","type":"product","link":"https:\/\/amandynesteropes.com\/en\/product\/la-majeste-feline\/","title":{"rendered":"La Majest\u00e9 F\u00e9line"},"content":{"rendered":"<p>ANN\u00c9E: 2023<br \/>\nTECHNIQUE : Technique mixte<br \/>\nSUPPORT: Toile de bois Art Board et mis sous cadre couleur bois, peut \u00eatre peint en fonction du choix du collectionneur.<br \/>\nDIMENSIONS: 40 x 40 x 5 cm<br \/>\nCAT\u00c9GORIE: Animal<br \/>\nOeuvre unique et sign\u00e9e \u00e0 la main, remise avec certificat d\u2019authenticit\u00e9 accompagn\u00e9e de son justificatif de cotation et facture.<\/p>","protected":false},"excerpt":{"rendered":"<p>Toile de bois \u00ab\u00a0Art Board\u00a0\u00bb et encadr\u00e9e, pr\u00eate \u00e0 \u00eatre accroch\u00e9e. Vendue avec certificat d\u2019authenticit\u00e9 et justificatif de cotation. Sa technique \u00e9vasive et po\u00e9tique s&rsquo;abandonne au gr\u00e9 du dessin, pour exp\u00e9rimenter les accidents de mati\u00e8re dans une d\u00e9marche qui fait confiance aux \u00e9l\u00e9ments. Le r\u00e9sultat r\u00e9invente un r\u00eave, \u00e0 la fronti\u00e8re du concret et de l&rsquo;improbable, de l&rsquo;in\u00e9dit et du d\u00e9sir\u00e9. Ses tableaux vibrent de sa passion pour les corps et leurs myst\u00e8res et la vie indomptable qui les met en mouvement.<\/p>","protected":false},"featured_media":1988,"template":"","meta":{"_et_pb_use_builder":"","_et_pb_old_content":"","_et_gb_content_width":""},"product_cat":[70,27],"product_tag":[],"class_list":["post-1987","product","type-product","status-publish","has-post-thumbnail","hentry","product_cat-les-animaux","product_cat-oeuvres-originales","product_shipping_class-sur-toile-40-x-40-x-5"],"yoast_head":"<!-- This site is optimized with the Yoast SEO plugin v27.5 - https:\/\/yoast.com\/product\/yoast-seo-wordpress\/ -->\n<title>La Majest\u00e9 F\u00e9line - Amandyne Steropes<\/title>\n<meta name=\"description\" content=\"Animal-lion-r\u00e8gne animal- animalar\u2014 contemporain-le roi lion- disney- le roi de la jungle- la force animale- le ma\u00eetre des savanes- le rugissement du lion\" \/>\n<meta name=\"robots\" content=\"index, follow, max-snippet:-1, max-image-preview:large, max-video-preview:-1\" \/>\n<link rel=\"canonical\" href=\"https:\/\/amandynesteropes.com\/en\/product\/la-majeste-feline\/\" \/>\n<meta property=\"og:locale\" content=\"en_US\" \/>\n<meta property=\"og:type\" content=\"article\" \/>\n<meta property=\"og:title\" content=\"La Majest\u00e9 F\u00e9line - Amandyne Steropes\" \/>\n<meta property=\"og:description\" content=\"Animal-lion-r\u00e8gne animal- animalar\u2014 contemporain-le roi lion- disney- le roi de la jungle- la force animale- le ma\u00eetre des savanes- le rugissement du lion\" \/>\n<meta property=\"og:url\" content=\"https:\/\/amandynesteropes.com\/en\/product\/la-majeste-feline\/\" \/>\n<meta property=\"og:site_name\" content=\"Amandyne Steropes\" \/>\n<meta property=\"article:publisher\" content=\"https:\/\/www.facebook.com\/amandine.goitre\" \/>\n<meta property=\"article:modified_time\" content=\"2024-06-21T14:21:07+00:00\" \/>\n<meta property=\"og:image\" content=\"https:\/\/amandynesteropes.com\/wp-content\/uploads\/2023\/03\/A8037BC4-8BB6-40CD-B443-6198D8A0A9FA-scaled.jpeg\" \/>\n\t<meta property=\"og:image:width\" content=\"2556\" \/>\n\t<meta property=\"og:image:height\" content=\"2560\" \/>\n\t<meta property=\"og:image:type\" content=\"image\/jpeg\" \/>\n<meta name=\"twitter:card\" content=\"summary_large_image\" \/>\n<script type=\"application\/ld+json\" class=\"yoast-schema-graph\">{\"@context\":\"https:\\\/\\\/schema.org\",\"@graph\":[{\"@type\":\"WebPage\",\"@id\":\"https:\\\/\\\/amandynesteropes.com\\\/produit\\\/la-majeste-feline\\\/\",\"url\":\"https:\\\/\\\/amandynesteropes.com\\\/produit\\\/la-majeste-feline\\\/\",\"name\":\"La Majest\u00e9 F\u00e9line - Amandyne Steropes\",\"isPartOf\":{\"@id\":\"https:\\\/\\\/amandynesteropes.com\\\/#website\"},\"primaryImageOfPage\":{\"@id\":\"https:\\\/\\\/amandynesteropes.com\\\/produit\\\/la-majeste-feline\\\/#primaryimage\"},\"image\":{\"@id\":\"https:\\\/\\\/amandynesteropes.com\\\/produit\\\/la-majeste-feline\\\/#primaryimage\"},\"thumbnailUrl\":\"https:\\\/\\\/amandynesteropes.com\\\/wp-content\\\/uploads\\\/2023\\\/03\\\/A8037BC4-8BB6-40CD-B443-6198D8A0A9FA-scaled.jpeg\",\"datePublished\":\"2023-03-26T12:14:53+00:00\",\"dateModified\":\"2024-06-21T14:21:07+00:00\",\"description\":\"Animal-lion-r\u00e8gne animal- animalar\u2014 contemporain-le roi lion- disney- le roi de la jungle- la force animale- le ma\u00eetre des savanes- le rugissement du lion\",\"breadcrumb\":{\"@id\":\"https:\\\/\\\/amandynesteropes.com\\\/produit\\\/la-majeste-feline\\\/#breadcrumb\"},\"inLanguage\":\"en-US\",\"potentialAction\":[{\"@type\":\"ReadAction\",\"target\":[\"https:\\\/\\\/amandynesteropes.com\\\/produit\\\/la-majeste-feline\\\/\"]}]},{\"@type\":\"ImageObject\",\"inLanguage\":\"en-US\",\"@id\":\"https:\\\/\\\/amandynesteropes.com\\\/produit\\\/la-majeste-feline\\\/#primaryimage\",\"url\":\"https:\\\/\\\/amandynesteropes.com\\\/wp-content\\\/uploads\\\/2023\\\/03\\\/A8037BC4-8BB6-40CD-B443-6198D8A0A9FA-scaled.jpeg\",\"contentUrl\":\"https:\\\/\\\/amandynesteropes.com\\\/wp-content\\\/uploads\\\/2023\\\/03\\\/A8037BC4-8BB6-40CD-B443-6198D8A0A9FA-scaled.jpeg\",\"width\":2556,\"height\":2560,\"caption\":\"La Majest\u00e9 F\u00e9line\"},{\"@type\":\"BreadcrumbList\",\"@id\":\"https:\\\/\\\/amandynesteropes.com\\\/produit\\\/la-majeste-feline\\\/#breadcrumb\",\"itemListElement\":[{\"@type\":\"ListItem\",\"position\":1,\"name\":\"Accueil\",\"item\":\"https:\\\/\\\/amandynesteropes.com\\\/\"},{\"@type\":\"ListItem\",\"position\":2,\"name\":\"Boutique\",\"item\":\"https:\\\/\\\/amandynesteropes.com\\\/boutique-amandyne-steropes-peintre\\\/\"},{\"@type\":\"ListItem\",\"position\":3,\"name\":\"La Majest\u00e9 F\u00e9line\"}]},{\"@type\":\"WebSite\",\"@id\":\"https:\\\/\\\/amandynesteropes.com\\\/#website\",\"url\":\"https:\\\/\\\/amandynesteropes.com\\\/\",\"name\":\"Amandyne Steropes\",\"description\":\"Artiste peintre fran\u00e7aise\",\"publisher\":{\"@id\":\"https:\\\/\\\/amandynesteropes.com\\\/#organization\"},\"alternateName\":\"Amandyne Steropes\",\"potentialAction\":[{\"@type\":\"SearchAction\",\"target\":{\"@type\":\"EntryPoint\",\"urlTemplate\":\"https:\\\/\\\/amandynesteropes.com\\\/?s={search_term_string}\"},\"query-input\":{\"@type\":\"PropertyValueSpecification\",\"valueRequired\":true,\"valueName\":\"search_term_string\"}}],\"inLanguage\":\"en-US\"},{\"@type\":\"Organization\",\"@id\":\"https:\\\/\\\/amandynesteropes.com\\\/#organization\",\"name\":\"Amandyne Steropes\",\"alternateName\":\"Amandyne Steropes\",\"url\":\"https:\\\/\\\/amandynesteropes.com\\\/\",\"logo\":{\"@type\":\"ImageObject\",\"inLanguage\":\"en-US\",\"@id\":\"https:\\\/\\\/amandynesteropes.com\\\/#\\\/schema\\\/logo\\\/image\\\/\",\"url\":\"https:\\\/\\\/amandynesteropes.com\\\/wp-content\\\/uploads\\\/2022\\\/07\\\/logo_amandyne-01.png\",\"contentUrl\":\"https:\\\/\\\/amandynesteropes.com\\\/wp-content\\\/uploads\\\/2022\\\/07\\\/logo_amandyne-01.png\",\"width\":2165,\"height\":3300,\"caption\":\"Amandyne Steropes\"},\"image\":{\"@id\":\"https:\\\/\\\/amandynesteropes.com\\\/#\\\/schema\\\/logo\\\/image\\\/\"},\"sameAs\":[\"https:\\\/\\\/www.facebook.com\\\/amandine.goitre\",\"https:\\\/\\\/www.instagram.com\\\/amandyne_steropes\\\/\",\"https:\\\/\\\/www.linkedin.com\\\/in\\\/amandyne-steropes\\\/\"]}]}<\/script>\n<!-- \/ Yoast SEO plugin. -->","yoast_head_json":{"title":"La Majest\u00e9 F\u00e9line - Amandyne Steropes","description":"Animal-lion-r\u00e8gne animal- animalar\u2014 contemporain-le roi lion- disney- le roi de la jungle- la force animale- le ma\u00eetre des savanes- le rugissement du lion","robots":{"index":"index","follow":"follow","max-snippet":"max-snippet:-1","max-image-preview":"max-image-preview:large","max-video-preview":"max-video-preview:-1"},"canonical":"https:\/\/amandynesteropes.com\/en\/product\/la-majeste-feline\/","og_locale":"en_US","og_type":"article","og_title":"La Majest\u00e9 F\u00e9line - Amandyne Steropes","og_description":"Animal-lion-r\u00e8gne animal- animalar\u2014 contemporain-le roi lion- disney- le roi de la jungle- la force animale- le ma\u00eetre des savanes- le rugissement du lion","og_url":"https:\/\/amandynesteropes.com\/en\/product\/la-majeste-feline\/","og_site_name":"Amandyne Steropes","article_publisher":"https:\/\/www.facebook.com\/amandine.goitre","article_modified_time":"2024-06-21T14:21:07+00:00","og_image":[{"width":2556,"height":2560,"url":"https:\/\/amandynesteropes.com\/wp-content\/uploads\/2023\/03\/A8037BC4-8BB6-40CD-B443-6198D8A0A9FA-scaled.jpeg","type":"image\/jpeg"}],"twitter_card":"summary_large_image","schema":{"@context":"https:\/\/schema.org","@graph":[{"@type":"WebPage","@id":"https:\/\/amandynesteropes.com\/produit\/la-majeste-feline\/","url":"https:\/\/amandynesteropes.com\/produit\/la-majeste-feline\/","name":"La Majest\u00e9 F\u00e9line - Amandyne Steropes","isPartOf":{"@id":"https:\/\/amandynesteropes.com\/#website"},"primaryImageOfPage":{"@id":"https:\/\/amandynesteropes.com\/produit\/la-majeste-feline\/#primaryimage"},"image":{"@id":"https:\/\/amandynesteropes.com\/produit\/la-majeste-feline\/#primaryimage"},"thumbnailUrl":"https:\/\/amandynesteropes.com\/wp-content\/uploads\/2023\/03\/A8037BC4-8BB6-40CD-B443-6198D8A0A9FA-scaled.jpeg","datePublished":"2023-03-26T12:14:53+00:00","dateModified":"2024-06-21T14:21:07+00:00","description":"Animal-lion-r\u00e8gne animal- animalar\u2014 contemporain-le roi lion- disney- le roi de la jungle- la force animale- le ma\u00eetre des savanes- le rugissement du lion","breadcrumb":{"@id":"https:\/\/amandynesteropes.com\/produit\/la-majeste-feline\/#breadcrumb"},"inLanguage":"en-US","potentialAction":[{"@type":"ReadAction","target":["https:\/\/amandynesteropes.com\/produit\/la-majeste-feline\/"]}]},{"@type":"ImageObject","inLanguage":"en-US","@id":"https:\/\/amandynesteropes.com\/produit\/la-majeste-feline\/#primaryimage","url":"https:\/\/amandynesteropes.com\/wp-content\/uploads\/2023\/03\/A8037BC4-8BB6-40CD-B443-6198D8A0A9FA-scaled.jpeg","contentUrl":"https:\/\/amandynesteropes.com\/wp-content\/uploads\/2023\/03\/A8037BC4-8BB6-40CD-B443-6198D8A0A9FA-scaled.jpeg","width":2556,"height":2560,"caption":"La Majest\u00e9 F\u00e9line"},{"@type":"BreadcrumbList","@id":"https:\/\/amandynesteropes.com\/produit\/la-majeste-feline\/#breadcrumb","itemListElement":[{"@type":"ListItem","position":1,"name":"Accueil","item":"https:\/\/amandynesteropes.com\/"},{"@type":"ListItem","position":2,"name":"Boutique","item":"https:\/\/amandynesteropes.com\/boutique-amandyne-steropes-peintre\/"},{"@type":"ListItem","position":3,"name":"La Majest\u00e9 F\u00e9line"}]},{"@type":"WebSite","@id":"https:\/\/amandynesteropes.com\/#website","url":"https:\/\/amandynesteropes.com\/","name":"Amandyne Steropes","description":"Artiste peintre fran\u00e7aise","publisher":{"@id":"https:\/\/amandynesteropes.com\/#organization"},"alternateName":"Amandyne Steropes","potentialAction":[{"@type":"SearchAction","target":{"@type":"EntryPoint","urlTemplate":"https:\/\/amandynesteropes.com\/?s={search_term_string}"},"query-input":{"@type":"PropertyValueSpecification","valueRequired":true,"valueName":"search_term_string"}}],"inLanguage":"en-US"},{"@type":"Organization","@id":"https:\/\/amandynesteropes.com\/#organization","name":"Amandyne Steropes","alternateName":"Amandyne Steropes","url":"https:\/\/amandynesteropes.com\/","logo":{"@type":"ImageObject","inLanguage":"en-US","@id":"https:\/\/amandynesteropes.com\/#\/schema\/logo\/image\/","url":"https:\/\/amandynesteropes.com\/wp-content\/uploads\/2022\/07\/logo_amandyne-01.png","contentUrl":"https:\/\/amandynesteropes.com\/wp-content\/uploads\/2022\/07\/logo_amandyne-01.png","width":2165,"height":3300,"caption":"Amandyne Steropes"},"image":{"@id":"https:\/\/amandynesteropes.com\/#\/schema\/logo\/image\/"},"sameAs":["https:\/\/www.facebook.com\/amandine.goitre","https:\/\/www.instagram.com\/amandyne_steropes\/","https:\/\/www.linkedin.com\/in\/amandyne-steropes\/"]}]}},"jetpack_sharing_enabled":true,"_links":{"self":[{"href":"https:\/\/amandynesteropes.com\/en\/wp-json\/wp\/v2\/product\/1987","targetHints":{"allow":["GET"]}}],"collection":[{"href":"https:\/\/amandynesteropes.com\/en\/wp-json\/wp\/v2\/product"}],"about":[{"href":"https:\/\/amandynesteropes.com\/en\/wp-json\/wp\/v2\/types\/product"}],"wp:featuredmedia":[{"embeddable":true,"href":"https:\/\/amandynesteropes.com\/en\/wp-json\/wp\/v2\/media\/1988"}],"wp:attachment":[{"href":"https:\/\/amandynesteropes.com\/en\/wp-json\/wp\/v2\/media?parent=1987"}],"wp:term":[{"taxonomy":"product_cat","embeddable":true,"href":"https:\/\/amandynesteropes.com\/en\/wp-json\/wp\/v2\/product_cat?post=1987"},{"taxonomy":"product_tag","embeddable":true,"href":"https:\/\/amandynesteropes.com\/en\/wp-json\/wp\/v2\/product_tag?post=1987"}],"curies":[{"name":"wp","href":"https:\/\/api.w.org\/{rel}","templated":true}]}}