{"id":1879,"date":"2022-10-31T06:26:55","date_gmt":"2022-10-31T06:26:55","guid":{"rendered":"https:\/\/amandynesteropes.com\/?post_type=product&#038;p=1879"},"modified":"2024-06-21T14:20:00","modified_gmt":"2024-06-21T14:20:00","slug":"spiritus","status":"publish","type":"product","link":"https:\/\/amandynesteropes.com\/en\/product\/spiritus\/","title":{"rendered":"SPIRITUS"},"content":{"rendered":"<p>CODE PROMO 30% : NOEL2022<\/p>\n<p>ANN\u00c9E: 2022<br \/>\nTECHNIQUE : Technique mixte<br \/>\nSUPPORT: Toile mont\u00e9e directement sur caisse am\u00e9ricaine noire<br \/>\nDIMENSIONS: 65 x 54 x 5 cm avec cadre : 70 x 60 x 5 cm<br \/>\nCAT\u00c9GORIE: Nu<br \/>\nOeuvre unique et sign\u00e9e \u00e0 la main, remise avec certificat d\u2019authenticit\u00e9 accompagn\u00e9e de son justificatif de cotation et facture.<\/p>","protected":false},"excerpt":{"rendered":"<p>Toile mont\u00e9e directement sur caisse am\u00e9ricaine, pr\u00eate \u00e0 \u00eatre accroch\u00e9e. Vendue avec certificat d\u2019authenticit\u00e9 et justificatif de cotation. Sa technique \u00e9vasive et po\u00e9tique s&rsquo;abandonne au gr\u00e9 du dessin, pour exp\u00e9rimenter les accidents de mati\u00e8re dans une d\u00e9marche qui fait confiance aux \u00e9l\u00e9ments. Le r\u00e9sultat r\u00e9invente un r\u00eave, \u00e0 la fronti\u00e8re du concret et de l&rsquo;improbable, de l&rsquo;in\u00e9dit et du d\u00e9sir\u00e9. Ses tableaux vibrent de sa passion pour les corps et leurs myst\u00e8res et la vie indomptable qui les met en mouvement.<\/p>\n<p>CODE PROMO 30% : NOEL2022<\/p>","protected":false},"featured_media":1882,"template":"","meta":{"_et_pb_use_builder":"","_et_pb_old_content":"","_et_gb_content_width":""},"product_cat":[15,56,27],"product_tag":[],"class_list":["post-1879","product","type-product","status-publish","has-post-thumbnail","hentry","product_cat-uncategorized","product_cat-collection-spiritus","product_cat-oeuvres-originales"],"yoast_head":"<!-- This site is optimized with the Yoast SEO plugin v27.5 - https:\/\/yoast.com\/product\/yoast-seo-wordpress\/ -->\n<title>SPIRITUS - Amandyne Steropes<\/title>\n<meta name=\"description\" content=\"D\u00e9couvrez les \u0153uvres de Amandyne Steropes : artiste Peintre Best seller ! Achetez en Ligne ses Oeuvres au Meilleur Prix \u27bd Livraison \u00e0 l&#039;international \u27bd\" \/>\n<meta name=\"robots\" content=\"index, follow, max-snippet:-1, max-image-preview:large, max-video-preview:-1\" \/>\n<link rel=\"canonical\" href=\"https:\/\/amandynesteropes.com\/en\/product\/spiritus\/\" \/>\n<meta property=\"og:locale\" content=\"en_US\" \/>\n<meta property=\"og:type\" content=\"article\" \/>\n<meta property=\"og:title\" content=\"SPIRITUS - Amandyne Steropes\" \/>\n<meta property=\"og:description\" content=\"D\u00e9couvrez les \u0153uvres de Amandyne Steropes : artiste Peintre Best seller ! Achetez en Ligne ses Oeuvres au Meilleur Prix \u27bd Livraison \u00e0 l&#039;international \u27bd\" \/>\n<meta property=\"og:url\" content=\"https:\/\/amandynesteropes.com\/en\/product\/spiritus\/\" \/>\n<meta property=\"og:site_name\" content=\"Amandyne Steropes\" \/>\n<meta property=\"article:publisher\" content=\"https:\/\/www.facebook.com\/amandine.goitre\" \/>\n<meta property=\"article:modified_time\" content=\"2024-06-21T14:20:00+00:00\" \/>\n<meta property=\"og:image\" content=\"https:\/\/amandynesteropes.com\/wp-content\/uploads\/2022\/10\/71711089-1E8A-4080-8BEE-AD8A4C95F5A4-scaled.jpeg\" \/>\n\t<meta property=\"og:image:width\" content=\"2560\" \/>\n\t<meta property=\"og:image:height\" content=\"2148\" \/>\n\t<meta property=\"og:image:type\" content=\"image\/jpeg\" \/>\n<meta name=\"twitter:card\" content=\"summary_large_image\" \/>\n<meta name=\"twitter:label1\" content=\"Est. reading time\" \/>\n\t<meta name=\"twitter:data1\" content=\"1 minute\" \/>\n<script type=\"application\/ld+json\" class=\"yoast-schema-graph\">{\"@context\":\"https:\\\/\\\/schema.org\",\"@graph\":[{\"@type\":\"WebPage\",\"@id\":\"https:\\\/\\\/amandynesteropes.com\\\/produit\\\/spiritus\\\/\",\"url\":\"https:\\\/\\\/amandynesteropes.com\\\/produit\\\/spiritus\\\/\",\"name\":\"SPIRITUS - Amandyne Steropes\",\"isPartOf\":{\"@id\":\"https:\\\/\\\/amandynesteropes.com\\\/#website\"},\"primaryImageOfPage\":{\"@id\":\"https:\\\/\\\/amandynesteropes.com\\\/produit\\\/spiritus\\\/#primaryimage\"},\"image\":{\"@id\":\"https:\\\/\\\/amandynesteropes.com\\\/produit\\\/spiritus\\\/#primaryimage\"},\"thumbnailUrl\":\"https:\\\/\\\/amandynesteropes.com\\\/wp-content\\\/uploads\\\/2022\\\/10\\\/71711089-1E8A-4080-8BEE-AD8A4C95F5A4-scaled.jpeg\",\"datePublished\":\"2022-10-31T06:26:55+00:00\",\"dateModified\":\"2024-06-21T14:20:00+00:00\",\"description\":\"D\u00e9couvrez les \u0153uvres de Amandyne Steropes : artiste Peintre Best seller ! Achetez en Ligne ses Oeuvres au Meilleur Prix \u27bd Livraison \u00e0 l'international \u27bd\",\"breadcrumb\":{\"@id\":\"https:\\\/\\\/amandynesteropes.com\\\/produit\\\/spiritus\\\/#breadcrumb\"},\"inLanguage\":\"en-US\",\"potentialAction\":[{\"@type\":\"ReadAction\",\"target\":[\"https:\\\/\\\/amandynesteropes.com\\\/produit\\\/spiritus\\\/\"]}]},{\"@type\":\"ImageObject\",\"inLanguage\":\"en-US\",\"@id\":\"https:\\\/\\\/amandynesteropes.com\\\/produit\\\/spiritus\\\/#primaryimage\",\"url\":\"https:\\\/\\\/amandynesteropes.com\\\/wp-content\\\/uploads\\\/2022\\\/10\\\/71711089-1E8A-4080-8BEE-AD8A4C95F5A4-scaled.jpeg\",\"contentUrl\":\"https:\\\/\\\/amandynesteropes.com\\\/wp-content\\\/uploads\\\/2022\\\/10\\\/71711089-1E8A-4080-8BEE-AD8A4C95F5A4-scaled.jpeg\",\"width\":2560,\"height\":2148,\"caption\":\"Un \u00e9v\u00e8nement particulier approche\u2026 et vous souhaitez faire plaisir \u00e0 vos proches en offrant une \u0153uvre d\u2019art .Offrez une carte cadeau qui lui permettra de choisir son \u0153uvre ou de r\u00e9aliser une commande personnalis\u00e9e.\"},{\"@type\":\"BreadcrumbList\",\"@id\":\"https:\\\/\\\/amandynesteropes.com\\\/produit\\\/spiritus\\\/#breadcrumb\",\"itemListElement\":[{\"@type\":\"ListItem\",\"position\":1,\"name\":\"Accueil\",\"item\":\"https:\\\/\\\/amandynesteropes.com\\\/\"},{\"@type\":\"ListItem\",\"position\":2,\"name\":\"Boutique\",\"item\":\"https:\\\/\\\/amandynesteropes.com\\\/boutique-amandyne-steropes-peintre\\\/\"},{\"@type\":\"ListItem\",\"position\":3,\"name\":\"SPIRITUS\"}]},{\"@type\":\"WebSite\",\"@id\":\"https:\\\/\\\/amandynesteropes.com\\\/#website\",\"url\":\"https:\\\/\\\/amandynesteropes.com\\\/\",\"name\":\"Amandyne Steropes\",\"description\":\"Artiste peintre fran\u00e7aise\",\"publisher\":{\"@id\":\"https:\\\/\\\/amandynesteropes.com\\\/#organization\"},\"alternateName\":\"Amandyne Steropes\",\"potentialAction\":[{\"@type\":\"SearchAction\",\"target\":{\"@type\":\"EntryPoint\",\"urlTemplate\":\"https:\\\/\\\/amandynesteropes.com\\\/?s={search_term_string}\"},\"query-input\":{\"@type\":\"PropertyValueSpecification\",\"valueRequired\":true,\"valueName\":\"search_term_string\"}}],\"inLanguage\":\"en-US\"},{\"@type\":\"Organization\",\"@id\":\"https:\\\/\\\/amandynesteropes.com\\\/#organization\",\"name\":\"Amandyne Steropes\",\"alternateName\":\"Amandyne Steropes\",\"url\":\"https:\\\/\\\/amandynesteropes.com\\\/\",\"logo\":{\"@type\":\"ImageObject\",\"inLanguage\":\"en-US\",\"@id\":\"https:\\\/\\\/amandynesteropes.com\\\/#\\\/schema\\\/logo\\\/image\\\/\",\"url\":\"https:\\\/\\\/amandynesteropes.com\\\/wp-content\\\/uploads\\\/2022\\\/07\\\/logo_amandyne-01.png\",\"contentUrl\":\"https:\\\/\\\/amandynesteropes.com\\\/wp-content\\\/uploads\\\/2022\\\/07\\\/logo_amandyne-01.png\",\"width\":2165,\"height\":3300,\"caption\":\"Amandyne Steropes\"},\"image\":{\"@id\":\"https:\\\/\\\/amandynesteropes.com\\\/#\\\/schema\\\/logo\\\/image\\\/\"},\"sameAs\":[\"https:\\\/\\\/www.facebook.com\\\/amandine.goitre\",\"https:\\\/\\\/www.instagram.com\\\/amandyne_steropes\\\/\",\"https:\\\/\\\/www.linkedin.com\\\/in\\\/amandyne-steropes\\\/\"]}]}<\/script>\n<!-- \/ Yoast SEO plugin. -->","yoast_head_json":{"title":"SPIRITUS - Amandyne Steropes","description":"D\u00e9couvrez les \u0153uvres de Amandyne Steropes : artiste Peintre Best seller ! Achetez en Ligne ses Oeuvres au Meilleur Prix \u27bd Livraison \u00e0 l'international \u27bd","robots":{"index":"index","follow":"follow","max-snippet":"max-snippet:-1","max-image-preview":"max-image-preview:large","max-video-preview":"max-video-preview:-1"},"canonical":"https:\/\/amandynesteropes.com\/en\/product\/spiritus\/","og_locale":"en_US","og_type":"article","og_title":"SPIRITUS - Amandyne Steropes","og_description":"D\u00e9couvrez les \u0153uvres de Amandyne Steropes : artiste Peintre Best seller ! Achetez en Ligne ses Oeuvres au Meilleur Prix \u27bd Livraison \u00e0 l'international \u27bd","og_url":"https:\/\/amandynesteropes.com\/en\/product\/spiritus\/","og_site_name":"Amandyne Steropes","article_publisher":"https:\/\/www.facebook.com\/amandine.goitre","article_modified_time":"2024-06-21T14:20:00+00:00","og_image":[{"width":2560,"height":2148,"url":"https:\/\/amandynesteropes.com\/wp-content\/uploads\/2022\/10\/71711089-1E8A-4080-8BEE-AD8A4C95F5A4-scaled.jpeg","type":"image\/jpeg"}],"twitter_card":"summary_large_image","twitter_misc":{"Est. reading time":"1 minute"},"schema":{"@context":"https:\/\/schema.org","@graph":[{"@type":"WebPage","@id":"https:\/\/amandynesteropes.com\/produit\/spiritus\/","url":"https:\/\/amandynesteropes.com\/produit\/spiritus\/","name":"SPIRITUS - Amandyne Steropes","isPartOf":{"@id":"https:\/\/amandynesteropes.com\/#website"},"primaryImageOfPage":{"@id":"https:\/\/amandynesteropes.com\/produit\/spiritus\/#primaryimage"},"image":{"@id":"https:\/\/amandynesteropes.com\/produit\/spiritus\/#primaryimage"},"thumbnailUrl":"https:\/\/amandynesteropes.com\/wp-content\/uploads\/2022\/10\/71711089-1E8A-4080-8BEE-AD8A4C95F5A4-scaled.jpeg","datePublished":"2022-10-31T06:26:55+00:00","dateModified":"2024-06-21T14:20:00+00:00","description":"D\u00e9couvrez les \u0153uvres de Amandyne Steropes : artiste Peintre Best seller ! Achetez en Ligne ses Oeuvres au Meilleur Prix \u27bd Livraison \u00e0 l'international \u27bd","breadcrumb":{"@id":"https:\/\/amandynesteropes.com\/produit\/spiritus\/#breadcrumb"},"inLanguage":"en-US","potentialAction":[{"@type":"ReadAction","target":["https:\/\/amandynesteropes.com\/produit\/spiritus\/"]}]},{"@type":"ImageObject","inLanguage":"en-US","@id":"https:\/\/amandynesteropes.com\/produit\/spiritus\/#primaryimage","url":"https:\/\/amandynesteropes.com\/wp-content\/uploads\/2022\/10\/71711089-1E8A-4080-8BEE-AD8A4C95F5A4-scaled.jpeg","contentUrl":"https:\/\/amandynesteropes.com\/wp-content\/uploads\/2022\/10\/71711089-1E8A-4080-8BEE-AD8A4C95F5A4-scaled.jpeg","width":2560,"height":2148,"caption":"Un \u00e9v\u00e8nement particulier approche\u2026 et vous souhaitez faire plaisir \u00e0 vos proches en offrant une \u0153uvre d\u2019art .Offrez une carte cadeau qui lui permettra de choisir son \u0153uvre ou de r\u00e9aliser une commande personnalis\u00e9e."},{"@type":"BreadcrumbList","@id":"https:\/\/amandynesteropes.com\/produit\/spiritus\/#breadcrumb","itemListElement":[{"@type":"ListItem","position":1,"name":"Accueil","item":"https:\/\/amandynesteropes.com\/"},{"@type":"ListItem","position":2,"name":"Boutique","item":"https:\/\/amandynesteropes.com\/boutique-amandyne-steropes-peintre\/"},{"@type":"ListItem","position":3,"name":"SPIRITUS"}]},{"@type":"WebSite","@id":"https:\/\/amandynesteropes.com\/#website","url":"https:\/\/amandynesteropes.com\/","name":"Amandyne Steropes","description":"Artiste peintre fran\u00e7aise","publisher":{"@id":"https:\/\/amandynesteropes.com\/#organization"},"alternateName":"Amandyne Steropes","potentialAction":[{"@type":"SearchAction","target":{"@type":"EntryPoint","urlTemplate":"https:\/\/amandynesteropes.com\/?s={search_term_string}"},"query-input":{"@type":"PropertyValueSpecification","valueRequired":true,"valueName":"search_term_string"}}],"inLanguage":"en-US"},{"@type":"Organization","@id":"https:\/\/amandynesteropes.com\/#organization","name":"Amandyne Steropes","alternateName":"Amandyne Steropes","url":"https:\/\/amandynesteropes.com\/","logo":{"@type":"ImageObject","inLanguage":"en-US","@id":"https:\/\/amandynesteropes.com\/#\/schema\/logo\/image\/","url":"https:\/\/amandynesteropes.com\/wp-content\/uploads\/2022\/07\/logo_amandyne-01.png","contentUrl":"https:\/\/amandynesteropes.com\/wp-content\/uploads\/2022\/07\/logo_amandyne-01.png","width":2165,"height":3300,"caption":"Amandyne Steropes"},"image":{"@id":"https:\/\/amandynesteropes.com\/#\/schema\/logo\/image\/"},"sameAs":["https:\/\/www.facebook.com\/amandine.goitre","https:\/\/www.instagram.com\/amandyne_steropes\/","https:\/\/www.linkedin.com\/in\/amandyne-steropes\/"]}]}},"jetpack_sharing_enabled":true,"_links":{"self":[{"href":"https:\/\/amandynesteropes.com\/en\/wp-json\/wp\/v2\/product\/1879","targetHints":{"allow":["GET"]}}],"collection":[{"href":"https:\/\/amandynesteropes.com\/en\/wp-json\/wp\/v2\/product"}],"about":[{"href":"https:\/\/amandynesteropes.com\/en\/wp-json\/wp\/v2\/types\/product"}],"wp:featuredmedia":[{"embeddable":true,"href":"https:\/\/amandynesteropes.com\/en\/wp-json\/wp\/v2\/media\/1882"}],"wp:attachment":[{"href":"https:\/\/amandynesteropes.com\/en\/wp-json\/wp\/v2\/media?parent=1879"}],"wp:term":[{"taxonomy":"product_cat","embeddable":true,"href":"https:\/\/amandynesteropes.com\/en\/wp-json\/wp\/v2\/product_cat?post=1879"},{"taxonomy":"product_tag","embeddable":true,"href":"https:\/\/amandynesteropes.com\/en\/wp-json\/wp\/v2\/product_tag?post=1879"}],"curies":[{"name":"wp","href":"https:\/\/api.w.org\/{rel}","templated":true}]}}