{"id":1861,"date":"2022-10-31T05:33:37","date_gmt":"2022-10-31T05:33:37","guid":{"rendered":"https:\/\/amandynesteropes.com\/?post_type=product&#038;p=1861"},"modified":"2024-06-21T14:25:33","modified_gmt":"2024-06-21T14:25:33","slug":"la-grace","status":"publish","type":"product","link":"https:\/\/amandynesteropes.com\/en\/product\/la-grace\/","title":{"rendered":"LA GR\u00c2CE"},"content":{"rendered":"<p>ANN\u00c9E: 2022<br \/>\nTECHNIQUE : Technique mixte<br \/>\nSUPPORT: Toile sp\u00e9ciale bois \u00ab\u00a0Art Board\u00a0\u00bb accompagn\u00e9e de son cadre.<br \/>\nDIMENSIONS: 80 x 80 x 5 cm<br \/>\nCAT\u00c9GORIE: Nu<br \/>\nOeuvre unique et sign\u00e9e \u00e0 la main, remise avec certificat d\u2019authenticit\u00e9 accompagn\u00e9e de son justificatif de cotation et facture.<\/p>","protected":false},"excerpt":{"rendered":"<p>Oeuvre mont\u00e9e sur bois \u00ab\u00a0Art Board\u00a0\u00bb accompagn\u00e9e de son cadre bois. Elle est pr\u00eate \u00e0 \u00eatre accroch\u00e9e.<\/p>\n<p>Sa technique \u00e9vasive et po\u00e9tique s&rsquo;abandonne au gr\u00e9 du dessin, pour exp\u00e9rimenter les accidents de mati\u00e8re dans une d\u00e9marche qui fait confiance aux \u00e9l\u00e9ments.<\/p>\n<p>Le r\u00e9sultat r\u00e9invente un r\u00eave, \u00e0 la fronti\u00e8re du concret et de l&rsquo;improbable, de l&rsquo;in\u00e9dit et du d\u00e9sir\u00e9. Ses tableaux vibrent de sa passion pour les corps et leurs myst\u00e8res et la vie indomptable qui les met en mouvement. <\/p>\n<p>Vendue avec certificat d\u2019authenticit\u00e9 et justificatif de cotation.<\/p>","protected":false},"featured_media":1862,"template":"","meta":{"_et_pb_use_builder":"","_et_pb_old_content":"","_et_gb_content_width":""},"product_cat":[27,83],"product_tag":[],"class_list":["post-1861","product","type-product","status-publish","has-post-thumbnail","hentry","product_cat-oeuvres-originales","product_cat-serie-mauve-et-violet-les-femmes","product_shipping_class-sur-toile-80-x-80-x-5"],"yoast_head":"<!-- This site is optimized with the Yoast SEO plugin v27.4 - https:\/\/yoast.com\/product\/yoast-seo-wordpress\/ -->\n<title>LA GR\u00c2CE - Amandyne Steropes<\/title>\n<meta name=\"description\" content=\"Artiste \u00e9mergent. Best seller. Peinture. Oeuvre unique | Encadr\u00e9e et pr\u00eate \u00e0 accrocher. 80 H x 80 L x 5 P cm. Amandyne Steropes est une artiste bas\u00e9e en France dont les peintures ont \u00e9t\u00e9 pr\u00e9sent\u00e9es dans plusieurs expositions individuelles et collectives \u00e0 l&#039;\u00e9chelle nationale. Elle d\u00e9crit son processus artistique comme le \u00abd\u00e9structuration de l&#039;humain et de la mati\u00e8re\u00bb, o\u00f9 elle r\u00e9invente et transforme, r\u00e9v\u00e9lant \u00abpure \u00e9nergie\u00bb afin d&#039;\u00e9veiller la force int\u00e9rieure de chaque pi\u00e8ce.\" \/>\n<meta name=\"robots\" content=\"index, follow, max-snippet:-1, max-image-preview:large, max-video-preview:-1\" \/>\n<link rel=\"canonical\" href=\"https:\/\/amandynesteropes.com\/en\/product\/la-grace\/\" \/>\n<meta property=\"og:locale\" content=\"en_US\" \/>\n<meta property=\"og:type\" content=\"article\" \/>\n<meta property=\"og:title\" content=\"LA GR\u00c2CE\" \/>\n<meta property=\"og:description\" content=\"artiste \u00e9mergeant, Best seller, oeuvre unique incarnant la d\u00e9licatesse f\u00e9minine\" \/>\n<meta property=\"og:url\" content=\"https:\/\/amandynesteropes.com\/en\/product\/la-grace\/\" \/>\n<meta property=\"og:site_name\" content=\"Amandyne Steropes\" \/>\n<meta property=\"article:publisher\" content=\"https:\/\/www.facebook.com\/amandine.goitre\" \/>\n<meta property=\"article:modified_time\" content=\"2024-06-21T14:25:33+00:00\" \/>\n<meta property=\"og:image\" content=\"https:\/\/amandynesteropes.com\/wp-content\/uploads\/2022\/10\/5534038D-999C-43AB-B7A0-D7919DA23F27-scaled.jpeg\" \/>\n\t<meta property=\"og:image:width\" content=\"2560\" \/>\n\t<meta property=\"og:image:height\" content=\"2560\" \/>\n\t<meta property=\"og:image:type\" content=\"image\/jpeg\" \/>\n<meta name=\"twitter:card\" content=\"summary_large_image\" \/>\n<meta name=\"twitter:label1\" content=\"Est. reading time\" \/>\n\t<meta name=\"twitter:data1\" content=\"1 minute\" \/>\n<script type=\"application\/ld+json\" class=\"yoast-schema-graph\">{\"@context\":\"https:\\\/\\\/schema.org\",\"@graph\":[{\"@type\":\"WebPage\",\"@id\":\"https:\\\/\\\/amandynesteropes.com\\\/produit\\\/la-grace\\\/\",\"url\":\"https:\\\/\\\/amandynesteropes.com\\\/produit\\\/la-grace\\\/\",\"name\":\"LA GR\u00c2CE - Amandyne Steropes\",\"isPartOf\":{\"@id\":\"https:\\\/\\\/amandynesteropes.com\\\/#website\"},\"primaryImageOfPage\":{\"@id\":\"https:\\\/\\\/amandynesteropes.com\\\/produit\\\/la-grace\\\/#primaryimage\"},\"image\":{\"@id\":\"https:\\\/\\\/amandynesteropes.com\\\/produit\\\/la-grace\\\/#primaryimage\"},\"thumbnailUrl\":\"https:\\\/\\\/amandynesteropes.com\\\/wp-content\\\/uploads\\\/2022\\\/10\\\/5534038D-999C-43AB-B7A0-D7919DA23F27-scaled.jpeg\",\"datePublished\":\"2022-10-31T05:33:37+00:00\",\"dateModified\":\"2024-06-21T14:25:33+00:00\",\"description\":\"Artiste \u00e9mergent. Best seller. Peinture. Oeuvre unique | Encadr\u00e9e et pr\u00eate \u00e0 accrocher. 80 H x 80 L x 5 P cm. Amandyne Steropes est une artiste bas\u00e9e en France dont les peintures ont \u00e9t\u00e9 pr\u00e9sent\u00e9es dans plusieurs expositions individuelles et collectives \u00e0 l'\u00e9chelle nationale. Elle d\u00e9crit son processus artistique comme le \u00abd\u00e9structuration de l'humain et de la mati\u00e8re\u00bb, o\u00f9 elle r\u00e9invente et transforme, r\u00e9v\u00e9lant \u00abpure \u00e9nergie\u00bb afin d'\u00e9veiller la force int\u00e9rieure de chaque pi\u00e8ce.\",\"breadcrumb\":{\"@id\":\"https:\\\/\\\/amandynesteropes.com\\\/produit\\\/la-grace\\\/#breadcrumb\"},\"inLanguage\":\"en-US\",\"potentialAction\":[{\"@type\":\"ReadAction\",\"target\":[\"https:\\\/\\\/amandynesteropes.com\\\/produit\\\/la-grace\\\/\"]}]},{\"@type\":\"ImageObject\",\"inLanguage\":\"en-US\",\"@id\":\"https:\\\/\\\/amandynesteropes.com\\\/produit\\\/la-grace\\\/#primaryimage\",\"url\":\"https:\\\/\\\/amandynesteropes.com\\\/wp-content\\\/uploads\\\/2022\\\/10\\\/5534038D-999C-43AB-B7A0-D7919DA23F27-scaled.jpeg\",\"contentUrl\":\"https:\\\/\\\/amandynesteropes.com\\\/wp-content\\\/uploads\\\/2022\\\/10\\\/5534038D-999C-43AB-B7A0-D7919DA23F27-scaled.jpeg\",\"width\":2560,\"height\":2560},{\"@type\":\"BreadcrumbList\",\"@id\":\"https:\\\/\\\/amandynesteropes.com\\\/produit\\\/la-grace\\\/#breadcrumb\",\"itemListElement\":[{\"@type\":\"ListItem\",\"position\":1,\"name\":\"Accueil\",\"item\":\"https:\\\/\\\/amandynesteropes.com\\\/\"},{\"@type\":\"ListItem\",\"position\":2,\"name\":\"Boutique\",\"item\":\"https:\\\/\\\/amandynesteropes.com\\\/boutique-amandyne-steropes-peintre\\\/\"},{\"@type\":\"ListItem\",\"position\":3,\"name\":\"LA GR\u00c2CE\"}]},{\"@type\":\"WebSite\",\"@id\":\"https:\\\/\\\/amandynesteropes.com\\\/#website\",\"url\":\"https:\\\/\\\/amandynesteropes.com\\\/\",\"name\":\"Amandyne Steropes\",\"description\":\"Artiste peintre fran\u00e7aise\",\"publisher\":{\"@id\":\"https:\\\/\\\/amandynesteropes.com\\\/#organization\"},\"alternateName\":\"Amandyne Steropes\",\"potentialAction\":[{\"@type\":\"SearchAction\",\"target\":{\"@type\":\"EntryPoint\",\"urlTemplate\":\"https:\\\/\\\/amandynesteropes.com\\\/?s={search_term_string}\"},\"query-input\":{\"@type\":\"PropertyValueSpecification\",\"valueRequired\":true,\"valueName\":\"search_term_string\"}}],\"inLanguage\":\"en-US\"},{\"@type\":\"Organization\",\"@id\":\"https:\\\/\\\/amandynesteropes.com\\\/#organization\",\"name\":\"Amandyne Steropes\",\"alternateName\":\"Amandyne Steropes\",\"url\":\"https:\\\/\\\/amandynesteropes.com\\\/\",\"logo\":{\"@type\":\"ImageObject\",\"inLanguage\":\"en-US\",\"@id\":\"https:\\\/\\\/amandynesteropes.com\\\/#\\\/schema\\\/logo\\\/image\\\/\",\"url\":\"https:\\\/\\\/amandynesteropes.com\\\/wp-content\\\/uploads\\\/2022\\\/07\\\/logo_amandyne-01.png\",\"contentUrl\":\"https:\\\/\\\/amandynesteropes.com\\\/wp-content\\\/uploads\\\/2022\\\/07\\\/logo_amandyne-01.png\",\"width\":2165,\"height\":3300,\"caption\":\"Amandyne Steropes\"},\"image\":{\"@id\":\"https:\\\/\\\/amandynesteropes.com\\\/#\\\/schema\\\/logo\\\/image\\\/\"},\"sameAs\":[\"https:\\\/\\\/www.facebook.com\\\/amandine.goitre\",\"https:\\\/\\\/www.instagram.com\\\/amandyne_steropes\\\/\",\"https:\\\/\\\/www.linkedin.com\\\/in\\\/amandyne-steropes\\\/\"]}]}<\/script>\n<!-- \/ Yoast SEO plugin. -->","yoast_head_json":{"title":"LA GR\u00c2CE - Amandyne Steropes","description":"Artiste \u00e9mergent. Best seller. Peinture. Oeuvre unique | Encadr\u00e9e et pr\u00eate \u00e0 accrocher. 80 H x 80 L x 5 P cm. Amandyne Steropes est une artiste bas\u00e9e en France dont les peintures ont \u00e9t\u00e9 pr\u00e9sent\u00e9es dans plusieurs expositions individuelles et collectives \u00e0 l'\u00e9chelle nationale. Elle d\u00e9crit son processus artistique comme le \u00abd\u00e9structuration de l'humain et de la mati\u00e8re\u00bb, o\u00f9 elle r\u00e9invente et transforme, r\u00e9v\u00e9lant \u00abpure \u00e9nergie\u00bb afin d'\u00e9veiller la force int\u00e9rieure de chaque pi\u00e8ce.","robots":{"index":"index","follow":"follow","max-snippet":"max-snippet:-1","max-image-preview":"max-image-preview:large","max-video-preview":"max-video-preview:-1"},"canonical":"https:\/\/amandynesteropes.com\/en\/product\/la-grace\/","og_locale":"en_US","og_type":"article","og_title":"LA GR\u00c2CE","og_description":"artiste \u00e9mergeant, Best seller, oeuvre unique incarnant la d\u00e9licatesse f\u00e9minine","og_url":"https:\/\/amandynesteropes.com\/en\/product\/la-grace\/","og_site_name":"Amandyne Steropes","article_publisher":"https:\/\/www.facebook.com\/amandine.goitre","article_modified_time":"2024-06-21T14:25:33+00:00","og_image":[{"width":2560,"height":2560,"url":"https:\/\/amandynesteropes.com\/wp-content\/uploads\/2022\/10\/5534038D-999C-43AB-B7A0-D7919DA23F27-scaled.jpeg","type":"image\/jpeg"}],"twitter_card":"summary_large_image","twitter_misc":{"Est. reading time":"1 minute"},"schema":{"@context":"https:\/\/schema.org","@graph":[{"@type":"WebPage","@id":"https:\/\/amandynesteropes.com\/produit\/la-grace\/","url":"https:\/\/amandynesteropes.com\/produit\/la-grace\/","name":"LA GR\u00c2CE - Amandyne Steropes","isPartOf":{"@id":"https:\/\/amandynesteropes.com\/#website"},"primaryImageOfPage":{"@id":"https:\/\/amandynesteropes.com\/produit\/la-grace\/#primaryimage"},"image":{"@id":"https:\/\/amandynesteropes.com\/produit\/la-grace\/#primaryimage"},"thumbnailUrl":"https:\/\/amandynesteropes.com\/wp-content\/uploads\/2022\/10\/5534038D-999C-43AB-B7A0-D7919DA23F27-scaled.jpeg","datePublished":"2022-10-31T05:33:37+00:00","dateModified":"2024-06-21T14:25:33+00:00","description":"Artiste \u00e9mergent. Best seller. Peinture. Oeuvre unique | Encadr\u00e9e et pr\u00eate \u00e0 accrocher. 80 H x 80 L x 5 P cm. Amandyne Steropes est une artiste bas\u00e9e en France dont les peintures ont \u00e9t\u00e9 pr\u00e9sent\u00e9es dans plusieurs expositions individuelles et collectives \u00e0 l'\u00e9chelle nationale. Elle d\u00e9crit son processus artistique comme le \u00abd\u00e9structuration de l'humain et de la mati\u00e8re\u00bb, o\u00f9 elle r\u00e9invente et transforme, r\u00e9v\u00e9lant \u00abpure \u00e9nergie\u00bb afin d'\u00e9veiller la force int\u00e9rieure de chaque pi\u00e8ce.","breadcrumb":{"@id":"https:\/\/amandynesteropes.com\/produit\/la-grace\/#breadcrumb"},"inLanguage":"en-US","potentialAction":[{"@type":"ReadAction","target":["https:\/\/amandynesteropes.com\/produit\/la-grace\/"]}]},{"@type":"ImageObject","inLanguage":"en-US","@id":"https:\/\/amandynesteropes.com\/produit\/la-grace\/#primaryimage","url":"https:\/\/amandynesteropes.com\/wp-content\/uploads\/2022\/10\/5534038D-999C-43AB-B7A0-D7919DA23F27-scaled.jpeg","contentUrl":"https:\/\/amandynesteropes.com\/wp-content\/uploads\/2022\/10\/5534038D-999C-43AB-B7A0-D7919DA23F27-scaled.jpeg","width":2560,"height":2560},{"@type":"BreadcrumbList","@id":"https:\/\/amandynesteropes.com\/produit\/la-grace\/#breadcrumb","itemListElement":[{"@type":"ListItem","position":1,"name":"Accueil","item":"https:\/\/amandynesteropes.com\/"},{"@type":"ListItem","position":2,"name":"Boutique","item":"https:\/\/amandynesteropes.com\/boutique-amandyne-steropes-peintre\/"},{"@type":"ListItem","position":3,"name":"LA GR\u00c2CE"}]},{"@type":"WebSite","@id":"https:\/\/amandynesteropes.com\/#website","url":"https:\/\/amandynesteropes.com\/","name":"Amandyne Steropes","description":"Artiste peintre fran\u00e7aise","publisher":{"@id":"https:\/\/amandynesteropes.com\/#organization"},"alternateName":"Amandyne Steropes","potentialAction":[{"@type":"SearchAction","target":{"@type":"EntryPoint","urlTemplate":"https:\/\/amandynesteropes.com\/?s={search_term_string}"},"query-input":{"@type":"PropertyValueSpecification","valueRequired":true,"valueName":"search_term_string"}}],"inLanguage":"en-US"},{"@type":"Organization","@id":"https:\/\/amandynesteropes.com\/#organization","name":"Amandyne Steropes","alternateName":"Amandyne Steropes","url":"https:\/\/amandynesteropes.com\/","logo":{"@type":"ImageObject","inLanguage":"en-US","@id":"https:\/\/amandynesteropes.com\/#\/schema\/logo\/image\/","url":"https:\/\/amandynesteropes.com\/wp-content\/uploads\/2022\/07\/logo_amandyne-01.png","contentUrl":"https:\/\/amandynesteropes.com\/wp-content\/uploads\/2022\/07\/logo_amandyne-01.png","width":2165,"height":3300,"caption":"Amandyne Steropes"},"image":{"@id":"https:\/\/amandynesteropes.com\/#\/schema\/logo\/image\/"},"sameAs":["https:\/\/www.facebook.com\/amandine.goitre","https:\/\/www.instagram.com\/amandyne_steropes\/","https:\/\/www.linkedin.com\/in\/amandyne-steropes\/"]}]}},"jetpack_sharing_enabled":true,"_links":{"self":[{"href":"https:\/\/amandynesteropes.com\/en\/wp-json\/wp\/v2\/product\/1861","targetHints":{"allow":["GET"]}}],"collection":[{"href":"https:\/\/amandynesteropes.com\/en\/wp-json\/wp\/v2\/product"}],"about":[{"href":"https:\/\/amandynesteropes.com\/en\/wp-json\/wp\/v2\/types\/product"}],"wp:featuredmedia":[{"embeddable":true,"href":"https:\/\/amandynesteropes.com\/en\/wp-json\/wp\/v2\/media\/1862"}],"wp:attachment":[{"href":"https:\/\/amandynesteropes.com\/en\/wp-json\/wp\/v2\/media?parent=1861"}],"wp:term":[{"taxonomy":"product_cat","embeddable":true,"href":"https:\/\/amandynesteropes.com\/en\/wp-json\/wp\/v2\/product_cat?post=1861"},{"taxonomy":"product_tag","embeddable":true,"href":"https:\/\/amandynesteropes.com\/en\/wp-json\/wp\/v2\/product_tag?post=1861"}],"curies":[{"name":"wp","href":"https:\/\/api.w.org\/{rel}","templated":true}]}}