{"id":1427,"date":"2022-08-30T18:23:03","date_gmt":"2022-08-30T18:23:03","guid":{"rendered":"https:\/\/amandynesteropes.com\/?post_type=product&#038;p=1427"},"modified":"2024-06-21T14:27:14","modified_gmt":"2024-06-21T14:27:14","slug":"le-modele","status":"publish","type":"product","link":"https:\/\/amandynesteropes.com\/en\/product\/le-modele\/","title":{"rendered":"LE MOD\u00c8LE"},"content":{"rendered":"<p class=\"p1\"><span class=\"s1\">ANN\u00c9E: 2021<\/span><\/p>\n<p class=\"p1\"><span class=\"s1\">TECHNIQUE : Technique mixte<\/span><\/p>\n<p class=\"p1\"><span class=\"s1\">SUPPORT: Toile \u00a0mont\u00e9e sur ch\u00e2ssis<\/span><\/p>\n<p class=\"p1\"><span class=\"s1\">DIMENSIONS: 100 x 70 x 5 cm<\/span><\/p>\n<p class=\"p1\"><span class=\"s1\">CAT\u00c9GORIE: Nu<\/span><\/p>\n<p class=\"p1\"><span class=\"s1\">Oeuvre unique et sign\u00e9e \u00e0 la main, remise avec certificat d\u2019authenticit\u00e9 accompagn\u00e9e de son justificatif de cotation et facture.<\/span><\/p>","protected":false},"excerpt":{"rendered":"<p>\u0152uvre qu\u2019on retrouvera dans le film Mascarade de Nicolas Bedos qui sortira en 2022 avec un beau casting d\u2019acteur !<br \/>\n\u00c9perdument amoureuse de la vie, toute sa d\u00e9marche est un cri, chant des signes et des couleurs qui saisit le feu vivant du monde, m\u00ealant exp\u00e9rience et surprise. Chacune de ses \u0153uvres offre \u00e0 voir ses contradictions int\u00e9rieures, et tente de saisir cette fameuse sensation de vie, rare et pr\u00e9cieuse. Celle qui est \u00e0 la recherche de &lsquo;l&rsquo;\u00e9tincelle<\/p>\n<p><span class=\"more-text\">qui exprime le r\u00e9el, dans un \u00e9clat de rire, une caresse, un frisson\u00a0\u00bb, a, comme elle le dit si bien \u00ab\u00a0la libert\u00e9 des fous et le sourire franc d&rsquo;une artiste \u00e9perdue.\u00a0\u00bb Chacune de ses peintures s&rsquo;inscrit dans la recherche d&rsquo;une expression \u00e0 la fois sensuelle et sensorielle. Sa technique \u00e9vasive et po\u00e9tique s&rsquo;abandonne au gr\u00e9 du dessin, pour exp\u00e9rimenter les accidents de mati\u00e8re dans une d\u00e9marche qui fait confiance aux \u00e9l\u00e9ments. Le r\u00e9sultat r\u00e9invente un r\u00eave, \u00e0 la fronti\u00e8re du concret et de l&rsquo;improbable, de l&rsquo;in\u00e9dit et du d\u00e9sir\u00e9.<\/span><\/p>","protected":false},"featured_media":1405,"template":"","meta":{"_et_pb_use_builder":"","_et_pb_old_content":"","_et_gb_content_width":""},"product_cat":[27,63],"product_tag":[],"class_list":["post-1427","product","type-product","status-publish","has-post-thumbnail","hentry","product_cat-oeuvres-originales","product_cat-serie-la-feminite","product_shipping_class-sur-toile-100-x-70-x-2"],"yoast_head":"<!-- This site is optimized with the Yoast SEO plugin v27.4 - https:\/\/yoast.com\/product\/yoast-seo-wordpress\/ -->\n<title>LE MOD\u00c8LE - Amandyne Steropes<\/title>\n<meta name=\"robots\" content=\"index, follow, max-snippet:-1, max-image-preview:large, max-video-preview:-1\" \/>\n<link rel=\"canonical\" href=\"https:\/\/amandynesteropes.com\/en\/product\/le-modele\/\" \/>\n<meta property=\"og:locale\" content=\"en_US\" \/>\n<meta property=\"og:type\" content=\"article\" \/>\n<meta property=\"og:title\" content=\"LE MOD\u00c8LE - Amandyne Steropes\" \/>\n<meta property=\"og:description\" content=\"\u0152uvre qu\u2019on retrouvera dans le film Mascarade de Nicolas Bedos qui sortira en 2022 avec un beau casting d\u2019acteur ! \u00c9perdument amoureuse de la vie, toute sa d\u00e9marche est un cri, chant des signes et des couleurs qui saisit le feu vivant du monde, m\u00ealant exp\u00e9rience et surprise. Chacune de ses \u0153uvres offre \u00e0 voir ses contradictions int\u00e9rieures, et tente de saisir cette fameuse sensation de vie, rare et pr\u00e9cieuse. Celle qui est \u00e0 la recherche de &#039;l&#039;\u00e9tincelle  qui exprime le r\u00e9el, dans un \u00e9clat de rire, une caresse, un frisson&quot;, a, comme elle le dit si bien &quot;la libert\u00e9 des fous et le sourire franc d&#039;une artiste \u00e9perdue.&quot; Chacune de ses peintures s&#039;inscrit dans la recherche d&#039;une expression \u00e0 la fois sensuelle et sensorielle. Sa technique \u00e9vasive et po\u00e9tique s&#039;abandonne au gr\u00e9 du dessin, pour exp\u00e9rimenter les accidents de mati\u00e8re dans une d\u00e9marche qui fait confiance aux \u00e9l\u00e9ments. Le r\u00e9sultat r\u00e9invente un r\u00eave, \u00e0 la fronti\u00e8re du concret et de l&#039;improbable, de l&#039;in\u00e9dit et du d\u00e9sir\u00e9.\" \/>\n<meta property=\"og:url\" content=\"https:\/\/amandynesteropes.com\/en\/product\/le-modele\/\" \/>\n<meta property=\"og:site_name\" content=\"Amandyne Steropes\" \/>\n<meta property=\"article:publisher\" content=\"https:\/\/www.facebook.com\/amandine.goitre\" \/>\n<meta property=\"article:modified_time\" content=\"2024-06-21T14:27:14+00:00\" \/>\n<meta property=\"og:image\" content=\"https:\/\/amandynesteropes.com\/wp-content\/uploads\/2022\/08\/3648CCC9-82F9-48AD-A0EC-20DF9ED0E1FB.jpeg\" \/>\n\t<meta property=\"og:image:width\" content=\"2425\" \/>\n\t<meta property=\"og:image:height\" content=\"1733\" \/>\n\t<meta property=\"og:image:type\" content=\"image\/jpeg\" \/>\n<meta name=\"twitter:card\" content=\"summary_large_image\" \/>\n<meta name=\"twitter:label1\" content=\"Est. reading time\" \/>\n\t<meta name=\"twitter:data1\" content=\"1 minute\" \/>\n<script type=\"application\/ld+json\" class=\"yoast-schema-graph\">{\"@context\":\"https:\\\/\\\/schema.org\",\"@graph\":[{\"@type\":\"WebPage\",\"@id\":\"https:\\\/\\\/amandynesteropes.com\\\/produit\\\/le-modele\\\/\",\"url\":\"https:\\\/\\\/amandynesteropes.com\\\/produit\\\/le-modele\\\/\",\"name\":\"LE MOD\u00c8LE - Amandyne Steropes\",\"isPartOf\":{\"@id\":\"https:\\\/\\\/amandynesteropes.com\\\/#website\"},\"primaryImageOfPage\":{\"@id\":\"https:\\\/\\\/amandynesteropes.com\\\/produit\\\/le-modele\\\/#primaryimage\"},\"image\":{\"@id\":\"https:\\\/\\\/amandynesteropes.com\\\/produit\\\/le-modele\\\/#primaryimage\"},\"thumbnailUrl\":\"https:\\\/\\\/amandynesteropes.com\\\/wp-content\\\/uploads\\\/2022\\\/08\\\/3648CCC9-82F9-48AD-A0EC-20DF9ED0E1FB.jpeg\",\"datePublished\":\"2022-08-30T18:23:03+00:00\",\"dateModified\":\"2024-06-21T14:27:14+00:00\",\"breadcrumb\":{\"@id\":\"https:\\\/\\\/amandynesteropes.com\\\/produit\\\/le-modele\\\/#breadcrumb\"},\"inLanguage\":\"en-US\",\"potentialAction\":[{\"@type\":\"ReadAction\",\"target\":[\"https:\\\/\\\/amandynesteropes.com\\\/produit\\\/le-modele\\\/\"]}]},{\"@type\":\"ImageObject\",\"inLanguage\":\"en-US\",\"@id\":\"https:\\\/\\\/amandynesteropes.com\\\/produit\\\/le-modele\\\/#primaryimage\",\"url\":\"https:\\\/\\\/amandynesteropes.com\\\/wp-content\\\/uploads\\\/2022\\\/08\\\/3648CCC9-82F9-48AD-A0EC-20DF9ED0E1FB.jpeg\",\"contentUrl\":\"https:\\\/\\\/amandynesteropes.com\\\/wp-content\\\/uploads\\\/2022\\\/08\\\/3648CCC9-82F9-48AD-A0EC-20DF9ED0E1FB.jpeg\",\"width\":2425,\"height\":1733},{\"@type\":\"BreadcrumbList\",\"@id\":\"https:\\\/\\\/amandynesteropes.com\\\/produit\\\/le-modele\\\/#breadcrumb\",\"itemListElement\":[{\"@type\":\"ListItem\",\"position\":1,\"name\":\"Accueil\",\"item\":\"https:\\\/\\\/amandynesteropes.com\\\/\"},{\"@type\":\"ListItem\",\"position\":2,\"name\":\"Boutique\",\"item\":\"https:\\\/\\\/amandynesteropes.com\\\/boutique-amandyne-steropes-peintre\\\/\"},{\"@type\":\"ListItem\",\"position\":3,\"name\":\"LE MOD\u00c8LE\"}]},{\"@type\":\"WebSite\",\"@id\":\"https:\\\/\\\/amandynesteropes.com\\\/#website\",\"url\":\"https:\\\/\\\/amandynesteropes.com\\\/\",\"name\":\"Amandyne Steropes\",\"description\":\"Artiste peintre fran\u00e7aise\",\"publisher\":{\"@id\":\"https:\\\/\\\/amandynesteropes.com\\\/#organization\"},\"alternateName\":\"Amandyne Steropes\",\"potentialAction\":[{\"@type\":\"SearchAction\",\"target\":{\"@type\":\"EntryPoint\",\"urlTemplate\":\"https:\\\/\\\/amandynesteropes.com\\\/?s={search_term_string}\"},\"query-input\":{\"@type\":\"PropertyValueSpecification\",\"valueRequired\":true,\"valueName\":\"search_term_string\"}}],\"inLanguage\":\"en-US\"},{\"@type\":\"Organization\",\"@id\":\"https:\\\/\\\/amandynesteropes.com\\\/#organization\",\"name\":\"Amandyne Steropes\",\"alternateName\":\"Amandyne Steropes\",\"url\":\"https:\\\/\\\/amandynesteropes.com\\\/\",\"logo\":{\"@type\":\"ImageObject\",\"inLanguage\":\"en-US\",\"@id\":\"https:\\\/\\\/amandynesteropes.com\\\/#\\\/schema\\\/logo\\\/image\\\/\",\"url\":\"https:\\\/\\\/amandynesteropes.com\\\/wp-content\\\/uploads\\\/2022\\\/07\\\/logo_amandyne-01.png\",\"contentUrl\":\"https:\\\/\\\/amandynesteropes.com\\\/wp-content\\\/uploads\\\/2022\\\/07\\\/logo_amandyne-01.png\",\"width\":2165,\"height\":3300,\"caption\":\"Amandyne Steropes\"},\"image\":{\"@id\":\"https:\\\/\\\/amandynesteropes.com\\\/#\\\/schema\\\/logo\\\/image\\\/\"},\"sameAs\":[\"https:\\\/\\\/www.facebook.com\\\/amandine.goitre\",\"https:\\\/\\\/www.instagram.com\\\/amandyne_steropes\\\/\",\"https:\\\/\\\/www.linkedin.com\\\/in\\\/amandyne-steropes\\\/\"]}]}<\/script>\n<!-- \/ Yoast SEO plugin. -->","yoast_head_json":{"title":"LE MOD\u00c8LE - Amandyne Steropes","robots":{"index":"index","follow":"follow","max-snippet":"max-snippet:-1","max-image-preview":"max-image-preview:large","max-video-preview":"max-video-preview:-1"},"canonical":"https:\/\/amandynesteropes.com\/en\/product\/le-modele\/","og_locale":"en_US","og_type":"article","og_title":"LE MOD\u00c8LE - Amandyne Steropes","og_description":"\u0152uvre qu\u2019on retrouvera dans le film Mascarade de Nicolas Bedos qui sortira en 2022 avec un beau casting d\u2019acteur ! \u00c9perdument amoureuse de la vie, toute sa d\u00e9marche est un cri, chant des signes et des couleurs qui saisit le feu vivant du monde, m\u00ealant exp\u00e9rience et surprise. Chacune de ses \u0153uvres offre \u00e0 voir ses contradictions int\u00e9rieures, et tente de saisir cette fameuse sensation de vie, rare et pr\u00e9cieuse. Celle qui est \u00e0 la recherche de 'l'\u00e9tincelle  qui exprime le r\u00e9el, dans un \u00e9clat de rire, une caresse, un frisson\", a, comme elle le dit si bien \"la libert\u00e9 des fous et le sourire franc d'une artiste \u00e9perdue.\" Chacune de ses peintures s'inscrit dans la recherche d'une expression \u00e0 la fois sensuelle et sensorielle. Sa technique \u00e9vasive et po\u00e9tique s'abandonne au gr\u00e9 du dessin, pour exp\u00e9rimenter les accidents de mati\u00e8re dans une d\u00e9marche qui fait confiance aux \u00e9l\u00e9ments. Le r\u00e9sultat r\u00e9invente un r\u00eave, \u00e0 la fronti\u00e8re du concret et de l'improbable, de l'in\u00e9dit et du d\u00e9sir\u00e9.","og_url":"https:\/\/amandynesteropes.com\/en\/product\/le-modele\/","og_site_name":"Amandyne Steropes","article_publisher":"https:\/\/www.facebook.com\/amandine.goitre","article_modified_time":"2024-06-21T14:27:14+00:00","og_image":[{"width":2425,"height":1733,"url":"https:\/\/amandynesteropes.com\/wp-content\/uploads\/2022\/08\/3648CCC9-82F9-48AD-A0EC-20DF9ED0E1FB.jpeg","type":"image\/jpeg"}],"twitter_card":"summary_large_image","twitter_misc":{"Est. reading time":"1 minute"},"schema":{"@context":"https:\/\/schema.org","@graph":[{"@type":"WebPage","@id":"https:\/\/amandynesteropes.com\/produit\/le-modele\/","url":"https:\/\/amandynesteropes.com\/produit\/le-modele\/","name":"LE MOD\u00c8LE - Amandyne Steropes","isPartOf":{"@id":"https:\/\/amandynesteropes.com\/#website"},"primaryImageOfPage":{"@id":"https:\/\/amandynesteropes.com\/produit\/le-modele\/#primaryimage"},"image":{"@id":"https:\/\/amandynesteropes.com\/produit\/le-modele\/#primaryimage"},"thumbnailUrl":"https:\/\/amandynesteropes.com\/wp-content\/uploads\/2022\/08\/3648CCC9-82F9-48AD-A0EC-20DF9ED0E1FB.jpeg","datePublished":"2022-08-30T18:23:03+00:00","dateModified":"2024-06-21T14:27:14+00:00","breadcrumb":{"@id":"https:\/\/amandynesteropes.com\/produit\/le-modele\/#breadcrumb"},"inLanguage":"en-US","potentialAction":[{"@type":"ReadAction","target":["https:\/\/amandynesteropes.com\/produit\/le-modele\/"]}]},{"@type":"ImageObject","inLanguage":"en-US","@id":"https:\/\/amandynesteropes.com\/produit\/le-modele\/#primaryimage","url":"https:\/\/amandynesteropes.com\/wp-content\/uploads\/2022\/08\/3648CCC9-82F9-48AD-A0EC-20DF9ED0E1FB.jpeg","contentUrl":"https:\/\/amandynesteropes.com\/wp-content\/uploads\/2022\/08\/3648CCC9-82F9-48AD-A0EC-20DF9ED0E1FB.jpeg","width":2425,"height":1733},{"@type":"BreadcrumbList","@id":"https:\/\/amandynesteropes.com\/produit\/le-modele\/#breadcrumb","itemListElement":[{"@type":"ListItem","position":1,"name":"Accueil","item":"https:\/\/amandynesteropes.com\/"},{"@type":"ListItem","position":2,"name":"Boutique","item":"https:\/\/amandynesteropes.com\/boutique-amandyne-steropes-peintre\/"},{"@type":"ListItem","position":3,"name":"LE MOD\u00c8LE"}]},{"@type":"WebSite","@id":"https:\/\/amandynesteropes.com\/#website","url":"https:\/\/amandynesteropes.com\/","name":"Amandyne Steropes","description":"Artiste peintre fran\u00e7aise","publisher":{"@id":"https:\/\/amandynesteropes.com\/#organization"},"alternateName":"Amandyne Steropes","potentialAction":[{"@type":"SearchAction","target":{"@type":"EntryPoint","urlTemplate":"https:\/\/amandynesteropes.com\/?s={search_term_string}"},"query-input":{"@type":"PropertyValueSpecification","valueRequired":true,"valueName":"search_term_string"}}],"inLanguage":"en-US"},{"@type":"Organization","@id":"https:\/\/amandynesteropes.com\/#organization","name":"Amandyne Steropes","alternateName":"Amandyne Steropes","url":"https:\/\/amandynesteropes.com\/","logo":{"@type":"ImageObject","inLanguage":"en-US","@id":"https:\/\/amandynesteropes.com\/#\/schema\/logo\/image\/","url":"https:\/\/amandynesteropes.com\/wp-content\/uploads\/2022\/07\/logo_amandyne-01.png","contentUrl":"https:\/\/amandynesteropes.com\/wp-content\/uploads\/2022\/07\/logo_amandyne-01.png","width":2165,"height":3300,"caption":"Amandyne Steropes"},"image":{"@id":"https:\/\/amandynesteropes.com\/#\/schema\/logo\/image\/"},"sameAs":["https:\/\/www.facebook.com\/amandine.goitre","https:\/\/www.instagram.com\/amandyne_steropes\/","https:\/\/www.linkedin.com\/in\/amandyne-steropes\/"]}]}},"jetpack_sharing_enabled":true,"_links":{"self":[{"href":"https:\/\/amandynesteropes.com\/en\/wp-json\/wp\/v2\/product\/1427","targetHints":{"allow":["GET"]}}],"collection":[{"href":"https:\/\/amandynesteropes.com\/en\/wp-json\/wp\/v2\/product"}],"about":[{"href":"https:\/\/amandynesteropes.com\/en\/wp-json\/wp\/v2\/types\/product"}],"wp:featuredmedia":[{"embeddable":true,"href":"https:\/\/amandynesteropes.com\/en\/wp-json\/wp\/v2\/media\/1405"}],"wp:attachment":[{"href":"https:\/\/amandynesteropes.com\/en\/wp-json\/wp\/v2\/media?parent=1427"}],"wp:term":[{"taxonomy":"product_cat","embeddable":true,"href":"https:\/\/amandynesteropes.com\/en\/wp-json\/wp\/v2\/product_cat?post=1427"},{"taxonomy":"product_tag","embeddable":true,"href":"https:\/\/amandynesteropes.com\/en\/wp-json\/wp\/v2\/product_tag?post=1427"}],"curies":[{"name":"wp","href":"https:\/\/api.w.org\/{rel}","templated":true}]}}