{"id":1194,"date":"2022-08-28T15:02:51","date_gmt":"2022-08-28T15:02:51","guid":{"rendered":"https:\/\/amandynesteropes.live-website.com\/?post_type=product&#038;p=1194"},"modified":"2024-06-21T15:36:43","modified_gmt":"2024-06-21T15:36:43","slug":"lenergie-de-la-liberte","status":"publish","type":"product","link":"https:\/\/amandynesteropes.com\/en\/product\/lenergie-de-la-liberte\/","title":{"rendered":"L\u2019\u00c9NERGIE DE LA LIBERTE"},"content":{"rendered":"<p>Toile de lin mont\u00e9e sur ch\u00e2ssis, pr\u00eate \u00e0 \u00eatre accroch\u00e9e. Vendue avec certificat d\u2019authenticit\u00e9 et justificatif de cotation. Sa technique \u00e9vasive et po\u00e9tique s&rsquo;abandonne au gr\u00e9 du dessin, pour exp\u00e9rimenter les accidents de mati\u00e8re dans une d\u00e9marche qui fait confiance aux \u00e9l\u00e9ments. Le r\u00e9sultat r\u00e9invente un r\u00eave, \u00e0 la fronti\u00e8re du concret et de l&rsquo;improbable, de l&rsquo;in\u00e9dit et du d\u00e9sir\u00e9. Ses tableaux vibrent de sa passion pour les corps et leurs myst\u00e8res et la vie indomptable qui les met en mouvement.<\/p>","protected":false},"excerpt":{"rendered":"<p>Cette oeuvre est vendue. Vous appr\u00e9ciez cette oeuvre, l\u2019artiste peut r\u00e9pondre \u00e0 une commande personnalis\u00e9e.<\/p>\n<p class=\"p1\"><span class=\"s1\">ANN\u00c9E: 2022<\/span><\/p>\n<p class=\"p1\"><span class=\"s1\">TECHNIQUE : Technique mixte<\/span><\/p>\n<p class=\"p1\"><span class=\"s1\">SUPPORT: toile de lin mont\u00e9e sur ch\u00e2ssis<\/span><\/p>\n<p class=\"p1\"><span class=\"s1\">DIMENSIONS: 65 x 54 x 2 cm<\/span><\/p>\n<p class=\"p1\"><span class=\"s1\">CAT\u00c9GORIE: Animal<\/span><\/p>\n<p class=\"p1\"><span class=\"s1\">Oeuvre unique et sign\u00e9e \u00e0 la main, remise avec certificat d\u2019authenticit\u00e9 accompagn\u00e9e de son justificatif de cotation et facture.<\/span><\/p>","protected":false},"featured_media":1197,"template":"","meta":{"_et_pb_use_builder":"","_et_pb_old_content":"","_et_gb_content_width":""},"product_cat":[70,27],"product_tag":[],"class_list":["post-1194","product","type-product","status-publish","has-post-thumbnail","hentry","product_cat-les-animaux","product_cat-oeuvres-originales"],"yoast_head":"<!-- This site is optimized with the Yoast SEO plugin v27.4 - https:\/\/yoast.com\/product\/yoast-seo-wordpress\/ -->\n<title>L\u2019\u00c9NERGIE DE LA LIBERTE - Amandyne Steropes<\/title>\n<meta name=\"robots\" content=\"index, follow, max-snippet:-1, max-image-preview:large, max-video-preview:-1\" \/>\n<link rel=\"canonical\" href=\"https:\/\/amandynesteropes.com\/en\/product\/lenergie-de-la-liberte\/\" \/>\n<meta property=\"og:locale\" content=\"en_US\" \/>\n<meta property=\"og:type\" content=\"article\" \/>\n<meta property=\"og:title\" content=\"L\u2019\u00c9NERGIE DE LA LIBERTE - Amandyne Steropes\" \/>\n<meta property=\"og:description\" content=\"Cette oeuvre est vendue. Vous appr\u00e9ciez cette oeuvre, l\u2019artiste peut r\u00e9pondre \u00e0 une commande personnalis\u00e9e. ANN\u00c9E: 2022 TECHNIQUE : Technique mixte SUPPORT: toile de lin mont\u00e9e sur ch\u00e2ssis DIMENSIONS: 65 x 54 x 2 cm CAT\u00c9GORIE: Animal Oeuvre unique et sign\u00e9e \u00e0 la main, remise avec certificat d\u2019authenticit\u00e9 accompagn\u00e9e de son justificatif de cotation et facture.\" \/>\n<meta property=\"og:url\" content=\"https:\/\/amandynesteropes.com\/en\/product\/lenergie-de-la-liberte\/\" \/>\n<meta property=\"og:site_name\" content=\"Amandyne Steropes\" \/>\n<meta property=\"article:publisher\" content=\"https:\/\/www.facebook.com\/amandine.goitre\" \/>\n<meta property=\"article:modified_time\" content=\"2024-06-21T15:36:43+00:00\" \/>\n<meta property=\"og:image\" content=\"https:\/\/amandynesteropes.com\/wp-content\/uploads\/2022\/08\/35F0F839-A72E-43FE-8F0D-3DF5E06D19A9-scaled.jpeg\" \/>\n\t<meta property=\"og:image:width\" content=\"1920\" \/>\n\t<meta property=\"og:image:height\" content=\"2560\" \/>\n\t<meta property=\"og:image:type\" content=\"image\/jpeg\" \/>\n<meta name=\"twitter:card\" content=\"summary_large_image\" \/>\n<meta name=\"twitter:label1\" content=\"Est. reading time\" \/>\n\t<meta name=\"twitter:data1\" content=\"1 minute\" \/>\n<script type=\"application\/ld+json\" class=\"yoast-schema-graph\">{\"@context\":\"https:\\\/\\\/schema.org\",\"@graph\":[{\"@type\":\"WebPage\",\"@id\":\"https:\\\/\\\/amandynesteropes.com\\\/produit\\\/lenergie-de-la-liberte\\\/\",\"url\":\"https:\\\/\\\/amandynesteropes.com\\\/produit\\\/lenergie-de-la-liberte\\\/\",\"name\":\"L\u2019\u00c9NERGIE DE LA LIBERTE - Amandyne Steropes\",\"isPartOf\":{\"@id\":\"https:\\\/\\\/amandynesteropes.com\\\/#website\"},\"primaryImageOfPage\":{\"@id\":\"https:\\\/\\\/amandynesteropes.com\\\/produit\\\/lenergie-de-la-liberte\\\/#primaryimage\"},\"image\":{\"@id\":\"https:\\\/\\\/amandynesteropes.com\\\/produit\\\/lenergie-de-la-liberte\\\/#primaryimage\"},\"thumbnailUrl\":\"https:\\\/\\\/amandynesteropes.com\\\/wp-content\\\/uploads\\\/2022\\\/08\\\/35F0F839-A72E-43FE-8F0D-3DF5E06D19A9-scaled.jpeg\",\"datePublished\":\"2022-08-28T15:02:51+00:00\",\"dateModified\":\"2024-06-21T15:36:43+00:00\",\"breadcrumb\":{\"@id\":\"https:\\\/\\\/amandynesteropes.com\\\/produit\\\/lenergie-de-la-liberte\\\/#breadcrumb\"},\"inLanguage\":\"en-US\",\"potentialAction\":[{\"@type\":\"ReadAction\",\"target\":[\"https:\\\/\\\/amandynesteropes.com\\\/produit\\\/lenergie-de-la-liberte\\\/\"]}]},{\"@type\":\"ImageObject\",\"inLanguage\":\"en-US\",\"@id\":\"https:\\\/\\\/amandynesteropes.com\\\/produit\\\/lenergie-de-la-liberte\\\/#primaryimage\",\"url\":\"https:\\\/\\\/amandynesteropes.com\\\/wp-content\\\/uploads\\\/2022\\\/08\\\/35F0F839-A72E-43FE-8F0D-3DF5E06D19A9-scaled.jpeg\",\"contentUrl\":\"https:\\\/\\\/amandynesteropes.com\\\/wp-content\\\/uploads\\\/2022\\\/08\\\/35F0F839-A72E-43FE-8F0D-3DF5E06D19A9-scaled.jpeg\",\"width\":1920,\"height\":2560},{\"@type\":\"BreadcrumbList\",\"@id\":\"https:\\\/\\\/amandynesteropes.com\\\/produit\\\/lenergie-de-la-liberte\\\/#breadcrumb\",\"itemListElement\":[{\"@type\":\"ListItem\",\"position\":1,\"name\":\"Accueil\",\"item\":\"https:\\\/\\\/amandynesteropes.com\\\/\"},{\"@type\":\"ListItem\",\"position\":2,\"name\":\"Boutique\",\"item\":\"https:\\\/\\\/amandynesteropes.com\\\/boutique-amandyne-steropes-peintre\\\/\"},{\"@type\":\"ListItem\",\"position\":3,\"name\":\"L\u2019\u00c9NERGIE DE LA LIBERTE\"}]},{\"@type\":\"WebSite\",\"@id\":\"https:\\\/\\\/amandynesteropes.com\\\/#website\",\"url\":\"https:\\\/\\\/amandynesteropes.com\\\/\",\"name\":\"Amandyne Steropes\",\"description\":\"Artiste peintre fran\u00e7aise\",\"publisher\":{\"@id\":\"https:\\\/\\\/amandynesteropes.com\\\/#organization\"},\"alternateName\":\"Amandyne Steropes\",\"potentialAction\":[{\"@type\":\"SearchAction\",\"target\":{\"@type\":\"EntryPoint\",\"urlTemplate\":\"https:\\\/\\\/amandynesteropes.com\\\/?s={search_term_string}\"},\"query-input\":{\"@type\":\"PropertyValueSpecification\",\"valueRequired\":true,\"valueName\":\"search_term_string\"}}],\"inLanguage\":\"en-US\"},{\"@type\":\"Organization\",\"@id\":\"https:\\\/\\\/amandynesteropes.com\\\/#organization\",\"name\":\"Amandyne Steropes\",\"alternateName\":\"Amandyne Steropes\",\"url\":\"https:\\\/\\\/amandynesteropes.com\\\/\",\"logo\":{\"@type\":\"ImageObject\",\"inLanguage\":\"en-US\",\"@id\":\"https:\\\/\\\/amandynesteropes.com\\\/#\\\/schema\\\/logo\\\/image\\\/\",\"url\":\"https:\\\/\\\/amandynesteropes.com\\\/wp-content\\\/uploads\\\/2022\\\/07\\\/logo_amandyne-01.png\",\"contentUrl\":\"https:\\\/\\\/amandynesteropes.com\\\/wp-content\\\/uploads\\\/2022\\\/07\\\/logo_amandyne-01.png\",\"width\":2165,\"height\":3300,\"caption\":\"Amandyne Steropes\"},\"image\":{\"@id\":\"https:\\\/\\\/amandynesteropes.com\\\/#\\\/schema\\\/logo\\\/image\\\/\"},\"sameAs\":[\"https:\\\/\\\/www.facebook.com\\\/amandine.goitre\",\"https:\\\/\\\/www.instagram.com\\\/amandyne_steropes\\\/\",\"https:\\\/\\\/www.linkedin.com\\\/in\\\/amandyne-steropes\\\/\"]}]}<\/script>\n<!-- \/ Yoast SEO plugin. -->","yoast_head_json":{"title":"L\u2019\u00c9NERGIE DE LA LIBERTE - Amandyne Steropes","robots":{"index":"index","follow":"follow","max-snippet":"max-snippet:-1","max-image-preview":"max-image-preview:large","max-video-preview":"max-video-preview:-1"},"canonical":"https:\/\/amandynesteropes.com\/en\/product\/lenergie-de-la-liberte\/","og_locale":"en_US","og_type":"article","og_title":"L\u2019\u00c9NERGIE DE LA LIBERTE - Amandyne Steropes","og_description":"Cette oeuvre est vendue. Vous appr\u00e9ciez cette oeuvre, l\u2019artiste peut r\u00e9pondre \u00e0 une commande personnalis\u00e9e. ANN\u00c9E: 2022 TECHNIQUE : Technique mixte SUPPORT: toile de lin mont\u00e9e sur ch\u00e2ssis DIMENSIONS: 65 x 54 x 2 cm CAT\u00c9GORIE: Animal Oeuvre unique et sign\u00e9e \u00e0 la main, remise avec certificat d\u2019authenticit\u00e9 accompagn\u00e9e de son justificatif de cotation et facture.","og_url":"https:\/\/amandynesteropes.com\/en\/product\/lenergie-de-la-liberte\/","og_site_name":"Amandyne Steropes","article_publisher":"https:\/\/www.facebook.com\/amandine.goitre","article_modified_time":"2024-06-21T15:36:43+00:00","og_image":[{"width":1920,"height":2560,"url":"https:\/\/amandynesteropes.com\/wp-content\/uploads\/2022\/08\/35F0F839-A72E-43FE-8F0D-3DF5E06D19A9-scaled.jpeg","type":"image\/jpeg"}],"twitter_card":"summary_large_image","twitter_misc":{"Est. reading time":"1 minute"},"schema":{"@context":"https:\/\/schema.org","@graph":[{"@type":"WebPage","@id":"https:\/\/amandynesteropes.com\/produit\/lenergie-de-la-liberte\/","url":"https:\/\/amandynesteropes.com\/produit\/lenergie-de-la-liberte\/","name":"L\u2019\u00c9NERGIE DE LA LIBERTE - Amandyne Steropes","isPartOf":{"@id":"https:\/\/amandynesteropes.com\/#website"},"primaryImageOfPage":{"@id":"https:\/\/amandynesteropes.com\/produit\/lenergie-de-la-liberte\/#primaryimage"},"image":{"@id":"https:\/\/amandynesteropes.com\/produit\/lenergie-de-la-liberte\/#primaryimage"},"thumbnailUrl":"https:\/\/amandynesteropes.com\/wp-content\/uploads\/2022\/08\/35F0F839-A72E-43FE-8F0D-3DF5E06D19A9-scaled.jpeg","datePublished":"2022-08-28T15:02:51+00:00","dateModified":"2024-06-21T15:36:43+00:00","breadcrumb":{"@id":"https:\/\/amandynesteropes.com\/produit\/lenergie-de-la-liberte\/#breadcrumb"},"inLanguage":"en-US","potentialAction":[{"@type":"ReadAction","target":["https:\/\/amandynesteropes.com\/produit\/lenergie-de-la-liberte\/"]}]},{"@type":"ImageObject","inLanguage":"en-US","@id":"https:\/\/amandynesteropes.com\/produit\/lenergie-de-la-liberte\/#primaryimage","url":"https:\/\/amandynesteropes.com\/wp-content\/uploads\/2022\/08\/35F0F839-A72E-43FE-8F0D-3DF5E06D19A9-scaled.jpeg","contentUrl":"https:\/\/amandynesteropes.com\/wp-content\/uploads\/2022\/08\/35F0F839-A72E-43FE-8F0D-3DF5E06D19A9-scaled.jpeg","width":1920,"height":2560},{"@type":"BreadcrumbList","@id":"https:\/\/amandynesteropes.com\/produit\/lenergie-de-la-liberte\/#breadcrumb","itemListElement":[{"@type":"ListItem","position":1,"name":"Accueil","item":"https:\/\/amandynesteropes.com\/"},{"@type":"ListItem","position":2,"name":"Boutique","item":"https:\/\/amandynesteropes.com\/boutique-amandyne-steropes-peintre\/"},{"@type":"ListItem","position":3,"name":"L\u2019\u00c9NERGIE DE LA LIBERTE"}]},{"@type":"WebSite","@id":"https:\/\/amandynesteropes.com\/#website","url":"https:\/\/amandynesteropes.com\/","name":"Amandyne Steropes","description":"Artiste peintre fran\u00e7aise","publisher":{"@id":"https:\/\/amandynesteropes.com\/#organization"},"alternateName":"Amandyne Steropes","potentialAction":[{"@type":"SearchAction","target":{"@type":"EntryPoint","urlTemplate":"https:\/\/amandynesteropes.com\/?s={search_term_string}"},"query-input":{"@type":"PropertyValueSpecification","valueRequired":true,"valueName":"search_term_string"}}],"inLanguage":"en-US"},{"@type":"Organization","@id":"https:\/\/amandynesteropes.com\/#organization","name":"Amandyne Steropes","alternateName":"Amandyne Steropes","url":"https:\/\/amandynesteropes.com\/","logo":{"@type":"ImageObject","inLanguage":"en-US","@id":"https:\/\/amandynesteropes.com\/#\/schema\/logo\/image\/","url":"https:\/\/amandynesteropes.com\/wp-content\/uploads\/2022\/07\/logo_amandyne-01.png","contentUrl":"https:\/\/amandynesteropes.com\/wp-content\/uploads\/2022\/07\/logo_amandyne-01.png","width":2165,"height":3300,"caption":"Amandyne Steropes"},"image":{"@id":"https:\/\/amandynesteropes.com\/#\/schema\/logo\/image\/"},"sameAs":["https:\/\/www.facebook.com\/amandine.goitre","https:\/\/www.instagram.com\/amandyne_steropes\/","https:\/\/www.linkedin.com\/in\/amandyne-steropes\/"]}]}},"jetpack_sharing_enabled":true,"_links":{"self":[{"href":"https:\/\/amandynesteropes.com\/en\/wp-json\/wp\/v2\/product\/1194","targetHints":{"allow":["GET"]}}],"collection":[{"href":"https:\/\/amandynesteropes.com\/en\/wp-json\/wp\/v2\/product"}],"about":[{"href":"https:\/\/amandynesteropes.com\/en\/wp-json\/wp\/v2\/types\/product"}],"wp:featuredmedia":[{"embeddable":true,"href":"https:\/\/amandynesteropes.com\/en\/wp-json\/wp\/v2\/media\/1197"}],"wp:attachment":[{"href":"https:\/\/amandynesteropes.com\/en\/wp-json\/wp\/v2\/media?parent=1194"}],"wp:term":[{"taxonomy":"product_cat","embeddable":true,"href":"https:\/\/amandynesteropes.com\/en\/wp-json\/wp\/v2\/product_cat?post=1194"},{"taxonomy":"product_tag","embeddable":true,"href":"https:\/\/amandynesteropes.com\/en\/wp-json\/wp\/v2\/product_tag?post=1194"}],"curies":[{"name":"wp","href":"https:\/\/api.w.org\/{rel}","templated":true}]}}