{"id":1617,"date":"2022-09-02T12:57:30","date_gmt":"2022-09-02T12:57:30","guid":{"rendered":"https:\/\/amandynesteropes.com\/?page_id=1617"},"modified":"2022-09-05T18:32:45","modified_gmt":"2022-09-05T18:32:45","slug":"mentions-legales","status":"publish","type":"page","link":"https:\/\/amandynesteropes.com\/en\/mentions-legales\/","title":{"rendered":"Mentions l\u00e9gales"},"content":{"rendered":"<p>[et_pb_section fb_built=\u00a0\u00bb1&Prime; _builder_version=\u00a0\u00bb4.17.5&Prime; _module_preset=\u00a0\u00bbdefault\u00a0\u00bb global_colors_info=\u00a0\u00bb{}\u00a0\u00bb][et_pb_row _builder_version=\u00a0\u00bb4.17.5&Prime; _module_preset=\u00a0\u00bbdefault\u00a0\u00bb global_colors_info=\u00a0\u00bb{}\u00a0\u00bb][et_pb_column type=\u00a0\u00bb4_4&Prime; _builder_version=\u00a0\u00bb4.17.5&Prime; _module_preset=\u00a0\u00bbdefault\u00a0\u00bb global_colors_info=\u00a0\u00bb{}\u00a0\u00bb][et_pb_text _builder_version=\u00a0\u00bb4.18.0&Prime; _module_preset=\u00a0\u00bbdefault\u00a0\u00bb header_font=\u00a0\u00bb|||on|||||\u00a0\u00bb hover_enabled=\u00a0\u00bb0&Prime; global_colors_info=\u00a0\u00bb{}\u00a0\u00bb sticky_enabled=\u00a0\u00bb0&Prime;]<\/p>\n<h1><strong>Mentions l\u00e9gales<\/strong><strong><\/strong><\/h1>\n<div class=\"ff-el-group  ff-custom_html\" data-name=\"custom_html-4_12\">\n<h2><span id=\"lwptoc20\">1 &#8211; \u00c9dition du site<\/span><\/h2>\n<p>En vertu de<span>\u00a0<\/span><a href=\"https:\/\/www.legifrance.gouv.fr\/affichTexte.do?cidTexte=JORFTEXT000000801164#LEGIARTI000042038977\" target=\"_blank\" rel=\"noreferrer noopener\">l&rsquo;article 6 de la loi n\u00b0 2004-575 du 21 juin 2004<\/a><span>\u00a0<\/span>pour la confiance dans l&rsquo;\u00e9conomie num\u00e9rique, il est pr\u00e9cis\u00e9 aux utilisateurs du site internet<span>\u00a0<\/span><strong><span class=\"ff_dynamic_value\" data-ref=\"url\" data-fallback=\"\">https:\/\/amandynesteropes.com<\/span><\/strong><\/p>\n<p><strong>Propri\u00e9taire du site :<span>\u00a0<\/span><\/strong><span class=\"ff_dynamic_value\" data-ref=\"nom_proprietaire\" data-fallback=\"\">amandyne steropes<\/span><span>\u00a0<\/span>&#8211; Contact :<span>\u00a0<\/span><span class=\"ff_dynamic_value\" data-ref=\"e_mail_contact\" data-fallback=\"\">steropes@gmail.com<\/span><span>\u00a0<\/span><span class=\"ff_dynamic_value\" data-ref=\"telephone\" data-fallback=\"\"><\/span>&#8211; Adresse :<span>\u00a0<\/span><span class=\"ff_dynamic_value\" data-ref=\"adresse_postale\" data-fallback=\"\">Amandyne Sterop\u00eas, 30 rue du cardinal lemoine, 75005 PARIS<\/span>.<\/p>\n<p><strong>Identification de l&rsquo;entreprise :<\/strong><span>\u00a0<\/span><span class=\"ff_dynamic_value\" data-ref=\"forme_juridique\" data-fallback=\"\"><\/span><span class=\"ff_dynamic_value\" data-ref=\"nom_proprietaire\" data-fallback=\"\">amandyne steropes<\/span><span>\u00a0<\/span>au capital social de<span>\u00a0<\/span><span class=\"ff_dynamic_value\" data-ref=\"capital_social\" data-fallback=\"\"><\/span>\u20ac &#8211; SIREN :<span>\u00a0<\/span><span class=\"ff_dynamic_value\" data-ref=\"siren\" data-fallback=\"\"><\/span>&#8211; RCS ou RM :<span>\u00a0<\/span><span class=\"ff_dynamic_value\" data-ref=\"rcs\" data-fallback=\"\"><\/span>&#8211; Adresse postale :<span>\u00a0<\/span><span class=\"ff_dynamic_value\" data-ref=\"adresse_postale\" data-fallback=\"\">Amandyne Sterop\u00eas, 30 rue du cardinal lemoine, 75005 PARIS<\/span><span>\u00a0<\/span>&#8211;<span>\u00a0<\/span><span class=\"ff_dynamic_value\" data-ref=\"cgv\" data-fallback=\"\">https:\/\/amandynesteropes.com\/conditions-generales-de-vente\/<\/span><span>\u00a0<\/span><\/p>\n<p><strong>Directeur de la publication :<span>\u00a0<\/span><\/strong><span class=\"ff_dynamic_value\" data-ref=\"directeur_publication\" data-fallback=\"\">amandyn steropes<\/span><span>\u00a0<\/span>&#8211; Contact :<span>\u00a0<\/span><span class=\"ff_dynamic_value\" data-ref=\"contact_directeur\" data-fallback=\"\">steropes@gmail.com<\/span>.<\/p>\n<p><strong>H\u00e9bergeur :<\/strong><span>\u00a0<\/span><span class=\"ff_dynamic_value\" data-ref=\"hebergeur\" data-fallback=\"\">1&amp;1 \/ IONOS &#8211; 7 Place de la Gare &#8211; 57200 Sarreguemines &#8211; T\u00e9l\u00e9phone : 09.70.80.89.11<\/span><span class=\"ff_dynamic_value\" data-ref=\"nom_hebergeur\" data-fallback=\"\"><\/span><span class=\"ff_dynamic_value\" data-ref=\"adresse_hebergeur\" data-fallback=\"\"><\/span><span class=\"ff_dynamic_value\" data-ref=\"telephone_hebergeur\" data-fallback=\"\"><\/span><\/p>\n<p><strong>D\u00e9l\u00e9gu\u00e9 \u00e0 la protection des donn\u00e9es :<span>\u00a0<\/span><\/strong><span class=\"ff_dynamic_value\" data-ref=\"dpo\" data-fallback=\"\">amandyne steropes<\/span><span>\u00a0<\/span>&#8211;<span>\u00a0<\/span><span class=\"ff_dynamic_value\" data-ref=\"contact_dpo\" data-fallback=\"\">steropes@gmail.com<\/span><\/p>\n<p><strong>Autres contributeurs :<\/strong><span>\u00a0<\/span><span class=\"ff_dynamic_value\" data-ref=\"autres_contributeurs\" data-fallback=\"\">L&rsquo;Annexe Cr\u00e9ative | Photos r\u00e9alis\u00e9s par SirBlondin<\/span><\/p>\n<hr class=\"wp-block-separator\" \/>\n<h2><span id=\"lwptoc21\">2 &#8211; Propri\u00e9t\u00e9 intellectuelle et contrefa\u00e7ons.<\/span><\/h2>\n<p><strong><span class=\"ff_dynamic_value\" data-ref=\"nom_proprietaire\" data-fallback=\"\">amandyne steropes<\/span><\/strong><span>\u00a0<\/span>est propri\u00e9taire des droits de propri\u00e9t\u00e9 intellectuelle et d\u00e9tient les droits d\u2019usage sur tous les \u00e9l\u00e9ments accessibles sur le site internet, notamment les textes, images, graphismes, logos, vid\u00e9os, architecture, ic\u00f4nes et sons.<\/p>\n<p>Toute reproduction, repr\u00e9sentation, modification, publication, adaptation de tout ou partie des \u00e9l\u00e9ments du site, quel que soit le moyen ou le proc\u00e9d\u00e9 utilis\u00e9, est interdite, sauf autorisation \u00e9crite pr\u00e9alable de<span>\u00a0<\/span><strong><span class=\"ff_dynamic_value\" data-ref=\"nom_proprietaire\" data-fallback=\"\">amandyne steropes<\/span><\/strong>.<\/p>\n<p>Toute exploitation non autoris\u00e9e du site ou de l\u2019un quelconque des \u00e9l\u00e9ments qu\u2019il contient sera consid\u00e9r\u00e9e comme constitutive d\u2019une contrefa\u00e7on et poursuivie conform\u00e9ment aux dispositions des articles<span>\u00a0<\/span><a href=\"https:\/\/www.legifrance.gouv.fr\/affichCodeArticle.do?idArticle=LEGIARTI000032655082&amp;cidTexte=LEGITEXT000006069414&amp;dateTexte=20160605\" target=\"_blank\" rel=\"noreferrer nofollow noopener\">L.335-2 et suivants du Code de Propri\u00e9t\u00e9 Intellectuelle<\/a>.<\/p>\n<hr class=\"wp-block-separator\" \/>\n<h2><span id=\"lwptoc22\">3 &#8211; Limitations de responsabilit\u00e9.<\/span><\/h2>\n<p><strong><span class=\"ff_dynamic_value\" data-ref=\"nom_proprietaire\" data-fallback=\"\">amandyne steropes<\/span><\/strong><span>\u00a0<\/span>ne pourra \u00eatre tenu pour responsable des dommages directs et indirects caus\u00e9s au mat\u00e9riel de l\u2019utilisateur, lors de l\u2019acc\u00e8s au site<span>\u00a0<\/span><strong><span class=\"ff_dynamic_value\" data-ref=\"url\" data-fallback=\"\">https:\/\/amandynesteropes.com\/<\/span><\/strong>.<\/p>\n<p><strong><span class=\"ff_dynamic_value\" data-ref=\"nom_proprietaire\" data-fallback=\"\">amandyne steropes<\/span><\/strong><span>\u00a0<\/span>d\u00e9cline toute responsabilit\u00e9 quant \u00e0 l\u2019utilisation qui pourrait \u00eatre faite des informations et contenus pr\u00e9sents sur<span>\u00a0<\/span><strong><span class=\"ff_dynamic_value\" data-ref=\"url\" data-fallback=\"\">https:\/\/amandynesteropes.com\/<\/span><\/strong>.<\/p>\n<p><strong><span class=\"ff_dynamic_value\" data-ref=\"nom_proprietaire\" data-fallback=\"\">amandyne steropes<\/span><\/strong><span>\u00a0<\/span>s\u2019engage \u00e0 s\u00e9curiser au mieux le site<span>\u00a0<\/span><strong><span class=\"ff_dynamic_value\" data-ref=\"url\" data-fallback=\"\">https:\/\/amandynesteropes.com\/<\/span><\/strong>, cependant sa responsabilit\u00e9 ne pourra \u00eatre mise en cause si des donn\u00e9es ind\u00e9sirables sont import\u00e9es et install\u00e9es sur son site \u00e0 son insu.<\/p>\n<p>Des espaces interactifs (espace contact ou commentaires) sont \u00e0 la disposition des utilisateurs.<span>\u00a0<\/span><strong><span class=\"ff_dynamic_value\" data-ref=\"nom_proprietaire\" data-fallback=\"\">amandyne steropes<\/span><\/strong><span>\u00a0<\/span>se r\u00e9serve le droit de supprimer, sans mise en demeure pr\u00e9alable, tout contenu d\u00e9pos\u00e9 dans cet espace qui contreviendrait \u00e0 la l\u00e9gislation applicable en France, en particulier aux dispositions relatives \u00e0 la protection des donn\u00e9es.<\/p>\n<p>Le cas \u00e9ch\u00e9ant,<span>\u00a0<\/span><strong><span class=\"ff_dynamic_value\" data-ref=\"nom_proprietaire\" data-fallback=\"\">amandyne steropes<\/span><\/strong><span>\u00a0<\/span>se r\u00e9serve \u00e9galement la possibilit\u00e9 de mettre en cause la responsabilit\u00e9 civile et\/ou p\u00e9nale de l\u2019utilisateur, notamment en cas de message \u00e0 caract\u00e8re raciste, injurieux, diffamant, ou pornographique, quel que soit le support utilis\u00e9 (texte, photographie \u2026).<\/p>\n<hr class=\"wp-block-separator\" \/>\n<h2><span id=\"lwptoc23\">4 &#8211; CNIL et gestion des donn\u00e9es personnelles.<\/span><\/h2>\n<p>Conform\u00e9ment aux dispositions de<span>\u00a0<\/span><a href=\"https:\/\/www.legifrance.gouv.fr\/affichTexte.do?cidTexte=JORFTEXT000000886460\" target=\"_blank\" rel=\"noreferrer nofollow noopener\">la loi 78-17 du 6 janvier 1978 modifi\u00e9e<\/a>, l\u2019utilisateur du site<span>\u00a0<\/span><strong><span class=\"ff_dynamic_value\" data-ref=\"url\" data-fallback=\"\">https:\/\/amandynesteropes.com\/<\/span><\/strong><span>\u00a0<\/span>dispose d\u2019un droit d\u2019acc\u00e8s, de modification et de suppression des informations collect\u00e9es. Pour exercer ce droit, envoyez un message \u00e0 notre D\u00e9l\u00e9gu\u00e9 \u00e0 la Protection des Donn\u00e9es :<span>\u00a0<\/span><strong><span class=\"ff_dynamic_value\" data-ref=\"dpo\" data-fallback=\"\">amandyne steropes<\/span><\/strong><span>\u00a0<\/span>&#8211;<span>\u00a0<\/span><strong><span class=\"ff_dynamic_value\" data-ref=\"contact_dpo\" data-fallback=\"\">steropes@gmail.com<\/span><\/strong>.<\/p>\n<p>Pour plus d&rsquo;informations sur la fa\u00e7on dont nous traitons vos donn\u00e9es (type de donn\u00e9es, finalit\u00e9, destinataire&#8230;), lisez notre<span>\u00a0<\/span><strong><span class=\"ff_dynamic_value\" data-ref=\"politique_confidentialite\" data-fallback=\"\">https:\/\/amandynesteropes.com\/privacy-policy\/<\/span><\/strong>.<span>\u00a0<\/span><\/p>\n<hr class=\"wp-block-separator\" \/>\n<h2><span id=\"lwptoc24\">5 &#8211; Liens hypertextes et cookies<\/span><\/h2>\n<p>Le site<span>\u00a0<\/span><strong><span class=\"ff_dynamic_value\" data-ref=\"url\" data-fallback=\"\">https:\/\/amandynesteropes.com\/<\/span><\/strong><span>\u00a0<\/span>contient des liens hypertextes vers d\u2019autres sites et d\u00e9gage toute responsabilit\u00e9 \u00e0 propos de ces liens externes ou des liens cr\u00e9\u00e9s par d\u2019autres sites vers<span>\u00a0<\/span><strong><span class=\"ff_dynamic_value\" data-ref=\"url\" data-fallback=\"\">https:\/\/amandynesteropes.com\/<\/span><\/strong>.<\/p>\n<p>La navigation sur le site<span>\u00a0<\/span><strong><span class=\"ff_dynamic_value\" data-ref=\"url\" data-fallback=\"\">https:\/\/amandynesteropes.com\/<\/span><\/strong><span>\u00a0<\/span>est susceptible de provoquer l\u2019installation de cookie(s) sur l\u2019ordinateur de l\u2019utilisateur.<\/p>\n<p>Un \u00ab\u00a0cookie\u00a0\u00bb est un fichier de petite taille qui enregistre des informations relatives \u00e0 la navigation d\u2019un utilisateur sur un site. Les donn\u00e9es ainsi obtenues permettent d&rsquo;obtenir des mesures de fr\u00e9quentation, par exemple.<\/p>\n<p>Vous avez la possibilit\u00e9<span>\u00a0<\/span><strong>d\u2019accepter ou de refuser les cookies<\/strong><span>\u00a0<\/span>en modifiant les param\u00e8tres de votre navigateur. Aucun cookie ne sera d\u00e9pos\u00e9 sans votre consentement.<\/p>\n<p>Les cookies sont enregistr\u00e9s pour une dur\u00e9e maximale de<span>\u00a0<\/span><span class=\"ff_dynamic_value\" data-ref=\"cookies\" data-fallback=\"\"><\/span>mois.<\/p>\n<p>Pour plus d&rsquo;informations sur la fa\u00e7on dont nous faisons usage des cookies, lisez notre<span>\u00a0<\/span><strong><span class=\"ff_dynamic_value\" data-ref=\"politique_confidentialite\" data-fallback=\"\">https:\/\/amandynesteropes.com\/privacy-policy\/<\/span><\/strong>.<span>\u00a0<\/span><\/p>\n<hr class=\"wp-block-separator\" \/>\n<h2><span id=\"lwptoc25\">6 &#8211; Droit applicable et attribution de juridiction.<\/span><\/h2>\n<p>Tout litige en relation avec l\u2019utilisation du site<span>\u00a0<\/span><strong><span class=\"ff_dynamic_value\" data-ref=\"url\" data-fallback=\"\">https:\/\/amandynesteropes.com\/<\/span><\/strong><span>\u00a0<\/span>est soumis au droit fran\u00e7ais. En dehors des cas o\u00f9 la loi ne le permet pas, il est fait attribution exclusive de juridiction aux tribunaux comp\u00e9tents de<span>\u00a0<\/span><strong><span class=\"ff_dynamic_value\" data-ref=\"ville_du_tribunal\" data-fallback=\"\">paris<\/span><\/strong>.<\/p>\n<div class=\"wp-block-spacer\" aria-hidden=\"true\"><\/div>\n<\/div>\n<p>[\/et_pb_text][\/et_pb_column][\/et_pb_row][\/et_pb_section]<\/p>","protected":false},"excerpt":{"rendered":"<p>Mentions l\u00e9gales 1 &#8211; \u00c9dition du site En vertu de\u00a0l&rsquo;article 6 de la loi n\u00b0 2004-575 du 21 juin 2004\u00a0pour la confiance dans l&rsquo;\u00e9conomie num\u00e9rique, il est pr\u00e9cis\u00e9 aux utilisateurs du site internet\u00a0https:\/\/amandynesteropes.com Propri\u00e9taire du site :\u00a0amandyne steropes\u00a0&#8211; Contact :\u00a0steropes@gmail.com\u00a0&#8211; Adresse :\u00a0Amandyne Sterop\u00eas, 30 rue du cardinal lemoine, 75005 PARIS. Identification de l&rsquo;entreprise :\u00a0amandyne steropes\u00a0au [&hellip;]<\/p>","protected":false},"author":1,"featured_media":0,"parent":0,"menu_order":0,"comment_status":"closed","ping_status":"closed","template":"","meta":{"_et_pb_use_builder":"on","_et_pb_old_content":"<!-- wp:divi\/placeholder \/-->","_et_gb_content_width":"","footnotes":""},"class_list":["post-1617","page","type-page","status-publish","hentry"],"yoast_head":"<!-- This site is optimized with the Yoast SEO plugin v27.4 - https:\/\/yoast.com\/product\/yoast-seo-wordpress\/ -->\n<title>Mentions l\u00e9gales - Amandyne Steropes<\/title>\n<meta name=\"robots\" content=\"index, follow, max-snippet:-1, max-image-preview:large, max-video-preview:-1\" \/>\n<link rel=\"canonical\" href=\"https:\/\/amandynesteropes.com\/en\/mentions-legales\/\" \/>\n<meta property=\"og:locale\" content=\"en_US\" \/>\n<meta property=\"og:type\" content=\"article\" \/>\n<meta property=\"og:title\" content=\"Mentions l\u00e9gales - Amandyne Steropes\" \/>\n<meta property=\"og:description\" content=\"Mentions l\u00e9gales 1 - \u00c9dition du site En vertu de\u00a0l&#039;article 6 de la loi n\u00b0 2004-575 du 21 juin 2004\u00a0pour la confiance dans l&#039;\u00e9conomie num\u00e9rique, il est pr\u00e9cis\u00e9 aux utilisateurs du site internet\u00a0https:\/\/amandynesteropes.com Propri\u00e9taire du site :\u00a0amandyne steropes\u00a0- Contact :\u00a0steropes@gmail.com\u00a0- Adresse :\u00a0Amandyne Sterop\u00eas, 30 rue du cardinal lemoine, 75005 PARIS. Identification de l&#039;entreprise :\u00a0amandyne steropes\u00a0au [&hellip;]\" \/>\n<meta property=\"og:url\" content=\"https:\/\/amandynesteropes.com\/en\/mentions-legales\/\" \/>\n<meta property=\"og:site_name\" content=\"Amandyne Steropes\" \/>\n<meta property=\"article:publisher\" content=\"https:\/\/www.facebook.com\/amandine.goitre\" \/>\n<meta property=\"article:modified_time\" content=\"2022-09-05T18:32:45+00:00\" \/>\n<meta property=\"og:image\" content=\"https:\/\/amandynesteropes.com\/wp-content\/uploads\/2022\/08\/LEntre-Deux-2-scaled.jpg\" \/>\n\t<meta property=\"og:image:width\" content=\"1706\" \/>\n\t<meta property=\"og:image:height\" content=\"2560\" \/>\n\t<meta property=\"og:image:type\" content=\"image\/jpeg\" \/>\n<meta name=\"twitter:card\" content=\"summary_large_image\" \/>\n<script type=\"application\/ld+json\" class=\"yoast-schema-graph\">{\"@context\":\"https:\\\/\\\/schema.org\",\"@graph\":[{\"@type\":\"WebPage\",\"@id\":\"https:\\\/\\\/amandynesteropes.com\\\/mentions-legales\\\/\",\"url\":\"https:\\\/\\\/amandynesteropes.com\\\/mentions-legales\\\/\",\"name\":\"Mentions l\u00e9gales - Amandyne Steropes\",\"isPartOf\":{\"@id\":\"https:\\\/\\\/amandynesteropes.com\\\/#website\"},\"datePublished\":\"2022-09-02T12:57:30+00:00\",\"dateModified\":\"2022-09-05T18:32:45+00:00\",\"breadcrumb\":{\"@id\":\"https:\\\/\\\/amandynesteropes.com\\\/mentions-legales\\\/#breadcrumb\"},\"inLanguage\":\"en-US\",\"potentialAction\":[{\"@type\":\"ReadAction\",\"target\":[\"https:\\\/\\\/amandynesteropes.com\\\/mentions-legales\\\/\"]}]},{\"@type\":\"BreadcrumbList\",\"@id\":\"https:\\\/\\\/amandynesteropes.com\\\/mentions-legales\\\/#breadcrumb\",\"itemListElement\":[{\"@type\":\"ListItem\",\"position\":1,\"name\":\"Accueil\",\"item\":\"https:\\\/\\\/amandynesteropes.com\\\/\"},{\"@type\":\"ListItem\",\"position\":2,\"name\":\"Mentions l\u00e9gales\"}]},{\"@type\":\"WebSite\",\"@id\":\"https:\\\/\\\/amandynesteropes.com\\\/#website\",\"url\":\"https:\\\/\\\/amandynesteropes.com\\\/\",\"name\":\"Amandyne Steropes\",\"description\":\"Artiste peintre fran\u00e7aise\",\"publisher\":{\"@id\":\"https:\\\/\\\/amandynesteropes.com\\\/#organization\"},\"alternateName\":\"Amandyne Steropes\",\"potentialAction\":[{\"@type\":\"SearchAction\",\"target\":{\"@type\":\"EntryPoint\",\"urlTemplate\":\"https:\\\/\\\/amandynesteropes.com\\\/?s={search_term_string}\"},\"query-input\":{\"@type\":\"PropertyValueSpecification\",\"valueRequired\":true,\"valueName\":\"search_term_string\"}}],\"inLanguage\":\"en-US\"},{\"@type\":\"Organization\",\"@id\":\"https:\\\/\\\/amandynesteropes.com\\\/#organization\",\"name\":\"Amandyne Steropes\",\"alternateName\":\"Amandyne Steropes\",\"url\":\"https:\\\/\\\/amandynesteropes.com\\\/\",\"logo\":{\"@type\":\"ImageObject\",\"inLanguage\":\"en-US\",\"@id\":\"https:\\\/\\\/amandynesteropes.com\\\/#\\\/schema\\\/logo\\\/image\\\/\",\"url\":\"https:\\\/\\\/amandynesteropes.com\\\/wp-content\\\/uploads\\\/2022\\\/07\\\/logo_amandyne-01.png\",\"contentUrl\":\"https:\\\/\\\/amandynesteropes.com\\\/wp-content\\\/uploads\\\/2022\\\/07\\\/logo_amandyne-01.png\",\"width\":2165,\"height\":3300,\"caption\":\"Amandyne Steropes\"},\"image\":{\"@id\":\"https:\\\/\\\/amandynesteropes.com\\\/#\\\/schema\\\/logo\\\/image\\\/\"},\"sameAs\":[\"https:\\\/\\\/www.facebook.com\\\/amandine.goitre\",\"https:\\\/\\\/www.instagram.com\\\/amandyne_steropes\\\/\",\"https:\\\/\\\/www.linkedin.com\\\/in\\\/amandyne-steropes\\\/\"]}]}<\/script>\n<!-- \/ Yoast SEO plugin. -->","yoast_head_json":{"title":"Mentions l\u00e9gales - Amandyne Steropes","robots":{"index":"index","follow":"follow","max-snippet":"max-snippet:-1","max-image-preview":"max-image-preview:large","max-video-preview":"max-video-preview:-1"},"canonical":"https:\/\/amandynesteropes.com\/en\/mentions-legales\/","og_locale":"en_US","og_type":"article","og_title":"Mentions l\u00e9gales - Amandyne Steropes","og_description":"Mentions l\u00e9gales 1 - \u00c9dition du site En vertu de\u00a0l'article 6 de la loi n\u00b0 2004-575 du 21 juin 2004\u00a0pour la confiance dans l'\u00e9conomie num\u00e9rique, il est pr\u00e9cis\u00e9 aux utilisateurs du site internet\u00a0https:\/\/amandynesteropes.com Propri\u00e9taire du site :\u00a0amandyne steropes\u00a0- Contact :\u00a0steropes@gmail.com\u00a0- Adresse :\u00a0Amandyne Sterop\u00eas, 30 rue du cardinal lemoine, 75005 PARIS. Identification de l'entreprise :\u00a0amandyne steropes\u00a0au [&hellip;]","og_url":"https:\/\/amandynesteropes.com\/en\/mentions-legales\/","og_site_name":"Amandyne Steropes","article_publisher":"https:\/\/www.facebook.com\/amandine.goitre","article_modified_time":"2022-09-05T18:32:45+00:00","og_image":[{"width":1706,"height":2560,"url":"https:\/\/amandynesteropes.com\/wp-content\/uploads\/2022\/08\/LEntre-Deux-2-scaled.jpg","type":"image\/jpeg"}],"twitter_card":"summary_large_image","schema":{"@context":"https:\/\/schema.org","@graph":[{"@type":"WebPage","@id":"https:\/\/amandynesteropes.com\/mentions-legales\/","url":"https:\/\/amandynesteropes.com\/mentions-legales\/","name":"Mentions l\u00e9gales - Amandyne Steropes","isPartOf":{"@id":"https:\/\/amandynesteropes.com\/#website"},"datePublished":"2022-09-02T12:57:30+00:00","dateModified":"2022-09-05T18:32:45+00:00","breadcrumb":{"@id":"https:\/\/amandynesteropes.com\/mentions-legales\/#breadcrumb"},"inLanguage":"en-US","potentialAction":[{"@type":"ReadAction","target":["https:\/\/amandynesteropes.com\/mentions-legales\/"]}]},{"@type":"BreadcrumbList","@id":"https:\/\/amandynesteropes.com\/mentions-legales\/#breadcrumb","itemListElement":[{"@type":"ListItem","position":1,"name":"Accueil","item":"https:\/\/amandynesteropes.com\/"},{"@type":"ListItem","position":2,"name":"Mentions l\u00e9gales"}]},{"@type":"WebSite","@id":"https:\/\/amandynesteropes.com\/#website","url":"https:\/\/amandynesteropes.com\/","name":"Amandyne Steropes","description":"Artiste peintre fran\u00e7aise","publisher":{"@id":"https:\/\/amandynesteropes.com\/#organization"},"alternateName":"Amandyne Steropes","potentialAction":[{"@type":"SearchAction","target":{"@type":"EntryPoint","urlTemplate":"https:\/\/amandynesteropes.com\/?s={search_term_string}"},"query-input":{"@type":"PropertyValueSpecification","valueRequired":true,"valueName":"search_term_string"}}],"inLanguage":"en-US"},{"@type":"Organization","@id":"https:\/\/amandynesteropes.com\/#organization","name":"Amandyne Steropes","alternateName":"Amandyne Steropes","url":"https:\/\/amandynesteropes.com\/","logo":{"@type":"ImageObject","inLanguage":"en-US","@id":"https:\/\/amandynesteropes.com\/#\/schema\/logo\/image\/","url":"https:\/\/amandynesteropes.com\/wp-content\/uploads\/2022\/07\/logo_amandyne-01.png","contentUrl":"https:\/\/amandynesteropes.com\/wp-content\/uploads\/2022\/07\/logo_amandyne-01.png","width":2165,"height":3300,"caption":"Amandyne Steropes"},"image":{"@id":"https:\/\/amandynesteropes.com\/#\/schema\/logo\/image\/"},"sameAs":["https:\/\/www.facebook.com\/amandine.goitre","https:\/\/www.instagram.com\/amandyne_steropes\/","https:\/\/www.linkedin.com\/in\/amandyne-steropes\/"]}]}},"jetpack_sharing_enabled":true,"_links":{"self":[{"href":"https:\/\/amandynesteropes.com\/en\/wp-json\/wp\/v2\/pages\/1617","targetHints":{"allow":["GET"]}}],"collection":[{"href":"https:\/\/amandynesteropes.com\/en\/wp-json\/wp\/v2\/pages"}],"about":[{"href":"https:\/\/amandynesteropes.com\/en\/wp-json\/wp\/v2\/types\/page"}],"author":[{"embeddable":true,"href":"https:\/\/amandynesteropes.com\/en\/wp-json\/wp\/v2\/users\/1"}],"replies":[{"embeddable":true,"href":"https:\/\/amandynesteropes.com\/en\/wp-json\/wp\/v2\/comments?post=1617"}],"version-history":[{"count":4,"href":"https:\/\/amandynesteropes.com\/en\/wp-json\/wp\/v2\/pages\/1617\/revisions"}],"predecessor-version":[{"id":1687,"href":"https:\/\/amandynesteropes.com\/en\/wp-json\/wp\/v2\/pages\/1617\/revisions\/1687"}],"wp:attachment":[{"href":"https:\/\/amandynesteropes.com\/en\/wp-json\/wp\/v2\/media?parent=1617"}],"curies":[{"name":"wp","href":"https:\/\/api.w.org\/{rel}","templated":true}]}}